{"id":2282,"date":"2013-09-18T18:17:16","date_gmt":"2013-09-18T18:17:16","guid":{"rendered":"http:\/\/www.dbplusacoustics.com\/dbplus-tecnologia-acustica-2\/"},"modified":"2017-11-04T19:12:10","modified_gmt":"2017-11-04T19:12:10","slug":"tecnologia-acustica","status":"publish","type":"page","link":"https:\/\/www.dbplusacoustics.com\/ca\/tecnologia-acustica\/","title":{"rendered":"Tecnologia"},"content":{"rendered":"<p><img loading=\"lazy\" decoding=\"async\" class=\"alignright size-full wp-image-1788\" src=\"http:\/\/www.dbplusacoustics.com\/wp-content\/uploads\/2013\/09\/monitor.png\" alt=\"monitor\" width=\"640\" height=\"607\" srcset=\"https:\/\/www.dbplusacoustics.com\/wp-content\/uploads\/2013\/09\/monitor.png 640w, https:\/\/www.dbplusacoustics.com\/wp-content\/uploads\/2013\/09\/monitor-300x284.png 300w\" sizes=\"auto, (max-width: 640px) 100vw, 640px\" \/>En <strong>dBplus consultors ac\u00fastics<\/strong> disposem de la tecnologia necess\u00e0ria per avaluar amb precisi\u00f3 qualsevol problema ac\u00fastic. Per aix\u00f2, el nostre Departament d&#8217;Enginyeria est\u00e0 format per un equip altament qualificat que, mitjan\u00e7ant l&#8217;\u00fas d&#8217;eines tecnol\u00f2giques d&#8217;\u00faltima generaci\u00f3, ofereix solucions personalitzades i adaptades a les necessitats particulars de cadascun dels nostres clients.<\/p>\n<p>&nbsp;<\/p>\n<h4 class=\"m_title\">Predicci\u00f3 i simulaci\u00f3 del comportament del so en un recinte<\/h4>\n<p style=\"text-align: justify;\"><strong>En dBplus consultors ac\u00fastics<\/strong> disposem de software espec\u00edfic per a la simulaci\u00f3 i predicci\u00f3 del comportament del so en l&#8217;interior d&#8217;un recinte. Per a aix\u00f2, caracteritzem els focus de soroll existents mitjan\u00e7ant mesuraments o dades t\u00e8cniques contrastades i introdu\u00efm en l&#8217;aplicaci\u00f3 les caracter\u00edstiques geom\u00e8triques de la sala i dels materials que la conformen. A partir d&#8217;aquestes dades, s&#8217;obtenen mapes sonors de l&#8217;interior de l&#8217;espai estudiat, aix\u00ed com els par\u00e0metres que defineixen la qualitat ac\u00fastica de la sala (com per exemple reverberaci\u00f3 , intel\u2022ligibilitat , definici\u00f3 o claredat). Sobre aquests models s&#8217;assagen mesures correctores en funci\u00f3 de les necessitats del client, ja siguin solucions reductores de soroll o materials que millorin la qualitat ac\u00fastica del recinte.<\/p>\n<p>&nbsp;<\/p>\n<p style=\"text-align: justify;\"><strong>dBplus consultors ac\u00fastics<\/strong> \u00e9s una empresa pionera en la realitzaci\u00f3 de models de predicci\u00f3 ac\u00fastica en recintes industrials aplicats a la protecci\u00f3 del treballador davant els riscos derivats de l&#8217;exposici\u00f3 al soroll. Utilitzem aplicacions d&#8217;\u00faltima generaci\u00f3 per donar respostes a les diferents situacions d&#8217;exc\u00e9s de soroll que poden donar-se en una ind\u00fastria, creant mapes sonors que reflecteixen fidelment tant la situaci\u00f3 d&#8217;exposici\u00f3 existent en un inici com la previsi\u00f3 de millora despr\u00e9s de l&#8217;execuci\u00f3 d&#8217;una soluci\u00f3 determinada.<\/p>\n<h4 class=\"m_title\">An\u00e0lisi i processat de mesures de soroll ambiental<\/h4>\n<p style=\"text-align: justify;\"><strong>dBplus consultores ac\u00fastics<\/strong> disposa de la m\u00e9s moderna tecnologia de mesura, an\u00e0lisi i processament de dades existent en el mercat per garantir la fiabilitat i qualitat dels controls ac\u00fastics que realitza. Mitjan\u00e7ant aplicacions espec\u00edfiques, es processen les dades obtingudes en mesuraments per obtenir par\u00e0metres que reflecteixin fidelment la situaci\u00f3 estudiada, pot eliminar sorolls aleatoris no desitjats o caracteritzar mitjan\u00e7ant mesures de llarga durada fonts de soroll intermitents en el temps, entre moltes altres funcions.<\/p>\n<p style=\"text-align: justify;\">Tots els equips de mesura compleixen la legislaci\u00f3 vigent, les verificacions peri\u00f2diques i amb els criteris establerts en l&#8217;Ordre Ministerial, de 16 de Desembre de 1998, del Ministeri de Foment (BOE 311 de 29\/12\/1998) i en l&#8217;Ordre del 30 de juny de 1999, del Departament d&#8217;Ind\u00fastria, Comer\u00e7 i Turisme (DOGC 2928, de 12\/07\/1999).<\/p>\n","protected":false},"excerpt":{"rendered":"<p>En dBplus consultors ac\u00fastics disposem de la tecnologia necess\u00e0ria per avaluar amb precisi\u00f3 qualsevol problema ac\u00fastic. Per aix\u00f2, el nostre Departament d&#8217;Enginyeria est\u00e0 format per un equip altament qualificat que, mitjan\u00e7ant l&#8217;\u00fas d&#8217;eines tecnol\u00f2giques d&#8217;\u00faltima generaci\u00f3, ofereix solucions personalitzades i adaptades a les necessitats particulars de cadascun dels nostres clients. &nbsp; Predicci\u00f3 i simulaci\u00f3 del<\/p>\n","protected":false},"author":1,"featured_media":0,"parent":0,"menu_order":21,"comment_status":"closed","ping_status":"closed","template":"","meta":{"footnotes":""},"class_list":["post-2282","page","type-page","status-publish","hentry"],"_links":{"self":[{"href":"https:\/\/www.dbplusacoustics.com\/ca\/wp-json\/wp\/v2\/pages\/2282","targetHints":{"allow":["GET"]}}],"collection":[{"href":"https:\/\/www.dbplusacoustics.com\/ca\/wp-json\/wp\/v2\/pages"}],"about":[{"href":"https:\/\/www.dbplusacoustics.com\/ca\/wp-json\/wp\/v2\/types\/page"}],"author":[{"embeddable":true,"href":"https:\/\/www.dbplusacoustics.com\/ca\/wp-json\/wp\/v2\/users\/1"}],"replies":[{"embeddable":true,"href":"https:\/\/www.dbplusacoustics.com\/ca\/wp-json\/wp\/v2\/comments?post=2282"}],"version-history":[{"count":4,"href":"https:\/\/www.dbplusacoustics.com\/ca\/wp-json\/wp\/v2\/pages\/2282\/revisions"}],"predecessor-version":[{"id":3193,"href":"https:\/\/www.dbplusacoustics.com\/ca\/wp-json\/wp\/v2\/pages\/2282\/revisions\/3193"}],"wp:attachment":[{"href":"https:\/\/www.dbplusacoustics.com\/ca\/wp-json\/wp\/v2\/media?parent=2282"}],"curies":[{"name":"wp","href":"https:\/\/api.w.org\/{rel}","templated":true}]}}