{"id":2285,"date":"2013-02-02T12:25:15","date_gmt":"2013-02-02T12:25:15","guid":{"rendered":"http:\/\/www.dbplusacoustics.com\/dbplus-consultores-acusticos-2\/"},"modified":"2018-03-15T10:31:21","modified_gmt":"2018-03-15T10:31:21","slug":"dbplus-consultors-acustics","status":"publish","type":"page","link":"https:\/\/www.dbplusacoustics.com\/ca\/dbplus-consultors-acustics\/","title":{"rendered":"dBplus"},"content":{"rendered":"<h2 class=\"subtitle page-subtitle\"> Benvingut a dBplus acoustics <\/h2>\n<p>&nbsp;<\/p>\n<div id=\"skills_diagram\" class=\"hidden-xs\"><div class=\"legend\"><h4>Legend:<\/h4><ul class=\"skills\"><li data-percent=\"95\" style=\"background-color:#bd921a;\"> Insonoritzaci\u00f3<\/li>\n<li data-percent=\"90\" style=\"background-color:#ab8e49;\"> Consultoria<\/li>\n<li data-percent=\"80\" style=\"background-color:#938155;\"> Especialistes<\/li>\n<li data-percent=\"53\" style=\"background-color:#59564d;\"> Temes legals<\/li>\n<li data-percent=\"45\" style=\"background-color:#201815;\"> Projectes musicals<\/li><\/ul><!-- end the skills --><\/div><div id=\"thediagram\"\n\t\t\t\t\t\t\tdata-width=\"600\"\n\t\t\t\t\t\t\tdata-height=\"600\"\n\t\t\t\t\t\t\tdata-maincolor=\"#eacc1b\"\n\t\t\t\t\t\t\tdata-maintext=\"DBPLUS\"\n\t\t\t\t\t\t\tdata-fontsize=\"20px Arial\"\n\t\t\t\t\t\t\tdata-textcolor=\"#000000\"><\/div><\/div><!-- end skills diagram -->\n<p style=\"text-align: justify;\"><img loading=\"lazy\" decoding=\"async\" class=\"size-medium wp-image-1774 alignleft\" src=\"http:\/\/www.dbplusacoustics.com\/wp-content\/uploads\/2013\/02\/logo-300x204.jpg\" alt=\"logo\" width=\"300\" height=\"204\" srcset=\"https:\/\/www.dbplusacoustics.com\/wp-content\/uploads\/2013\/02\/logo-300x204.jpg 300w, https:\/\/www.dbplusacoustics.com\/wp-content\/uploads\/2013\/02\/logo.jpg 355w\" sizes=\"auto, (max-width: 300px) 100vw, 300px\" \/><strong> dBplus consultors ac\u00fastics <\/strong> \u00e9s una enginyeria ac\u00fastica que conforma una empresa jove i din\u00e0mica, amb una gran capacitat d&#8217;aportaci\u00f3 de solucions causa de l&#8217;alta formaci\u00f3 dels seus integrants ia la disposici\u00f3 de la millor tecnologia per poder satisfer les exig\u00e8ncies del mercat actual, aspectes que li confereixen una gran projecci\u00f3 en cadascun dels \u00e0mbits en qu\u00e8 est\u00e0 especialitzada.<\/p>\n<p>En <strong> dBplus <\/strong> disposem de la tecnologia necess\u00e0ria per avaluar amb precisi\u00f3 qualsevol problema ac\u00fastic. Per aix\u00f2 comptem amb un equip altament qualificat que ofereix <em> solucions personalitzades i adaptades a les necessitats dels nostres clients en tots els \u00e0mbits relacionats amb l&#8217;ac\u00fastica, el soroll i les vibracions. <\/em><\/p>\n<div class=\"lead\">Els nostres serveis estan dirigits a activitats, ind\u00fastries, arquitectes i enginyers, institucions, empreses privades i organismes p\u00fablics, oferint serveis de consultoria, investigaci\u00f3 i execuci\u00f3.<\/div>\n<p>Intervenim en totes les fases del projecte: Mesuraments ac\u00fastics d&#8217;avaluaci\u00f3 inicial, disseny de solucions, instal\u00b7laci\u00f3 integral realitzada pel nostre equip altament especialitzat, seguiment d&#8217;execuci\u00f3 d&#8217;obra i mesuraments finals de certificaci\u00f3, facilitant aix\u00ed el proc\u00e9s i donant al client una soluci\u00f3 &#8220;clau en m\u00e0 &#8220;que li permeti reduir significativament el cost.<\/p>\n<p>dBplus centra la seva activitat principalment en els seg\u00fcents camps de l&#8217;ac\u00fastica: Control de soroll i vibracions, condicionament ac\u00fastic de recintes, a\u00efllament ac\u00fastic i vibratori, legalitzaci\u00f3 d&#8217;activitats, ac\u00fastica ambiental i reducci\u00f3 de soroll en la ind\u00fastria.<\/p>\n<p><strong>\u00a0<h4 class=\"m_title text-custom\"> Insonoritzaci\u00f3n professional<\/h4><\/strong><\/p>\n\n<ul class=\"list-style1\">\n<li>Mesura del soroll i de la vibraci\u00f3.<\/li>\n<li>A\u00efllament i Condicionament ac\u00fastic.<\/li>\n<li>Ac\u00fastica Industrial.<\/li>\n<li>Ac\u00fastica Mediambiental.<\/li>\n<li>Instal\u00b7laci\u00f3 especialitzada.<\/li>\n<\/ul>\n\n<p>&nbsp;<\/p>\n<p style=\"text-align: justify;\"><blockquote class=\"\"><p> Solucions clau en m\u00e0: estalvia temps i diners contractant el disseny i l&#8217;execuci\u00f3 integral.<\/p><small>Carles Xavier Pons - Company CEO<\/small><\/blockquote>\n","protected":false},"excerpt":{"rendered":"<p>&nbsp; dBplus consultors ac\u00fastics \u00e9s una enginyeria ac\u00fastica que conforma una empresa jove i din\u00e0mica, amb una gran capacitat d&#8217;aportaci\u00f3 de solucions causa de l&#8217;alta formaci\u00f3 dels seus integrants ia la disposici\u00f3 de la millor tecnologia per poder satisfer les exig\u00e8ncies del mercat actual, aspectes que li confereixen una gran projecci\u00f3 en cadascun dels \u00e0mbits<\/p>\n","protected":false},"author":1,"featured_media":0,"parent":0,"menu_order":13,"comment_status":"closed","ping_status":"closed","template":"","meta":{"footnotes":""},"class_list":["post-2285","page","type-page","status-publish","hentry"],"_links":{"self":[{"href":"https:\/\/www.dbplusacoustics.com\/ca\/wp-json\/wp\/v2\/pages\/2285","targetHints":{"allow":["GET"]}}],"collection":[{"href":"https:\/\/www.dbplusacoustics.com\/ca\/wp-json\/wp\/v2\/pages"}],"about":[{"href":"https:\/\/www.dbplusacoustics.com\/ca\/wp-json\/wp\/v2\/types\/page"}],"author":[{"embeddable":true,"href":"https:\/\/www.dbplusacoustics.com\/ca\/wp-json\/wp\/v2\/users\/1"}],"replies":[{"embeddable":true,"href":"https:\/\/www.dbplusacoustics.com\/ca\/wp-json\/wp\/v2\/comments?post=2285"}],"version-history":[{"count":6,"href":"https:\/\/www.dbplusacoustics.com\/ca\/wp-json\/wp\/v2\/pages\/2285\/revisions"}],"predecessor-version":[{"id":4252,"href":"https:\/\/www.dbplusacoustics.com\/ca\/wp-json\/wp\/v2\/pages\/2285\/revisions\/4252"}],"wp:attachment":[{"href":"https:\/\/www.dbplusacoustics.com\/ca\/wp-json\/wp\/v2\/media?parent=2285"}],"curies":[{"name":"wp","href":"https:\/\/api.w.org\/{rel}","templated":true}]}}