{"id":2286,"date":"2013-09-18T18:29:32","date_gmt":"2013-09-18T18:29:32","guid":{"rendered":"http:\/\/www.dbplusacoustics.com\/dbplus-consultores-acusticos\/formacion-acustica-barcelona\/"},"modified":"2016-02-01T16:31:29","modified_gmt":"2016-02-01T16:31:29","slug":"formacio-acustica","status":"publish","type":"page","link":"https:\/\/www.dbplusacoustics.com\/ca\/formacio-acustica\/","title":{"rendered":"Formaci\u00f3 ac\u00fastica"},"content":{"rendered":"<h2 class=\"subtitle page-subtitle\"><b>dBplus<\/b>: en constant contacte amb el m\u00f3n de la doc\u00e8ncia i la investigaci\u00f3<\/h2>\n<p><strong>dBplus consultors ac\u00fastics<\/strong> participa activament en cursos de formaci\u00f3 post-universit\u00e0ria en el camp de l&#8217;ac\u00fastica per enginyers i arquitectes, formant part en l&#8217;actualitat de l&#8217;equip docent dels seg\u00fcents programes educatius:<\/p>\n<ul>\n<li>\n<h4><span class=\"lead\">Co-direcci\u00f3 del Postgrau en Ac\u00fastica Ambiental PAM &#8211; Universitat Ramon Llull \/ La Salle<\/span><\/h4>\n<\/li>\n<li>\n<h4><span class=\"lead\">Professorat del M\u00e1ster en Ac\u00fastica Arquitect\u00f3nica y Medioambiental &#8211; Universidad Ram\u00f3n Llull \/ La Salle.<\/span><\/h4>\n<\/li>\n<\/ul>\n<p>dBplus ofereix cursos de formaci\u00f3 per empreses, aut\u00f2noms, t\u00e8cnics d&#8217;ajuntament, professionals en els sectors de l&#8217;edificaci\u00f3, del medi Ambient&#8230; que vulguin formar-se en el camp de l&#8217;ac\u00fastica. Cursos espec\u00edfics adaptats a les necessitats particulars de cada client en els que s&#8217;inclou:<\/p>\n<ul>\n<li>Conceptes d&#8217;ac\u00fastica.<\/li>\n<li>Exig\u00e8ncies normatives aplicables en cada sector.<\/li>\n<li>Sistemes de meusra de soroll i vibracions.<\/li>\n<li>Consells en instal\u00b7lacions ac\u00fastiques.<\/li>\n<\/ul>\n<p>&nbsp;<\/p>\n<p>Uneix-te als cursos realitzats pels nostres experts i adquireix la formaci\u00f3 ac\u00fastica que necessites per triomfar en el marcat laboral. Si est\u00e0s interessat en realitzar algun curs<strong> <a href=\"http:\/\/www.dbplusacoustics.com\/contacta-insonoritzacio-barcelona\/\" target=\"_blank\">Pregunta &#8216;ns.<\/a><\/strong><\/p>\n<p>&nbsp;<\/p>\n<p>Si est\u00e0s interessat en el camp de l&#8217;ac\u00fastica arquitect\u00f2nica i mediambiental, segueix els continguts al nostre\u00a0<strong><a href=\"http:\/\/www.dbplusacoustics.com\/blog\/\" target=\"_blank\">blog<\/a><\/strong>.<\/p>\n<p>&nbsp;<\/p>\n<p>&nbsp;<\/p>\n","protected":false},"excerpt":{"rendered":"<p>dBplus consultors ac\u00fastics participa activament en cursos de formaci\u00f3 post-universit\u00e0ria en el camp de l&#8217;ac\u00fastica per enginyers i arquitectes, formant part en l&#8217;actualitat de l&#8217;equip docent dels seg\u00fcents programes educatius: Co-direcci\u00f3 del Postgrau en Ac\u00fastica Ambiental PAM &#8211; Universitat Ramon Llull \/ La Salle Professorat del M\u00e1ster en Ac\u00fastica Arquitect\u00f3nica y Medioambiental &#8211; Universidad Ram\u00f3n<\/p>\n","protected":false},"author":1,"featured_media":0,"parent":0,"menu_order":32,"comment_status":"closed","ping_status":"closed","template":"","meta":{"footnotes":""},"class_list":["post-2286","page","type-page","status-publish","hentry"],"_links":{"self":[{"href":"https:\/\/www.dbplusacoustics.com\/ca\/wp-json\/wp\/v2\/pages\/2286","targetHints":{"allow":["GET"]}}],"collection":[{"href":"https:\/\/www.dbplusacoustics.com\/ca\/wp-json\/wp\/v2\/pages"}],"about":[{"href":"https:\/\/www.dbplusacoustics.com\/ca\/wp-json\/wp\/v2\/types\/page"}],"author":[{"embeddable":true,"href":"https:\/\/www.dbplusacoustics.com\/ca\/wp-json\/wp\/v2\/users\/1"}],"replies":[{"embeddable":true,"href":"https:\/\/www.dbplusacoustics.com\/ca\/wp-json\/wp\/v2\/comments?post=2286"}],"version-history":[{"count":6,"href":"https:\/\/www.dbplusacoustics.com\/ca\/wp-json\/wp\/v2\/pages\/2286\/revisions"}],"predecessor-version":[{"id":3577,"href":"https:\/\/www.dbplusacoustics.com\/ca\/wp-json\/wp\/v2\/pages\/2286\/revisions\/3577"}],"wp:attachment":[{"href":"https:\/\/www.dbplusacoustics.com\/ca\/wp-json\/wp\/v2\/media?parent=2286"}],"curies":[{"name":"wp","href":"https:\/\/api.w.org\/{rel}","templated":true}]}}