{"id":2289,"date":"2013-02-08T16:25:13","date_gmt":"2013-02-08T16:25:13","guid":{"rendered":"http:\/\/www.dbplusacoustics.com\/servicios-acustica-2\/"},"modified":"2017-11-04T19:12:07","modified_gmt":"2017-11-04T19:12:07","slug":"serveis-acustica","status":"publish","type":"page","link":"https:\/\/www.dbplusacoustics.com\/ca\/serveis-acustica\/","title":{"rendered":"Serveis d&#8217;ac\u00fastica"},"content":{"rendered":"<p>&nbsp;<\/p>\n<h4 class=\"lead\">A<strong>\u00a0dBplus consultors ac\u00fastics<\/strong> disposem de la tecnologia i l&#8217;equip hum\u00e0 necessari per donar soluci\u00f3 a qualsevol problema ac\u00fastic. Intervenim en totes les fases de projecte, des de les mesures inicials, passant pel disseny de solucions, la seva execuci\u00f3 i acabant amb la certificaci\u00f3 final.<\/h4>\n<h4 class=\"lead\">D&#8217;aquesta manera, garantim als nostres clients el compliment dels objectius plantejats amb la m\u00ednima inversi\u00f3 necess\u00e0ria.<\/h4>\n","protected":false},"excerpt":{"rendered":"<p>&nbsp; A\u00a0dBplus consultors ac\u00fastics disposem de la tecnologia i l&#8217;equip hum\u00e0 necessari per donar soluci\u00f3 a qualsevol problema ac\u00fastic. Intervenim en totes les fases de projecte, des de les mesures inicials, passant pel disseny de solucions, la seva execuci\u00f3 i acabant amb la certificaci\u00f3 final. D&#8217;aquesta manera, garantim als nostres clients el compliment dels objectius<\/p>\n","protected":false},"author":1,"featured_media":0,"parent":0,"menu_order":17,"comment_status":"closed","ping_status":"closed","template":"","meta":{"footnotes":""},"class_list":["post-2289","page","type-page","status-publish","hentry"],"_links":{"self":[{"href":"https:\/\/www.dbplusacoustics.com\/ca\/wp-json\/wp\/v2\/pages\/2289","targetHints":{"allow":["GET"]}}],"collection":[{"href":"https:\/\/www.dbplusacoustics.com\/ca\/wp-json\/wp\/v2\/pages"}],"about":[{"href":"https:\/\/www.dbplusacoustics.com\/ca\/wp-json\/wp\/v2\/types\/page"}],"author":[{"embeddable":true,"href":"https:\/\/www.dbplusacoustics.com\/ca\/wp-json\/wp\/v2\/users\/1"}],"replies":[{"embeddable":true,"href":"https:\/\/www.dbplusacoustics.com\/ca\/wp-json\/wp\/v2\/comments?post=2289"}],"version-history":[{"count":6,"href":"https:\/\/www.dbplusacoustics.com\/ca\/wp-json\/wp\/v2\/pages\/2289\/revisions"}],"predecessor-version":[{"id":3959,"href":"https:\/\/www.dbplusacoustics.com\/ca\/wp-json\/wp\/v2\/pages\/2289\/revisions\/3959"}],"wp:attachment":[{"href":"https:\/\/www.dbplusacoustics.com\/ca\/wp-json\/wp\/v2\/media?parent=2289"}],"curies":[{"name":"wp","href":"https:\/\/api.w.org\/{rel}","templated":true}]}}