{"id":2292,"date":"2013-09-18T10:21:07","date_gmt":"2013-09-18T10:21:07","guid":{"rendered":"http:\/\/www.dbplusacoustics.com\/servicios-acustica\/insonorizacion-acustica-industrial\/"},"modified":"2017-11-04T19:12:20","modified_gmt":"2017-11-04T19:12:20","slug":"acustica-industrial","status":"publish","type":"page","link":"https:\/\/www.dbplusacoustics.com\/ca\/acustica-industrial\/","title":{"rendered":"Ac\u00fastica industrial"},"content":{"rendered":"<h3 class=\"lead\"><a href=\"http:\/\/www.dbplusacoustics.com\/wp-content\/uploads\/2013\/09\/Luxury-Gold.jpg\"><img loading=\"lazy\" decoding=\"async\" class=\"alignright wp-image-2708 size-medium\" src=\"http:\/\/www.dbplusacoustics.com\/wp-content\/uploads\/2013\/09\/Luxury-Gold-300x208.jpg\" alt=\"\" width=\"300\" height=\"208\" srcset=\"https:\/\/www.dbplusacoustics.com\/wp-content\/uploads\/2013\/09\/Luxury-Gold-300x208.jpg 300w, https:\/\/www.dbplusacoustics.com\/wp-content\/uploads\/2013\/09\/Luxury-Gold-1024x712.jpg 1024w\" sizes=\"auto, (max-width: 300px) 100vw, 300px\" \/><\/a><\/h3>\n<h3 class=\"lead\">Ens encarreguem del disseny i execuci\u00f3 de solucions especifiques per la ind\u00fastria<\/h3>\n<p>dBplus consultors ac\u00fastics disposa de la tecnologia adequada i d&#8217;un equip hum\u00e0 preparat per dissenyar i executar qualsevol soluci\u00f3 en el camp de <strong>de l&#8217;ac\u00fastica industrial<\/strong>. Realitzem qualsevol actuaci\u00f3 relacionada amb el soroll en la industria, des de avaluacions normatives o tractaments de reducci\u00f3 de soroll fins la protecci\u00f3 del treballador davant el soroll o projectes d&#8217;impacte ac\u00fastic per l&#8217;obtenci\u00f3 o modificaci\u00f3 de la llic\u00e8ncia.<br \/>\nDesenvolupem els projectes de forma integral, incloent les mesures sonom\u00e8triques que s&#8217;estimen necess\u00e0ries, el disseny preliminar mitjan\u00e7ant l&#8217;\u00fas de software i tecnologia d&#8217;\u00faltima generaci\u00f3, la instal\u00b7laci\u00f3 amb operaris especialitzats i la certificaci\u00f3 final. Les nostres solucions es dissenyen a mida per satisfer les necessitats particulars de cada client i, mitjan\u00e7ant el nostre equip d&#8217;instal\u00b7lacions altament qualificats, garantim el compliment dels objectius plantejats a l&#8217;inici del projecte.<\/p>\n","protected":false},"excerpt":{"rendered":"<p>Ens encarreguem del disseny i execuci\u00f3 de solucions especifiques per la ind\u00fastria dBplus consultors ac\u00fastics disposa de la tecnologia adequada i d&#8217;un equip hum\u00e0 preparat per dissenyar i executar qualsevol soluci\u00f3 en el camp de de l&#8217;ac\u00fastica industrial. Realitzem qualsevol actuaci\u00f3 relacionada amb el soroll en la industria, des de avaluacions normatives o tractaments de<\/p>\n","protected":false},"author":1,"featured_media":1635,"parent":0,"menu_order":6,"comment_status":"closed","ping_status":"closed","template":"","meta":{"footnotes":""},"class_list":["post-2292","page","type-page","status-publish","has-post-thumbnail","hentry"],"_links":{"self":[{"href":"https:\/\/www.dbplusacoustics.com\/ca\/wp-json\/wp\/v2\/pages\/2292","targetHints":{"allow":["GET"]}}],"collection":[{"href":"https:\/\/www.dbplusacoustics.com\/ca\/wp-json\/wp\/v2\/pages"}],"about":[{"href":"https:\/\/www.dbplusacoustics.com\/ca\/wp-json\/wp\/v2\/types\/page"}],"author":[{"embeddable":true,"href":"https:\/\/www.dbplusacoustics.com\/ca\/wp-json\/wp\/v2\/users\/1"}],"replies":[{"embeddable":true,"href":"https:\/\/www.dbplusacoustics.com\/ca\/wp-json\/wp\/v2\/comments?post=2292"}],"version-history":[{"count":2,"href":"https:\/\/www.dbplusacoustics.com\/ca\/wp-json\/wp\/v2\/pages\/2292\/revisions"}],"predecessor-version":[{"id":3181,"href":"https:\/\/www.dbplusacoustics.com\/ca\/wp-json\/wp\/v2\/pages\/2292\/revisions\/3181"}],"wp:featuredmedia":[{"embeddable":true,"href":"https:\/\/www.dbplusacoustics.com\/ca\/wp-json\/wp\/v2\/media\/1635"}],"wp:attachment":[{"href":"https:\/\/www.dbplusacoustics.com\/ca\/wp-json\/wp\/v2\/media?parent=2292"}],"curies":[{"name":"wp","href":"https:\/\/api.w.org\/{rel}","templated":true}]}}