{"id":2295,"date":"2013-10-13T11:34:04","date_gmt":"2013-10-13T11:34:04","guid":{"rendered":"http:\/\/www.dbplusacoustics.com\/servicios-acustica\/insonorizacion-acustica-industrial\/legalizaciones-proyectos-acusticos\/"},"modified":"2015-10-22T16:10:07","modified_gmt":"2015-10-22T16:10:07","slug":"projectes-acustics","status":"publish","type":"page","link":"https:\/\/www.dbplusacoustics.com\/ca\/projectes-acustics\/","title":{"rendered":"Projectes ac\u00fastics"},"content":{"rendered":"<h4 class=\"lead\">dBplus realitza projectes per ind\u00fastries, infraestructures i activitats, apostant per un an\u00e0lisi de qualitat, que permet minimitzar les solucions plantejades, reduint d&#8217;aquesta manera la inversi\u00f3 econ\u00f2mica final.<\/h4>\n<p>L&#8217;avaluaci\u00f3 de l&#8217;impacte ac\u00fastic d&#8217;una activitat o instal\u2022laci\u00f3 industrial \u00e9s un requeriment obligatori per l&#8217;obtenci\u00f3 de la llic\u00e8ncia de funcionament i l&#8217;aprovaci\u00f3 de l&#8217;autoritzaci\u00f3 ambiental. Mitjan\u00e7ant aquest tipus de projecte es determina la incid\u00e8ncia del soroll generat per una ind\u00fastria sobre els receptors sensibles al soroll m\u00e9s propers.<\/p>\n<p>dBplus consultors ac\u00fastics realitza les actuacions necess\u00e0ries per determinar l&#8217;impacte del soroll generat per una activitat industrial, partint de la caracteritzaci\u00f3 dels focus de soroll existents (basada en normatives ISO), determinant les caracter\u00edstiques de propagaci\u00f3 mitjan\u00e7ant l&#8217;\u00fas d&#8217;eines especialitzades, dissenyant les solucions espec\u00edfiques que requereixi la situaci\u00f3 i realitzant la certificaci\u00f3 final de compliment d&#8217;objectius d&#8217;acord a les normatives d&#8217;aplicaci\u00f3. Aquest tipus d&#8217;estudis tamb\u00e9 \u00e9s de gran utilitat per predir l&#8217;impacte futur provocat per qualsevol canvi o modificaci\u00f3 en el sistema de funcionament de la ind\u00fastria, obtenint un model de predicci\u00f3 actualitzable en funci\u00f3 dels requeriments del client.<\/p>\n<h4 class=\"lead\">dBplus consultors ac\u00fastics gestiona el projecte complet de forma integral, incloent els tr\u00e0mits administratius: Estalvi\u00ef temps i diners amb garantia total de resultats.<\/h4>\n","protected":false},"excerpt":{"rendered":"<p>dBplus realitza projectes per ind\u00fastries, infraestructures i activitats, apostant per un an\u00e0lisi de qualitat, que permet minimitzar les solucions plantejades, reduint d&#8217;aquesta manera la inversi\u00f3 econ\u00f2mica final. L&#8217;avaluaci\u00f3 de l&#8217;impacte ac\u00fastic d&#8217;una activitat o instal\u2022laci\u00f3 industrial \u00e9s un requeriment obligatori per l&#8217;obtenci\u00f3 de la llic\u00e8ncia de funcionament i l&#8217;aprovaci\u00f3 de l&#8217;autoritzaci\u00f3 ambiental. Mitjan\u00e7ant aquest tipus<\/p>\n","protected":false},"author":1,"featured_media":0,"parent":0,"menu_order":11,"comment_status":"closed","ping_status":"closed","template":"","meta":{"footnotes":""},"class_list":["post-2295","page","type-page","status-publish","hentry"],"_links":{"self":[{"href":"https:\/\/www.dbplusacoustics.com\/ca\/wp-json\/wp\/v2\/pages\/2295","targetHints":{"allow":["GET"]}}],"collection":[{"href":"https:\/\/www.dbplusacoustics.com\/ca\/wp-json\/wp\/v2\/pages"}],"about":[{"href":"https:\/\/www.dbplusacoustics.com\/ca\/wp-json\/wp\/v2\/types\/page"}],"author":[{"embeddable":true,"href":"https:\/\/www.dbplusacoustics.com\/ca\/wp-json\/wp\/v2\/users\/1"}],"replies":[{"embeddable":true,"href":"https:\/\/www.dbplusacoustics.com\/ca\/wp-json\/wp\/v2\/comments?post=2295"}],"version-history":[{"count":3,"href":"https:\/\/www.dbplusacoustics.com\/ca\/wp-json\/wp\/v2\/pages\/2295\/revisions"}],"predecessor-version":[{"id":2296,"href":"https:\/\/www.dbplusacoustics.com\/ca\/wp-json\/wp\/v2\/pages\/2295\/revisions\/2296"}],"wp:attachment":[{"href":"https:\/\/www.dbplusacoustics.com\/ca\/wp-json\/wp\/v2\/media?parent=2295"}],"curies":[{"name":"wp","href":"https:\/\/api.w.org\/{rel}","templated":true}]}}