{"id":2301,"date":"2013-09-30T10:41:32","date_gmt":"2013-09-30T10:41:32","guid":{"rendered":"http:\/\/www.dbplusacoustics.com\/servicios-acustica\/acustica-medioambiental\/pantallas-cerramientos\/"},"modified":"2015-10-27T09:27:58","modified_gmt":"2015-10-27T09:27:58","slug":"pantalles-acustiques-barreres","status":"publish","type":"page","link":"https:\/\/www.dbplusacoustics.com\/ca\/pantalles-acustiques-barreres\/","title":{"rendered":"Pantalles i barreres ac\u00fastiques"},"content":{"rendered":"<h4 class=\"lead\"><strong>A\u00a0dBplus consultors ac\u00fastics<\/strong> realitzem pantalles i tancaments dissenyats a mesura segons les necessitats del client i les caracter\u00edstiques del focus de soroll a tractar. Els nostres dissenys abasten des de barreres per obstaculitzar la propagaci\u00f3 del soroll en ambient exterior i interior fins a tancaments complets per maquin\u00e0ria industrial, sistemes el\u00e8ctrics o sistemes de clima, entre altres.<\/h4>\n<p>&nbsp;<\/p>\n<p>Totes les solucions aportades per <strong>dBplus consultors ac\u00fastics<\/strong> contemplen les necessitats particulars de l&#8217;activitat, intentant no alterar el sistema de producci\u00f3 i evitant generar nous riscos pel treballador. Els materials utilitzats compleixen amb els requisits necessaris per activitats industrials, essent, a m\u00e9s d&#8217;ac\u00fasticament efectius, resistents al pas del temps, f\u00e0cilment rentables i certificats mitjan\u00e7ant els m\u00e9s alts est\u00e0ndards mediambientals.<\/p>\n","protected":false},"excerpt":{"rendered":"<p>A\u00a0dBplus consultors ac\u00fastics realitzem pantalles i tancaments dissenyats a mesura segons les necessitats del client i les caracter\u00edstiques del focus de soroll a tractar. Els nostres dissenys abasten des de barreres per obstaculitzar la propagaci\u00f3 del soroll en ambient exterior i interior fins a tancaments complets per maquin\u00e0ria industrial, sistemes el\u00e8ctrics o sistemes de clima,<\/p>\n","protected":false},"author":1,"featured_media":0,"parent":0,"menu_order":12,"comment_status":"closed","ping_status":"open","template":"","meta":{"footnotes":""},"class_list":["post-2301","page","type-page","status-publish","hentry"],"_links":{"self":[{"href":"https:\/\/www.dbplusacoustics.com\/ca\/wp-json\/wp\/v2\/pages\/2301","targetHints":{"allow":["GET"]}}],"collection":[{"href":"https:\/\/www.dbplusacoustics.com\/ca\/wp-json\/wp\/v2\/pages"}],"about":[{"href":"https:\/\/www.dbplusacoustics.com\/ca\/wp-json\/wp\/v2\/types\/page"}],"author":[{"embeddable":true,"href":"https:\/\/www.dbplusacoustics.com\/ca\/wp-json\/wp\/v2\/users\/1"}],"replies":[{"embeddable":true,"href":"https:\/\/www.dbplusacoustics.com\/ca\/wp-json\/wp\/v2\/comments?post=2301"}],"version-history":[{"count":4,"href":"https:\/\/www.dbplusacoustics.com\/ca\/wp-json\/wp\/v2\/pages\/2301\/revisions"}],"predecessor-version":[{"id":3168,"href":"https:\/\/www.dbplusacoustics.com\/ca\/wp-json\/wp\/v2\/pages\/2301\/revisions\/3168"}],"wp:attachment":[{"href":"https:\/\/www.dbplusacoustics.com\/ca\/wp-json\/wp\/v2\/media?parent=2301"}],"curies":[{"name":"wp","href":"https:\/\/api.w.org\/{rel}","templated":true}]}}