{"id":2307,"date":"2013-09-30T10:42:30","date_gmt":"2013-09-30T10:42:30","guid":{"rendered":"http:\/\/www.dbplusacoustics.com\/servicios-acustica\/insonorizacion-acustica-industrial\/insonorizaciones-maquinaria-barcelona\/"},"modified":"2015-10-23T07:40:25","modified_gmt":"2015-10-23T07:40:25","slug":"silenciadors-acustics","status":"publish","type":"page","link":"https:\/\/www.dbplusacoustics.com\/ca\/silenciadors-acustics\/","title":{"rendered":"Silenciadors ac\u00fastics"},"content":{"rendered":"<h3 class=\"m_title\">Silenciadors ac\u00fastics per a conductes i maquin\u00e0ria<\/h3>\n<p>En activitats industrials \u00e9s com\u00fa trobar focus de soroll que es propaguen a trav\u00e9s de conductes o m\u00e0quines, motors i ventiladors de les quals han de ser silenciats. Per dissenyar un silenciador adequat \u00e9s necessari contemplar totes les caracter\u00edstiques de funcionament del focus, tals com l&#8217;espectre de soroll a atenuar, el tipus i la temperatura del gas que circula pel conducte o la p\u00e8rdua de c\u00e0rrega admissible pel sistema. A partir de les dades recopilades, es determina la tipologia del silenciador a instal\u2022lar, ja sigui passiu absorbent, reactiu o un sistema de control actiu del soroll.<\/p>\n<p>&nbsp;<\/p>\n<h3 class=\"lead\">dBplus consultors ac\u00fastics dissenya i instal\u2022la el silenciador m\u00e9s adequat en funci\u00f3 de les necessitats del client i les l\u00edmits exigits per la normativa d&#8217;aplicaci\u00f3. Tots els materials utilitzats compleixen amb els requisits que es consideren necessaris en funci\u00f3 del focus de soroll a tractar, essent, a m\u00e9s de ac\u00fasticament efectius, resistents al pas del temps, f\u00e0cilment rentables i certificats mitjan\u00e7ant els m\u00e9s alts est\u00e0ndards mediambientals.<\/h3>\n","protected":false},"excerpt":{"rendered":"<p>Silenciadors ac\u00fastics per a conductes i maquin\u00e0ria En activitats industrials \u00e9s com\u00fa trobar focus de soroll que es propaguen a trav\u00e9s de conductes o m\u00e0quines, motors i ventiladors de les quals han de ser silenciats. Per dissenyar un silenciador adequat \u00e9s necessari contemplar totes les caracter\u00edstiques de funcionament del focus, tals com l&#8217;espectre de soroll<\/p>\n","protected":false},"author":1,"featured_media":0,"parent":0,"menu_order":13,"comment_status":"closed","ping_status":"closed","template":"","meta":{"footnotes":""},"class_list":["post-2307","page","type-page","status-publish","hentry"],"_links":{"self":[{"href":"https:\/\/www.dbplusacoustics.com\/ca\/wp-json\/wp\/v2\/pages\/2307","targetHints":{"allow":["GET"]}}],"collection":[{"href":"https:\/\/www.dbplusacoustics.com\/ca\/wp-json\/wp\/v2\/pages"}],"about":[{"href":"https:\/\/www.dbplusacoustics.com\/ca\/wp-json\/wp\/v2\/types\/page"}],"author":[{"embeddable":true,"href":"https:\/\/www.dbplusacoustics.com\/ca\/wp-json\/wp\/v2\/users\/1"}],"replies":[{"embeddable":true,"href":"https:\/\/www.dbplusacoustics.com\/ca\/wp-json\/wp\/v2\/comments?post=2307"}],"version-history":[{"count":4,"href":"https:\/\/www.dbplusacoustics.com\/ca\/wp-json\/wp\/v2\/pages\/2307\/revisions"}],"predecessor-version":[{"id":3172,"href":"https:\/\/www.dbplusacoustics.com\/ca\/wp-json\/wp\/v2\/pages\/2307\/revisions\/3172"}],"wp:attachment":[{"href":"https:\/\/www.dbplusacoustics.com\/ca\/wp-json\/wp\/v2\/media?parent=2307"}],"curies":[{"name":"wp","href":"https:\/\/api.w.org\/{rel}","templated":true}]}}