{"id":2309,"date":"2013-09-30T10:43:21","date_gmt":"2013-09-30T10:43:21","guid":{"rendered":"http:\/\/www.dbplusacoustics.com\/servicios-acustica\/insonorizacion-acustica-industrial\/comportamiento-acustico-industria\/"},"modified":"2015-10-23T08:25:41","modified_gmt":"2015-10-23T08:25:41","slug":"auditoria-acustica","status":"publish","type":"page","link":"https:\/\/www.dbplusacoustics.com\/ca\/auditoria-acustica\/","title":{"rendered":"Auditoria ac\u00fastica"},"content":{"rendered":"<h3 class=\"m_title\">Auditories ac\u00fastiques de ind\u00fastries, activitats i infraestructures.<\/h3>\n<h3 class=\"lead\">dBplus realitza auditories ac\u00fastiques en entorns interiors i exteriors, des del proc\u00e9s inicial de mesures fins l&#8217;optimitzaci\u00f3 i planificaci\u00f3 de solucions, la seva execuci\u00f3 i certificaci\u00f3 final garantitzada.<\/h3>\n<h3 class=\"m_title\">Models de predicci\u00f3 del comportament del so en un recinte industrial<\/h3>\n<p><strong>dBplus consultors ac\u00fastics<\/strong> \u00e9s una empresa pionera en la realitzaci\u00f3 de models de predicci\u00f3 ac\u00fastica en recintes industrials aplicats al disseny de solucions i a la protecci\u00f3 del treballador davant els riscos derivats de la exposici\u00f3 al soroll. Utilitzem els softwares m\u00e9s actuals per donar respostes a les diferents situacions de exc\u00e9s de soroll que poden donar-se en una ind\u00fastria, creant mapes sonors que reflecteixen fidelment la situaci\u00f3 existent en un recinte industrial i sobre els quals s&#8217;assaja l&#8217;efectivitat de solucions reductores de soroll.<\/p>\n<p>Els projectes i models de predicci\u00f3 s\u00f3n totalment actualitzables per qualsevol canvi futur, d&#8217;acord a les necessitats del client i a les alteracions productives que requereixi la ind\u00fastria. D&#8217;aquesta manera dBplus consultors ac\u00fastics proporciona eines al sector industrial per tenir un control permanent sobre els sorolls que genera, garantint el compliment dels valors l\u00edmit d&#8217;exposici\u00f3 definits en normatives europees i estatals, protegint la salut dels treballadors i evitant els riscos que se&#8217;n puguin derivar.<\/p>\n","protected":false},"excerpt":{"rendered":"<p>Auditories ac\u00fastiques de ind\u00fastries, activitats i infraestructures. dBplus realitza auditories ac\u00fastiques en entorns interiors i exteriors, des del proc\u00e9s inicial de mesures fins l&#8217;optimitzaci\u00f3 i planificaci\u00f3 de solucions, la seva execuci\u00f3 i certificaci\u00f3 final garantitzada. Models de predicci\u00f3 del comportament del so en un recinte industrial dBplus consultors ac\u00fastics \u00e9s una empresa pionera en la<\/p>\n","protected":false},"author":1,"featured_media":0,"parent":0,"menu_order":19,"comment_status":"closed","ping_status":"closed","template":"","meta":{"footnotes":""},"class_list":["post-2309","page","type-page","status-publish","hentry"],"_links":{"self":[{"href":"https:\/\/www.dbplusacoustics.com\/ca\/wp-json\/wp\/v2\/pages\/2309","targetHints":{"allow":["GET"]}}],"collection":[{"href":"https:\/\/www.dbplusacoustics.com\/ca\/wp-json\/wp\/v2\/pages"}],"about":[{"href":"https:\/\/www.dbplusacoustics.com\/ca\/wp-json\/wp\/v2\/types\/page"}],"author":[{"embeddable":true,"href":"https:\/\/www.dbplusacoustics.com\/ca\/wp-json\/wp\/v2\/users\/1"}],"replies":[{"embeddable":true,"href":"https:\/\/www.dbplusacoustics.com\/ca\/wp-json\/wp\/v2\/comments?post=2309"}],"version-history":[{"count":4,"href":"https:\/\/www.dbplusacoustics.com\/ca\/wp-json\/wp\/v2\/pages\/2309\/revisions"}],"predecessor-version":[{"id":3175,"href":"https:\/\/www.dbplusacoustics.com\/ca\/wp-json\/wp\/v2\/pages\/2309\/revisions\/3175"}],"wp:attachment":[{"href":"https:\/\/www.dbplusacoustics.com\/ca\/wp-json\/wp\/v2\/media?parent=2309"}],"curies":[{"name":"wp","href":"https:\/\/api.w.org\/{rel}","templated":true}]}}