{"id":2311,"date":"2013-09-30T10:44:04","date_gmt":"2013-09-30T10:44:04","guid":{"rendered":"http:\/\/www.dbplusacoustics.com\/servicios-acustica\/insonorizacion-acustica-industrial\/instalacion-especializada-acustica\/"},"modified":"2014-11-18T16:13:23","modified_gmt":"2014-11-18T16:13:23","slug":"instalacion-especializada-acustica","status":"publish","type":"page","link":"https:\/\/www.dbplusacoustics.com\/ca\/acustica-industrial\/instalacion-especializada-acustica\/","title":{"rendered":"Instal\u2022laci\u00f3 especialitzada i garantia de resultats"},"content":{"rendered":"<h3 class=\"m_title\">Instal\u2022laci\u00f3 especialitzada i garantia de resultats<\/h3>\n<p><strong><br \/>\ndBplus consultores ac\u00fasticos<\/strong> dispone de un equipo de <strong>instalaci\u00f3n altamente especializado <\/strong>y con una amplia experiencia en el sector industrial, obteniendo las m\u00e1ximas prestaciones ac\u00fasticas a partir de un dise\u00f1o adecuado. Proporcionamos dedicaci\u00f3n exclusiva, garantizando instalaciones r\u00e1pidas y eficientes y causando el m\u00ednimo impacto en el sistema productivo de su actividad.<\/br><\/p>\n<p>Realitzem projectes integrals &#8220;clau en m\u00e0&#8221;. Contracti el disseny, la execuci\u00f3 i la certificaci\u00f3 final estalviant temps i diners amb garantia total de resultats.<br \/>\n<\/br><\/p>\n<h4 class=\"lead\">\ndBplus consultors ac\u00fastics est\u00e0 inscrita en la REA, complint tots els requisits de capacitat, qualitat i prevenci\u00f3 de riscos laborals.<\/h4>\n","protected":false},"excerpt":{"rendered":"<p>Instal\u2022laci\u00f3 especialitzada i garantia de resultats dBplus consultores ac\u00fasticos dispone de un equipo de instalaci\u00f3n altamente especializado y con una amplia experiencia en el sector industrial, obteniendo las m\u00e1ximas prestaciones ac\u00fasticas a partir de un dise\u00f1o adecuado. Proporcionamos dedicaci\u00f3n exclusiva, garantizando instalaciones r\u00e1pidas y eficientes y causando el m\u00ednimo impacto en el sistema productivo de<\/p>\n","protected":false},"author":1,"featured_media":0,"parent":2292,"menu_order":16,"comment_status":"closed","ping_status":"closed","template":"","meta":{"footnotes":""},"class_list":["post-2311","page","type-page","status-publish","hentry"],"_links":{"self":[{"href":"https:\/\/www.dbplusacoustics.com\/ca\/wp-json\/wp\/v2\/pages\/2311","targetHints":{"allow":["GET"]}}],"collection":[{"href":"https:\/\/www.dbplusacoustics.com\/ca\/wp-json\/wp\/v2\/pages"}],"about":[{"href":"https:\/\/www.dbplusacoustics.com\/ca\/wp-json\/wp\/v2\/types\/page"}],"author":[{"embeddable":true,"href":"https:\/\/www.dbplusacoustics.com\/ca\/wp-json\/wp\/v2\/users\/1"}],"replies":[{"embeddable":true,"href":"https:\/\/www.dbplusacoustics.com\/ca\/wp-json\/wp\/v2\/comments?post=2311"}],"version-history":[{"count":2,"href":"https:\/\/www.dbplusacoustics.com\/ca\/wp-json\/wp\/v2\/pages\/2311\/revisions"}],"predecessor-version":[{"id":2313,"href":"https:\/\/www.dbplusacoustics.com\/ca\/wp-json\/wp\/v2\/pages\/2311\/revisions\/2313"}],"up":[{"embeddable":true,"href":"https:\/\/www.dbplusacoustics.com\/ca\/wp-json\/wp\/v2\/pages\/2292"}],"wp:attachment":[{"href":"https:\/\/www.dbplusacoustics.com\/ca\/wp-json\/wp\/v2\/media?parent=2311"}],"curies":[{"name":"wp","href":"https:\/\/api.w.org\/{rel}","templated":true}]}}