{"id":2316,"date":"2013-09-30T10:44:54","date_gmt":"2013-09-30T10:44:54","guid":{"rendered":"http:\/\/www.dbplusacoustics.com\/ruido-en-el-trabajo-2\/"},"modified":"2015-10-23T09:05:03","modified_gmt":"2015-10-23T09:05:03","slug":"soroll-llocs-treball","status":"publish","type":"page","link":"https:\/\/www.dbplusacoustics.com\/ca\/soroll-llocs-treball\/","title":{"rendered":"Soroll en el lloc de treball"},"content":{"rendered":"<p>La creixent implantaci\u00f3 de normatives de riscos laboral ha significat la necessitat d&#8217;avaluar l&#8217;exposici\u00f3 dels treballadors al soroll en el lloc de treball. D&#8217;aquesta manera, es pret\u00e9n protegir, la salut dels treballadors i eliminar els riscos que se&#8217;n puguin derivar d&#8217;un exc\u00e9s de soroll en l&#8217;ambient laboral. dBplus consultors ac\u00fastics realitza les mesures i avaluacions pertinents d&#8217;acord a la normativa europea (Directiva 2003\/10\/CE) i estatal (Real Decreto 286\/2006) para garantir que no es superin els nivells d&#8217;exposici\u00f3 permesos en l&#8217;ambient de treball. En cas de superaci\u00f3 d&#8217;aquests l\u00edmits, dissenyem i executem les solucions \u00f2ptimes per protegir la salut dels treballadors i eliminar els riscos que se&#8217;n puguin derivar, sempre garantint els objectius amb la m\u00ednima inversi\u00f3 econ\u00f2mica necess\u00e0ria.<\/p>\n<p>&nbsp;<\/p>\n<h3 class=\"lead\">A <strong>dBplus consultors ac\u00fastics<\/strong> som pioners en el control de l&#8217;exposici\u00f3 del treballador al soroll a partir de models de predicci\u00f3 ac\u00fastica. Mitjan\u00e7ant la realitzaci\u00f3 de mapes sonors creats amb tecnologia d&#8217;\u00faltima generaci\u00f3, podem predir l&#8217;efectivitat de solucions per la reducci\u00f3 de l&#8217;exposici\u00f3 al sorolls, contemplant tant la protecci\u00f3 col\u2022lectiva com la protecci\u00f3 individual.<\/h3>\n<p>&nbsp;<\/p>\n<h4 class=\"lead\"><strong>dBplus consultors ac\u00fastics<\/strong> li proporciona la possibilitat de tenir un control total sobre el soroll en l&#8217;ambient de treball, realitzant projectes integrals que contemplen l&#8217;avaluaci\u00f3, el disseny, la instal\u2022laci\u00f3 i la certificaci\u00f3.<\/h4>\n","protected":false},"excerpt":{"rendered":"<p>La creixent implantaci\u00f3 de normatives de riscos laboral ha significat la necessitat d&#8217;avaluar l&#8217;exposici\u00f3 dels treballadors al soroll en el lloc de treball. D&#8217;aquesta manera, es pret\u00e9n protegir, la salut dels treballadors i eliminar els riscos que se&#8217;n puguin derivar d&#8217;un exc\u00e9s de soroll en l&#8217;ambient laboral. dBplus consultors ac\u00fastics realitza les mesures i avaluacions<\/p>\n","protected":false},"author":1,"featured_media":0,"parent":0,"menu_order":17,"comment_status":"closed","ping_status":"open","template":"","meta":{"footnotes":""},"class_list":["post-2316","page","type-page","status-publish","hentry"],"_links":{"self":[{"href":"https:\/\/www.dbplusacoustics.com\/ca\/wp-json\/wp\/v2\/pages\/2316","targetHints":{"allow":["GET"]}}],"collection":[{"href":"https:\/\/www.dbplusacoustics.com\/ca\/wp-json\/wp\/v2\/pages"}],"about":[{"href":"https:\/\/www.dbplusacoustics.com\/ca\/wp-json\/wp\/v2\/types\/page"}],"author":[{"embeddable":true,"href":"https:\/\/www.dbplusacoustics.com\/ca\/wp-json\/wp\/v2\/users\/1"}],"replies":[{"embeddable":true,"href":"https:\/\/www.dbplusacoustics.com\/ca\/wp-json\/wp\/v2\/comments?post=2316"}],"version-history":[{"count":3,"href":"https:\/\/www.dbplusacoustics.com\/ca\/wp-json\/wp\/v2\/pages\/2316\/revisions"}],"predecessor-version":[{"id":3180,"href":"https:\/\/www.dbplusacoustics.com\/ca\/wp-json\/wp\/v2\/pages\/2316\/revisions\/3180"}],"wp:attachment":[{"href":"https:\/\/www.dbplusacoustics.com\/ca\/wp-json\/wp\/v2\/media?parent=2316"}],"curies":[{"name":"wp","href":"https:\/\/api.w.org\/{rel}","templated":true}]}}