{"id":2319,"date":"2013-09-18T10:52:34","date_gmt":"2013-09-18T10:52:34","guid":{"rendered":"http:\/\/www.dbplusacoustics.com\/servicios-acustica\/instalacion-especializada\/"},"modified":"2017-11-04T19:12:21","modified_gmt":"2017-11-04T19:12:21","slug":"instalacio-acustica","status":"publish","type":"page","link":"https:\/\/www.dbplusacoustics.com\/ca\/instalacio-acustica\/","title":{"rendered":"Instal\u00b7laci\u00f3 ac\u00fastica"},"content":{"rendered":"<p>&nbsp;<\/p>\n<p><a href=\"http:\/\/www.dbplusacoustics.com\/wp-content\/uploads\/2013\/09\/personal.png\"><img loading=\"lazy\" decoding=\"async\" class=\"alignright size-full wp-image-1798\" src=\"http:\/\/www.dbplusacoustics.com\/wp-content\/uploads\/2013\/09\/personal.png\" alt=\"personal\" width=\"326\" height=\"463\" srcset=\"https:\/\/www.dbplusacoustics.com\/wp-content\/uploads\/2013\/09\/personal.png 326w, https:\/\/www.dbplusacoustics.com\/wp-content\/uploads\/2013\/09\/personal-211x300.png 211w\" sizes=\"auto, (max-width: 326px) 100vw, 326px\" \/><\/a><\/p>\n<h4 class=\"m_title lead\">&#8220;Plantilla d&#8217;operaris pr\u00f2pia amb formaci\u00f3 espec\u00edfica en el camp de l&#8217;ac\u00fastica&#8221;<\/h4>\n<p><strong>dBplus consultors ac\u00fastics<\/strong> disposa d&#8217;un equip d&#8217;instal\u2022laci\u00f3 altament qualificat i amb una \u00e0mplia experi\u00e8ncia en el camp de l&#8217;ac\u00fastica, obtenint les m\u00e0ximes prestacions a partir d&#8217;un disseny adequat. Proporcionem dedicaci\u00f3 exclusiva, agilitzant els processos d&#8217;organitzaci\u00f3, control, disseny i execuci\u00f3 en totes les fases, reduint aix\u00ed els costos per als nostres clients. Realitzem instal\u2022lacions innovadores i eficients, causant el m\u00ednim impacte en el sistema productiu de la seva activitat i garantint el compliment dels objectius proposats .<\/p>\n<p>&nbsp;<\/p>\n<p><strong>dBplus consultors ac\u00fastics<\/strong> est\u00e0 inscrita en la REA, complint tots els requisits de capacitat, qualitat i prevenci\u00f3 de riscos laborals .<\/p>\n<p>&nbsp;<\/p>\n<h4 class=\"m_title lead\">&#8220;Gesti\u00f3 integral d&#8217;obra clau en m\u00e0&#8221;<\/h4>\n<p>&nbsp;<\/p>\n<p><strong>dBplus consultors ac\u00fastics<\/strong> realitza projectes integrals &#8220;clau en m\u00e0&#8221;, coordinant totes les fases que intervenen d&#8217;acord amb la situaci\u00f3 a tractar. Realitzem els mesuraments inicials de caracteritzaci\u00f3, els dissenys de les mesures correctores m\u00e9s adequades a les necessitats del client, l&#8217;execuci\u00f3 mitjan\u00e7ant una plantilla d&#8217;operaris altament qualificada i la certificaci\u00f3 final de compliment d&#8217;objectius i de la normativa d&#8217;aplicaci\u00f3: Estalvi\u00ef temps i diners contractant el disseny i l&#8217;execuci\u00f3 integral.<\/p>\n<p>&nbsp;<\/p>\n<p>&nbsp;<\/p>\n<h4 class=\"m_title lead\">&#8220;Execuci\u00f3 de dissenys en base a projectes externs&#8221;<\/h4>\n<p>&nbsp;<\/p>\n<p>En <strong>dBplus consultors ac\u00fastics<\/strong> tamb\u00e9 instal\u2022lem dissenys en base a projectes externs. Mitjan\u00e7ant la nostra plantilla d&#8217;operaris especialitzada en els diferents camps de l&#8217;ac\u00fastica, garantim una execuci\u00f3 precisa i de qualitat del seu disseny, complint els objectius plantejats inicialment pel client.<\/p>\n","protected":false},"excerpt":{"rendered":"<p>&nbsp; &#8220;Plantilla d&#8217;operaris pr\u00f2pia amb formaci\u00f3 espec\u00edfica en el camp de l&#8217;ac\u00fastica&#8221; dBplus consultors ac\u00fastics disposa d&#8217;un equip d&#8217;instal\u2022laci\u00f3 altament qualificat i amb una \u00e0mplia experi\u00e8ncia en el camp de l&#8217;ac\u00fastica, obtenint les m\u00e0ximes prestacions a partir d&#8217;un disseny adequat. Proporcionem dedicaci\u00f3 exclusiva, agilitzant els processos d&#8217;organitzaci\u00f3, control, disseny i execuci\u00f3 en totes les fases,<\/p>\n","protected":false},"author":1,"featured_media":0,"parent":0,"menu_order":35,"comment_status":"closed","ping_status":"open","template":"","meta":{"footnotes":""},"class_list":["post-2319","page","type-page","status-publish","hentry"],"_links":{"self":[{"href":"https:\/\/www.dbplusacoustics.com\/ca\/wp-json\/wp\/v2\/pages\/2319","targetHints":{"allow":["GET"]}}],"collection":[{"href":"https:\/\/www.dbplusacoustics.com\/ca\/wp-json\/wp\/v2\/pages"}],"about":[{"href":"https:\/\/www.dbplusacoustics.com\/ca\/wp-json\/wp\/v2\/types\/page"}],"author":[{"embeddable":true,"href":"https:\/\/www.dbplusacoustics.com\/ca\/wp-json\/wp\/v2\/users\/1"}],"replies":[{"embeddable":true,"href":"https:\/\/www.dbplusacoustics.com\/ca\/wp-json\/wp\/v2\/comments?post=2319"}],"version-history":[{"count":5,"href":"https:\/\/www.dbplusacoustics.com\/ca\/wp-json\/wp\/v2\/pages\/2319\/revisions"}],"predecessor-version":[{"id":3178,"href":"https:\/\/www.dbplusacoustics.com\/ca\/wp-json\/wp\/v2\/pages\/2319\/revisions\/3178"}],"wp:attachment":[{"href":"https:\/\/www.dbplusacoustics.com\/ca\/wp-json\/wp\/v2\/media?parent=2319"}],"curies":[{"name":"wp","href":"https:\/\/api.w.org\/{rel}","templated":true}]}}