{"id":2322,"date":"2013-10-13T09:18:21","date_gmt":"2013-10-13T09:18:21","guid":{"rendered":"http:\/\/www.dbplusacoustics.com\/servicios-acustica\/acustica-medioambiental\/mapas-de-ruido\/"},"modified":"2015-10-23T09:30:54","modified_gmt":"2015-10-23T09:30:54","slug":"mapa-soroll","status":"publish","type":"page","link":"https:\/\/www.dbplusacoustics.com\/ca\/mapa-soroll\/","title":{"rendered":"Mapes de soroll"},"content":{"rendered":"<p>Un mapa de soroll \u00e9s la representaci\u00f3 cartogr\u00e0fica dels nivells de pressi\u00f3 sonora existents en una zona concreta i en un per\u00edode de temps determinat. La seva utilitat \u00e9s la determinaci\u00f3 de l&#8217;exposici\u00f3 de la poblaci\u00f3 al soroll generat pels focus existents en l&#8217;entorn, tals com el tr\u00e0nsit rodat, ferroviari i aeri o les activitats industrials.<br \/>\ndBplus consultors ac\u00fastics realitza mapes de soroll per municipis i departaments de l&#8217;Administraci\u00f3 P\u00fablica, seguint els procediments descrits en Directives Europees i en Decrets Estatals i Auton\u00f2mics. El sistema utilitzat per a la seva realitzaci\u00f3 combina mesures de camp amb predicci\u00f3 mitjan\u00e7ant models de propagaci\u00f3 en ambient exterior, garantint d&#8217;aquesta manera la fiabilitat de l&#8217;eina, aix\u00ed com una actualitzaci\u00f3 senzilla.<\/p>\n","protected":false},"excerpt":{"rendered":"<p>Un mapa de soroll \u00e9s la representaci\u00f3 cartogr\u00e0fica dels nivells de pressi\u00f3 sonora existents en una zona concreta i en un per\u00edode de temps determinat. La seva utilitat \u00e9s la determinaci\u00f3 de l&#8217;exposici\u00f3 de la poblaci\u00f3 al soroll generat pels focus existents en l&#8217;entorn, tals com el tr\u00e0nsit rodat, ferroviari i aeri o les activitats<\/p>\n","protected":false},"author":1,"featured_media":0,"parent":0,"menu_order":18,"comment_status":"closed","ping_status":"open","template":"","meta":{"footnotes":""},"class_list":["post-2322","page","type-page","status-publish","hentry"],"_links":{"self":[{"href":"https:\/\/www.dbplusacoustics.com\/ca\/wp-json\/wp\/v2\/pages\/2322","targetHints":{"allow":["GET"]}}],"collection":[{"href":"https:\/\/www.dbplusacoustics.com\/ca\/wp-json\/wp\/v2\/pages"}],"about":[{"href":"https:\/\/www.dbplusacoustics.com\/ca\/wp-json\/wp\/v2\/types\/page"}],"author":[{"embeddable":true,"href":"https:\/\/www.dbplusacoustics.com\/ca\/wp-json\/wp\/v2\/users\/1"}],"replies":[{"embeddable":true,"href":"https:\/\/www.dbplusacoustics.com\/ca\/wp-json\/wp\/v2\/comments?post=2322"}],"version-history":[{"count":2,"href":"https:\/\/www.dbplusacoustics.com\/ca\/wp-json\/wp\/v2\/pages\/2322\/revisions"}],"predecessor-version":[{"id":2324,"href":"https:\/\/www.dbplusacoustics.com\/ca\/wp-json\/wp\/v2\/pages\/2322\/revisions\/2324"}],"wp:attachment":[{"href":"https:\/\/www.dbplusacoustics.com\/ca\/wp-json\/wp\/v2\/media?parent=2322"}],"curies":[{"name":"wp","href":"https:\/\/api.w.org\/{rel}","templated":true}]}}