{"id":2325,"date":"2013-10-13T09:17:45","date_gmt":"2013-10-13T09:17:45","guid":{"rendered":"http:\/\/www.dbplusacoustics.com\/servicios-acustica\/acustica-medioambiental\/cerramientos-acusticos\/"},"modified":"2016-02-03T15:25:12","modified_gmt":"2016-02-03T15:25:12","slug":"tancaments-acustics","status":"publish","type":"page","link":"https:\/\/www.dbplusacoustics.com\/ca\/tancaments-acustics\/","title":{"rendered":"Tancaments ac\u00fastics"},"content":{"rendered":"<p>A\u00a0<strong>dBplus consultors ac\u00fastics<\/strong> realitzem tancaments ac\u00fastics dissenyats a mida segons les necessitats del client i les caracter\u00edstiques del focus de soroll a tractar. Els nostres dissenys comprenen des de pantalles per obstaculitzar la propagaci\u00f3 del soroll de focus en ambient exterior, com per exemple carreteres, trens o aeroports, fins a tancaments complets per maquin\u00e0ria industrial, subestacions transformadores o estacions de bombeig, entre altres.<\/p>\n<p>Totes les solucions aportades per <strong>dBplus<\/strong> consultores ac\u00fastics contemplen les necessitats particulars del focus de soroll a tractar per no alterar el correcte funcionament del mateix. Els materials utilitzats compleixen amb els requisits necessaris per activitats industrials, que a m\u00e9s de ser efectius ac\u00fasticament, s\u00f3n resistents al pas del temps, f\u00e0cilment rentables i estan certificats mitjan\u00e7ant els m\u00e9s alts est\u00e0ndards mediambientals.<\/p>\n<div class=\"tabbable tabs_style1 tabs-vertical\">\n\t\t\t\t\t\t<ul class=\"nav \" id=\"custom-tabs-77\">\n\n\t<li class=\"active\">\n\t\t<a href=\"#side-tab734\" data-toggle=\"tab\">TANCAMENTS TRANSL\u00daCIDS<\/a>\n\t<\/li>\n\n\n\t<li class=\"\">\n\t\t<a href=\"#side-tab974\" data-toggle=\"tab\">TANCAMENTS DE PANELL SANDWICH<\/a>\n\t<\/li>\n\n\n\t<li class=\"\">\n\t\t<a href=\"#side-tab571\" data-toggle=\"tab\">TANCAMENT D'OBRA<\/a>\n\t<\/li>\n\n<\/ul><div class=\"tab-content\"><div id=\"side-tab734\" class=\"tab-pane active\">\nTancaments realitzats amb polimetacrilat\/vidre muntats sobre perfileria d&#8217;acer inoxidable que permeten la completa visibilitat en el seu interior, garantint la estanquitat necess\u00e0ria per complir amb els objectius ac\u00fastics marcats. Dissenyem els tancaments amb els automatismes necessaris per a ser manipulats amb facilitat. <\/div><div id=\"side-tab974\" class=\"tab-pane \">\nTancaments amb panells formats per xapa d&#8217;acer i nucli interior de llana de roca, ideals pel tancament de maquin\u00e0ria ubicada a coberta i espais exteriors per la seva alta resist\u00e8ncia al pas del temps. Encapsulat parcial o total de maquin\u00e0ria en recintes industrials. Instal\u00b7laci\u00f3 de registres en els tancaments segons necessitats de manipulaci\u00f3. L&#8217;absorci\u00f3 que aporten aquests panells en la seva cara interior evita que el nivell de soroll es vegi incrementat per les m\u00faltiples reflexions que succeeixen en l&#8217;interior del tancament.<\/div><div id=\"side-tab571\" class=\"tab-pane \">\n<p>Tancaments d&#8217;obra fets a mida per a sales de m\u00e0quines, grups electrogens i casos en que es requereixi un alt nivell d&#8217;a\u00efllament ac\u00fastic. <\/div><\/div><\/div>\n","protected":false},"excerpt":{"rendered":"<p>A\u00a0dBplus consultors ac\u00fastics realitzem tancaments ac\u00fastics dissenyats a mida segons les necessitats del client i les caracter\u00edstiques del focus de soroll a tractar. Els nostres dissenys comprenen des de pantalles per obstaculitzar la propagaci\u00f3 del soroll de focus en ambient exterior, com per exemple carreteres, trens o aeroports, fins a tancaments complets per maquin\u00e0ria industrial,<\/p>\n","protected":false},"author":1,"featured_media":0,"parent":0,"menu_order":20,"comment_status":"closed","ping_status":"open","template":"","meta":{"footnotes":""},"class_list":["post-2325","page","type-page","status-publish","hentry"],"_links":{"self":[{"href":"https:\/\/www.dbplusacoustics.com\/ca\/wp-json\/wp\/v2\/pages\/2325","targetHints":{"allow":["GET"]}}],"collection":[{"href":"https:\/\/www.dbplusacoustics.com\/ca\/wp-json\/wp\/v2\/pages"}],"about":[{"href":"https:\/\/www.dbplusacoustics.com\/ca\/wp-json\/wp\/v2\/types\/page"}],"author":[{"embeddable":true,"href":"https:\/\/www.dbplusacoustics.com\/ca\/wp-json\/wp\/v2\/users\/1"}],"replies":[{"embeddable":true,"href":"https:\/\/www.dbplusacoustics.com\/ca\/wp-json\/wp\/v2\/comments?post=2325"}],"version-history":[{"count":5,"href":"https:\/\/www.dbplusacoustics.com\/ca\/wp-json\/wp\/v2\/pages\/2325\/revisions"}],"predecessor-version":[{"id":3585,"href":"https:\/\/www.dbplusacoustics.com\/ca\/wp-json\/wp\/v2\/pages\/2325\/revisions\/3585"}],"wp:attachment":[{"href":"https:\/\/www.dbplusacoustics.com\/ca\/wp-json\/wp\/v2\/media?parent=2325"}],"curies":[{"name":"wp","href":"https:\/\/api.w.org\/{rel}","templated":true}]}}