{"id":2330,"date":"2013-10-13T09:16:08","date_gmt":"2013-10-13T09:16:08","guid":{"rendered":"http:\/\/www.dbplusacoustics.com\/servicios-acustica\/acustica-medioambiental\/contaminacion-acustica\/"},"modified":"2015-10-23T09:40:43","modified_gmt":"2015-10-23T09:40:43","slug":"contaminacio-acustica","status":"publish","type":"page","link":"https:\/\/www.dbplusacoustics.com\/ca\/contaminacio-acustica\/","title":{"rendered":"Contaminaci\u00f3 ac\u00fastica"},"content":{"rendered":"<p>Avui en dia existeixen nombrosos Decrets i Ordenances en els que es defineixen els valors m\u00e0xims de soroll o vibraci\u00f3 permesos en un recinte en funci\u00f3 de l&#8217;horari en el que es percep el soroll i de l&#8217;\u00fas del recinte a protegir. D&#8217;aquesta manera, una activitat (ind\u00fastria, oci, restauraci\u00f3, maquin\u00e0ria, etc. ) o infraestructura (transport viari, ferroviari, etc.) ha de garantir que els nivells de soroll i vibraci\u00f3 que la mateixa genera en els diferents receptors sensibles al soroll (ambient exterior, vivendes, oficines, etc.) no superen els valors exigits en les normatives d&#8217;aplicaci\u00f3.<\/p>\n<p>dBplus consultors ac\u00fastics realitza les mesures i avaluacions necess\u00e0ries per determinar el <strong>nivell de contaminaci\u00f3 ac\u00fastica<\/strong>, el compliment dels l\u00edmits exigits d&#8217;acord amb els procediments descrits en els Decrets i Ordenances. En cas de superaci\u00f3 dels mencionats l\u00edmits, dBplus consultors ac\u00fastics dissenya i instal\u00b7la les solucions m\u00e9s adequades per garantir <strong>el compliment de les exig\u00e8ncies legals<\/strong> amb una inversi\u00f3 econ\u00f2mica \u00f2ptima.<\/p>\n","protected":false},"excerpt":{"rendered":"<p>Avui en dia existeixen nombrosos Decrets i Ordenances en els que es defineixen els valors m\u00e0xims de soroll o vibraci\u00f3 permesos en un recinte en funci\u00f3 de l&#8217;horari en el que es percep el soroll i de l&#8217;\u00fas del recinte a protegir. D&#8217;aquesta manera, una activitat (ind\u00fastria, oci, restauraci\u00f3, maquin\u00e0ria, etc. ) o infraestructura (transport<\/p>\n","protected":false},"author":1,"featured_media":0,"parent":0,"menu_order":21,"comment_status":"closed","ping_status":"closed","template":"","meta":{"footnotes":""},"class_list":["post-2330","page","type-page","status-publish","hentry"],"_links":{"self":[{"href":"https:\/\/www.dbplusacoustics.com\/ca\/wp-json\/wp\/v2\/pages\/2330","targetHints":{"allow":["GET"]}}],"collection":[{"href":"https:\/\/www.dbplusacoustics.com\/ca\/wp-json\/wp\/v2\/pages"}],"about":[{"href":"https:\/\/www.dbplusacoustics.com\/ca\/wp-json\/wp\/v2\/types\/page"}],"author":[{"embeddable":true,"href":"https:\/\/www.dbplusacoustics.com\/ca\/wp-json\/wp\/v2\/users\/1"}],"replies":[{"embeddable":true,"href":"https:\/\/www.dbplusacoustics.com\/ca\/wp-json\/wp\/v2\/comments?post=2330"}],"version-history":[{"count":4,"href":"https:\/\/www.dbplusacoustics.com\/ca\/wp-json\/wp\/v2\/pages\/2330\/revisions"}],"predecessor-version":[{"id":3185,"href":"https:\/\/www.dbplusacoustics.com\/ca\/wp-json\/wp\/v2\/pages\/2330\/revisions\/3185"}],"wp:attachment":[{"href":"https:\/\/www.dbplusacoustics.com\/ca\/wp-json\/wp\/v2\/media?parent=2330"}],"curies":[{"name":"wp","href":"https:\/\/api.w.org\/{rel}","templated":true}]}}