{"id":2334,"date":"2013-09-18T10:48:26","date_gmt":"2013-09-18T10:48:26","guid":{"rendered":"http:\/\/www.dbplusacoustics.com\/servicios-acustica\/aislamiento-acondicionamiento-acustico\/"},"modified":"2017-11-04T19:12:26","modified_gmt":"2017-11-04T19:12:26","slug":"aillament-condicionament-acustic","status":"publish","type":"page","link":"https:\/\/www.dbplusacoustics.com\/ca\/aillament-condicionament-acustic\/","title":{"rendered":"A\u00efllament i Condicionament Ac\u00fastic"},"content":{"rendered":"<p>dBplus consultors ac\u00fastics disposa de la tecnologia adequada i d&#8217;un equip hum\u00e0 preparat per dissenyar i executar les solucions d&#8217;a\u00efllament i condicionament ac\u00fastic que els nostres clients requereixin. Amb un disseny personalitzat s&#8217;aconsegueix que el recinte tingui una ac\u00fastica adequada a al seu \u00fas, aix\u00ed com que no es generin mol\u00e8sties en l&#8217;exterior, donant compliment als decrets i ordenances d&#8217;aplicaci\u00f3 en la mat\u00e8ria.<\/p>\n<h3 class=\"lead\"><strong>Realitzem projectes integrals<\/strong> &#8220;clau en m\u00e0&#8221;, comen\u00e7ant per la mesura de l&#8217;a\u00efllament ac\u00fastic o de par\u00e0metres de qualitat ac\u00fastica de recintes, passant pel disseny i l&#8217;execuci\u00f3 de les solucions m\u00e9s adequades i finalitzant amb la certificaci\u00f3 de compliment d&#8217;objectius. Contracta el nostre servei integral i optimitza la inversi\u00f3 garantint els objectius proposats.<\/h3>\n","protected":false},"excerpt":{"rendered":"<p>dBplus consultors ac\u00fastics disposa de la tecnologia adequada i d&#8217;un equip hum\u00e0 preparat per dissenyar i executar les solucions d&#8217;a\u00efllament i condicionament ac\u00fastic que els nostres clients requereixin. Amb un disseny personalitzat s&#8217;aconsegueix que el recinte tingui una ac\u00fastica adequada a al seu \u00fas, aix\u00ed com que no es generin mol\u00e8sties en l&#8217;exterior, donant compliment<\/p>\n","protected":false},"author":1,"featured_media":0,"parent":0,"menu_order":41,"comment_status":"closed","ping_status":"closed","template":"","meta":{"footnotes":""},"class_list":["post-2334","page","type-page","status-publish","hentry"],"_links":{"self":[{"href":"https:\/\/www.dbplusacoustics.com\/ca\/wp-json\/wp\/v2\/pages\/2334","targetHints":{"allow":["GET"]}}],"collection":[{"href":"https:\/\/www.dbplusacoustics.com\/ca\/wp-json\/wp\/v2\/pages"}],"about":[{"href":"https:\/\/www.dbplusacoustics.com\/ca\/wp-json\/wp\/v2\/types\/page"}],"author":[{"embeddable":true,"href":"https:\/\/www.dbplusacoustics.com\/ca\/wp-json\/wp\/v2\/users\/1"}],"replies":[{"embeddable":true,"href":"https:\/\/www.dbplusacoustics.com\/ca\/wp-json\/wp\/v2\/comments?post=2334"}],"version-history":[{"count":4,"href":"https:\/\/www.dbplusacoustics.com\/ca\/wp-json\/wp\/v2\/pages\/2334\/revisions"}],"predecessor-version":[{"id":4077,"href":"https:\/\/www.dbplusacoustics.com\/ca\/wp-json\/wp\/v2\/pages\/2334\/revisions\/4077"}],"wp:attachment":[{"href":"https:\/\/www.dbplusacoustics.com\/ca\/wp-json\/wp\/v2\/media?parent=2334"}],"curies":[{"name":"wp","href":"https:\/\/api.w.org\/{rel}","templated":true}]}}