{"id":2340,"date":"2013-10-13T10:27:35","date_gmt":"2013-10-13T10:27:35","guid":{"rendered":"http:\/\/www.dbplusacoustics.com\/servicios-acustica\/aislamiento-acondicionamiento-acustico\/acondicionamiento-acustico\/"},"modified":"2015-10-27T08:39:19","modified_gmt":"2015-10-27T08:39:19","slug":"condicionament-acustic","status":"publish","type":"page","link":"https:\/\/www.dbplusacoustics.com\/ca\/condicionament-acustic\/","title":{"rendered":"Condicionament ac\u00fastic"},"content":{"rendered":"<p>&nbsp;<\/p>\n<h4 class=\"lead\">El condicionament ac\u00fastic d&#8217;un espai tracta el disseny de la geometria i del tipus de materials necessaris per aconseguir una bona qualitat del so en el seu interior.<\/h4>\n<p>El condicionament d&#8217;un recinte \u00e9s independent de l&#8217;a\u00efllament ac\u00fastic, el qual t\u00e9 com objectiu evitar que el soroll es propagui a l&#8217;exterior i generi mol\u00e8sties. Per a que un recinte tingui una ac\u00fastica adequada, aquesta ha d&#8217;anar \u00edntimament lligada a les activitats que s&#8217;hi vagin a desenvolupar. D&#8217;aquesta manera, no es requereix el mateix tipus de condicionament per un restaurant, una sala de concerts o una biblioteca.<\/p>\n<p>dBplus consultors ac\u00fastics desenvolupa els dissenys m\u00e9s adequats en funci\u00f3 de les necessitats del client i de l&#8217;\u00fas de la sala a tractar, realitzant les mesures de caracteritzaci\u00f3, el disseny de solucions i l&#8217;execuci\u00f3 per aconseguir els objectius plantejats amb una inversi\u00f3 \u00f2ptima.<\/p>\n<div class=\"zn_accordion--shortcode acc--default-style panel-group \"><div class=\"acc-group \"><button data-toggle=\"collapse\" data-target=\"#acc69df9cedba23d\" class=\"acc-tgg-button text-custom collapsed \"><b>Caracteritzaci\u00f3 ac\u00fastica de recintes mitjan\u00e7ant mesures<\/b><span class=\"acc-icon\"><\/span><\/button><div id=\"acc69df9cedba23d\" class=\"acc-panel-collapse collapse \"><div class=\"acc-content\">\n<p>ELa millor manera de determinar les caracter\u00edstiques ac\u00fastiques d&#8217;un recinte \u00e9s mitjan\u00e7ant la mesura dels par\u00e0metres de qualitat, tals com el temps de reverberaci\u00f3 la claredat musical o la definici\u00f3 de la paraula. La mesura d&#8217;aquests par\u00e0metres es realitza a partir de les diferents parts de la norma UNE EN ISO 3382:&#8221;Medici\u00f3n de par\u00e1metros ac\u00fasticos en recintos&#8221;. Una vegada es coneix el valor dels par\u00e0metres de qualitat, es poden realitzar dissenys espec\u00edfics per aconseguir els objectius m\u00e9s adequats a l&#8217;\u00fas del recinte amb la m\u00ednima inversi\u00f3 de temps i recursos.<\/p>\n<p>dBplus consultors ac\u00fastics realitza les mesures pertinents, d&#8217;acord a procediments de mesura de m\u00e0xima qualitat, per caracteritzar de forma precisa la qualitat ac\u00fastica d&#8217;un recinte o per garantir la no superaci\u00f3 dels valors de reverberaci\u00f3 exigits en les normatives d&#8217;aplicaci\u00f3.<\/p>\n<\/div><!-- \/.acc-content --><\/div> <\/div><!-- end \/.acc-group --> <\/div><!-- end \/.acc--style -->\n<div class=\"zn_accordion--shortcode acc--default-style panel-group \"><div class=\"acc-group \"><button data-toggle=\"collapse\" data-target=\"#acc69df9cedba25f\" class=\"acc-tgg-button text-custom collapsed \"><b>Disseny ac\u00fastic d'espais <\/b><span class=\"acc-icon\"><\/span><\/button><div id=\"acc69df9cedba25f\" class=\"acc-panel-collapse collapse \"><div class=\"acc-content\">\n<p>Per aconseguir una bona ac\u00fastica, el disseny d&#8217;un espai ha d&#8217;estar orientat a l&#8217;\u00fas al que est\u00e0 destinat. D&#8217;aquesta manera, el valor desitjat pels par\u00e0metres de qualitat variar\u00e0 en funci\u00f3 de si es van a desenvolupar activitats de m\u00fasica, veu, amplificaci\u00f3, p\u00fablica concurr\u00e8ncia, etc.<\/p>\n<p>El par\u00e0metre per excel\u2022l\u00e8ncia per determinar la qualitat ac\u00fastica d&#8217;un recinte \u00e9s el Temps de Reverberaci\u00f3 (TR), el qual es defineix com el temps que tarda el so en desapar\u00e8ixer una vegada s&#8217;atura la font sonora que el generava. A m\u00e9s, existeixen altres par\u00e0metres \u00edntimament relacionats mitjan\u00e7ant els quals s&#8217;avalua de forma integral la qualitat ac\u00fastica d&#8217;una sala, tals com la definici\u00f3 de la paraula (D50), la claredat musical (C80) o el guany (Strength), entre molts altres.<\/p>\n<p>dBplus consultors ac\u00fastics disposa de l&#8217;equip hum\u00e0 i de la tecnologia m\u00e9s innovadora per aconseguir que el recinte estudiat presenti els par\u00e0metres de qualitat ac\u00fastica desitjats pel seu \u00fas, optimitzant d&#8217;aquesta manera la inversi\u00f3 necess\u00e0ria per desenvolupar-ho.<\/p>\n<\/div><!-- \/.acc-content --><\/div> <\/div><!-- end \/.acc-group --> <\/div><!-- end \/.acc--style -->\n<div class=\"zn_accordion--shortcode acc--default-style panel-group \"><div class=\"acc-group \"><button data-toggle=\"collapse\" data-target=\"#acc69df9cedba26e\" class=\"acc-tgg-button text-custom collapsed \"><b>Salas destinades a veu i m\u00fasica<\/b><span class=\"acc-icon\"><\/span><\/button><div id=\"acc69df9cedba26e\" class=\"acc-panel-collapse collapse \"><div class=\"acc-content\">\n<p>Dins dels diferents camps de l&#8217;ac\u00fastica, els usos m\u00e9s habituals per a un recinte es poden dividir entre veu i m\u00fasica, i, les caracter\u00edstiques que es requereixen perqu\u00e8 l&#8217;espai es comporti adequadament , varien de l&#8217;un a l&#8217;altre. D&#8217;aquesta manera, en una sala per a m\u00fasica es busca que l&#8217;espai aporti cert retorn sobre l&#8217;oient , sent part activa de com percebem la m\u00fasica, introduint certa reverberaci\u00f3, calidesa i claredat. En canvi, en una sala destinada a veu, es requereix aconseguir una bona intel\u2022ligibilitat del missatge oral i que en la totalitat de l&#8217;audi\u00e8ncia no hi hagi cap dificultat en entendre la paraula.<\/p>\n<p>dBplus consultors ac\u00fastics realitza dissenys a mida en funci\u00f3 de les necessitats espec\u00edfiques de cada client. Mitjan\u00e7ant una execuci\u00f3 duta a terme per un equip altament especialitzat , garantim els resultats estalviant temps i diners.<\/p>\n<\/div><!-- \/.acc-content --><\/div> <\/div><!-- end \/.acc-group --> <\/div><!-- end \/.acc--style -->\n<div class=\"zn_accordion--shortcode acc--default-style panel-group \"><div class=\"acc-group \"><button data-toggle=\"collapse\" data-target=\"#acc69df9cedba27a\" class=\"acc-tgg-button text-custom collapsed \"><b>Recintes especials<\/b><span class=\"acc-icon\"><\/span><\/button><div id=\"acc69df9cedba27a\" class=\"acc-panel-collapse collapse \"><div class=\"acc-content\">\n<p>Hi ha certs tipus de recintes que requereixen una ac\u00fastica molt particular, a causa de la naturalesa de les activitats que s&#8217;hi desenvoluparan o les caracter\u00edstiques arquitect\u00f2niques dels mateixos. Dins d&#8217;aquests tipus de recintes podem trobar museus, hospitals, centres educatius i esportius, aeroports, estacions o despatxos i oficines.<\/p>\n<p>dBplus consultors ac\u00fastics realitza dissenys espec\u00edfics en funci\u00f3 de les caracter\u00edstiques de l&#8217;espai i dels objectius requerits pel client. Mitjan\u00e7ant una execuci\u00f3 duta a terme per un equip altament especialitzat, garantim els resultats estalviant temps i diners.<\/p>\n<\/div><!-- \/.acc-content --><\/div> <\/div><!-- end \/.acc-group --> <\/div><!-- end \/.acc--style -->\n<div class=\"zn_accordion--shortcode acc--default-style panel-group \"><div class=\"acc-group \"><button data-toggle=\"collapse\" data-target=\"#acc69df9cedba284\" class=\"acc-tgg-button text-custom collapsed \"><b>Estudis audiovisuals<\/b><span class=\"acc-icon\"><\/span><\/button><div id=\"acc69df9cedba284\" class=\"acc-panel-collapse collapse \"><div class=\"acc-content\">\n<p>Els estudis audiovisuals, com ara estudis de gravaci\u00f3, sales de control i plat\u00f3s de r\u00e0dio o televisi\u00f3, requereixen uns dissenys particulars perqu\u00e8 es puguin desenvolupar correctament les tasques necess\u00e0ries. Habitualment, aquests espais tenen unes dimensions molt petites, de manera que les eines habituals de disseny no funcionen adequadament. Per fer un condicionament ac\u00fastic adequat a aquest tipus d&#8217;espais, es requereix plantejar el disseny des del punt de vista de l&#8217;ac\u00fastica ondulat\u00f2ria, de manera que es puguin obtenir espais que no alterin de cap manera el so present a la sala.<\/p>\n<p>dBplus consultors ac\u00fastics disposa de la tecnologia necess\u00e0ria i d&#8217;un equip hum\u00e0 capacitat per donar resposta a les necessitats que es plantegen en aquest tipus de recintes, obtenint resultats que permetin desenvolupar les tasques necess\u00e0ries de la manera m\u00e9s adient.<\/p>\n<\/div><!-- \/.acc-content --><\/div> <\/div><!-- end \/.acc-group --> <\/div><!-- end \/.acc--style -->\n<div class=\"zn_accordion--shortcode acc--default-style panel-group \"><div class=\"acc-group \"><button data-toggle=\"collapse\" data-target=\"#acc69df9cedba28f\" class=\"acc-tgg-button text-custom collapsed \"><b>Control de la reverberaci\u00f3 - Compliment del CTE<\/b><span class=\"acc-icon\"><\/span><\/button><div id=\"acc69df9cedba28f\" class=\"acc-panel-collapse collapse \"><div class=\"acc-content\">\n<p>En el Document B\u00e0sic de Protecci\u00f3 Contra el Soroll DB-HR del Codi T\u00e8cnic de l&#8217;Edificaci\u00f3, a m\u00e9s de nombrosos Decrets i Ordenances, s&#8217;exigeix un valor m\u00e0xim de reverberaci\u00f3 per a certes activitats de p\u00fablica concurr\u00e8ncia, tal com succeeix per exemple en restaurants, biblioteques, centres de culte o aules. Aix\u00f2 es deu al fet que en un espai molt reverberant, el nivell de soroll que s&#8217;hi genera es veu incrementat per les m\u00faltiples reflexions que es donen en les seves superf\u00edcies. Amb un tractament adequat, es pot garantir que aquests valors exigits no es superin, aix\u00ed com aconseguir una intel\u2022ligibilitat de la paraula adequada que permeti una bona comunicaci\u00f3 entre persones per a aquests tipus de recintes.<\/p>\n<p>dBplus consultors ac\u00fastics realitza mesuraments i dissenys per donar compliment a les exig\u00e8ncies normatives. Amb un equip d&#8217;execuci\u00f3 altament especialitzat, garantim els resultats i optimitzem la inversi\u00f3 en temps i diners.<\/p>\n<\/div><!-- \/.acc-content --><\/div> <\/div><!-- end \/.acc-group --> <\/div><!-- end \/.acc--style -->\n<div class=\"zn_accordion--shortcode acc--default-style panel-group \"><div class=\"acc-group \"><button data-toggle=\"collapse\" data-target=\"#acc69df9cedba298\" class=\"acc-tgg-button text-custom collapsed \"><b>Ac\u00fastica variable<\/b><span class=\"acc-icon\"><\/span><\/button><div id=\"acc69df9cedba298\" class=\"acc-panel-collapse collapse \"><div class=\"acc-content\">\n<p>En recintes on es desenvolupen activitats de diferent naturalesa, com pot ser una sala d&#8217;espectacles en qu\u00e8 es duen a terme concerts, teatre, confer\u00e8ncies, etc . Cal dotar la sala de sistemes d&#8217;ac\u00fastica que puguin adaptar-se a aquests diferents usos. En aquesta situaci\u00f3, es poden incorporar sistemes de volum variable, materials m\u00f2bils que canvien les seves propietats en funci\u00f3 de l&#8217;\u00fas concret que es la d\u00f3na a la sala o altres solucions espec\u00edfiques.<\/p>\n<p>dBplus consultors ac\u00fastics realitza dissenys a mida per donar solucions a les necessitats particulars de cada client. Mitjan\u00e7ant una execuci\u00f3 duta a terme per un equip altament especialitzat, garantim els resultats estalviant temps i diners.<\/p>\n<\/div><!-- \/.acc-content --><\/div> <\/div><!-- end \/.acc-group --> <\/div><!-- end \/.acc--style -->\n<div class=\"zn_accordion--shortcode acc--default-style panel-group \"><div class=\"acc-group \"><button data-toggle=\"collapse\" data-target=\"#acc69df9cedba2a3\" class=\"acc-tgg-button text-custom collapsed \"><b>Execuci\u00f3 Integral de solucions dissenyades. Projectes claus en m\u00e0.<\/b><span class=\"acc-icon\"><\/span><\/button><div id=\"acc69df9cedba2a3\" class=\"acc-panel-collapse collapse \"><div class=\"acc-content\">\n<p>dBplus consultors ac\u00fastics disposa d&#8217;un equip d&#8217;instal\u2022laci\u00f3 altament especialitzat i amb una \u00e0mplia experi\u00e8ncia en el sector, obtenint les m\u00e0ximes prestacions ac\u00fastiques a partir d&#8217;un disseny adequat. Proporcionem dedicaci\u00f3 exclusiva, garantint instal\u2022lacions r\u00e0pides i eficients i causant el m\u00ednim impacte en la seva activitat.<\/p>\n<p>Realitzem projectes integrals &#8220;clau en m\u00e0&#8221;. Contracti el disseny, l&#8217;execuci\u00f3 i la certificaci\u00f3 final estalviant temps i diners i amb garantia total de resultats.<\/p>\n<p>dBplus consultors ac\u00fastics est\u00e0 inscrita en la REA, complint tots els requisits de capacitat, qualitat i prevenci\u00f3 de riscos laborals.<br \/>\n<\/div><!-- \/.acc-content --><\/div> <\/div><!-- end \/.acc-group --> <\/div><!-- end \/.acc--style -->\n","protected":false},"excerpt":{"rendered":"<p>&nbsp; El condicionament ac\u00fastic d&#8217;un espai tracta el disseny de la geometria i del tipus de materials necessaris per aconseguir una bona qualitat del so en el seu interior. El condicionament d&#8217;un recinte \u00e9s independent de l&#8217;a\u00efllament ac\u00fastic, el qual t\u00e9 com objectiu evitar que el soroll es propagui a l&#8217;exterior i generi mol\u00e8sties. Per<\/p>\n","protected":false},"author":1,"featured_media":0,"parent":0,"menu_order":24,"comment_status":"closed","ping_status":"open","template":"","meta":{"footnotes":""},"class_list":["post-2340","page","type-page","status-publish","hentry"],"_links":{"self":[{"href":"https:\/\/www.dbplusacoustics.com\/ca\/wp-json\/wp\/v2\/pages\/2340","targetHints":{"allow":["GET"]}}],"collection":[{"href":"https:\/\/www.dbplusacoustics.com\/ca\/wp-json\/wp\/v2\/pages"}],"about":[{"href":"https:\/\/www.dbplusacoustics.com\/ca\/wp-json\/wp\/v2\/types\/page"}],"author":[{"embeddable":true,"href":"https:\/\/www.dbplusacoustics.com\/ca\/wp-json\/wp\/v2\/users\/1"}],"replies":[{"embeddable":true,"href":"https:\/\/www.dbplusacoustics.com\/ca\/wp-json\/wp\/v2\/comments?post=2340"}],"version-history":[{"count":4,"href":"https:\/\/www.dbplusacoustics.com\/ca\/wp-json\/wp\/v2\/pages\/2340\/revisions"}],"predecessor-version":[{"id":3224,"href":"https:\/\/www.dbplusacoustics.com\/ca\/wp-json\/wp\/v2\/pages\/2340\/revisions\/3224"}],"wp:attachment":[{"href":"https:\/\/www.dbplusacoustics.com\/ca\/wp-json\/wp\/v2\/media?parent=2340"}],"curies":[{"name":"wp","href":"https:\/\/api.w.org\/{rel}","templated":true}]}}