{"id":2343,"date":"2013-10-13T10:28:45","date_gmt":"2013-10-13T10:28:45","guid":{"rendered":"http:\/\/www.dbplusacoustics.com\/acustica-proyectos-audiovisuales-2\/"},"modified":"2014-11-18T17:01:50","modified_gmt":"2014-11-18T17:01:50","slug":"acustica-proyectos-audiovisuales","status":"publish","type":"page","link":"https:\/\/www.dbplusacoustics.com\/ca\/acustica-proyectos-audiovisuales\/","title":{"rendered":"Projectes i instal\u2022lacions audiovisuals"},"content":{"rendered":"<h3 class=\"m_title\">Projectes i instal\u2022lacions audiovisuals<\/h3>\n<h4 class=\"lead\">   dBplus consultors ac\u00fastics desenvolupa dissenys i instal\u2022lacions audiovisuals per satisfer les necessitats particulars de cada projecte i de cada espai.<\/h4>\n<p> Tractem sistemes de refor\u00e7 electroac\u00fastic, ja siguin concentrats, distribu\u00efts o per ambient exterior, aix\u00ed com sistemes de megafonia. Dimensionem sistemes de reproducci\u00f3, gravaci\u00f3 i processat d&#8217;\u00e0udio per a sales de control, estudis de gravaci\u00f3 i edici\u00f3, aix\u00ed com sistemes de projecci\u00f3 i televisi\u00f3.<\/p>\n<p>  En dBplus consultors ac\u00fastics disposem de l&#8217;equip hum\u00e0 i de la tecnologia necess\u00e0ria per a realitzar dissenys de sistemes audiovisuals adequats als requeriments del client, obtenint els millors resultats amb una inversi\u00f3 \u00f2ptima.<\/p>\n","protected":false},"excerpt":{"rendered":"<p>Projectes i instal\u2022lacions audiovisuals dBplus consultors ac\u00fastics desenvolupa dissenys i instal\u2022lacions audiovisuals per satisfer les necessitats particulars de cada projecte i de cada espai. Tractem sistemes de refor\u00e7 electroac\u00fastic, ja siguin concentrats, distribu\u00efts o per ambient exterior, aix\u00ed com sistemes de megafonia. Dimensionem sistemes de reproducci\u00f3, gravaci\u00f3 i processat d&#8217;\u00e0udio per a sales de control,<\/p>\n","protected":false},"author":1,"featured_media":0,"parent":0,"menu_order":25,"comment_status":"closed","ping_status":"closed","template":"","meta":{"footnotes":""},"class_list":["post-2343","page","type-page","status-publish","hentry"],"_links":{"self":[{"href":"https:\/\/www.dbplusacoustics.com\/ca\/wp-json\/wp\/v2\/pages\/2343","targetHints":{"allow":["GET"]}}],"collection":[{"href":"https:\/\/www.dbplusacoustics.com\/ca\/wp-json\/wp\/v2\/pages"}],"about":[{"href":"https:\/\/www.dbplusacoustics.com\/ca\/wp-json\/wp\/v2\/types\/page"}],"author":[{"embeddable":true,"href":"https:\/\/www.dbplusacoustics.com\/ca\/wp-json\/wp\/v2\/users\/1"}],"replies":[{"embeddable":true,"href":"https:\/\/www.dbplusacoustics.com\/ca\/wp-json\/wp\/v2\/comments?post=2343"}],"version-history":[{"count":2,"href":"https:\/\/www.dbplusacoustics.com\/ca\/wp-json\/wp\/v2\/pages\/2343\/revisions"}],"predecessor-version":[{"id":2345,"href":"https:\/\/www.dbplusacoustics.com\/ca\/wp-json\/wp\/v2\/pages\/2343\/revisions\/2345"}],"wp:attachment":[{"href":"https:\/\/www.dbplusacoustics.com\/ca\/wp-json\/wp\/v2\/media?parent=2343"}],"curies":[{"name":"wp","href":"https:\/\/api.w.org\/{rel}","templated":true}]}}