{"id":2346,"date":"2013-10-13T10:29:35","date_gmt":"2013-10-13T10:29:35","guid":{"rendered":"http:\/\/www.dbplusacoustics.com\/servicios-acustica\/aislamiento-acondicionamiento-acustico\/codigo-tecnico-de-la-edificacion\/"},"modified":"2015-10-26T09:06:13","modified_gmt":"2015-10-26T09:06:13","slug":"cte-db-hr","status":"publish","type":"page","link":"https:\/\/www.dbplusacoustics.com\/ca\/cte-db-hr\/","title":{"rendered":"CTE DB-HR"},"content":{"rendered":"<h3 class=\"m_title\">Avaluaci\u00f3 de compliment Codi T\u00e8cnic de l&#8217;Edificaci\u00f3<\/h3>\n<h4 class=\"lead\"><strong>El Codi T\u00e8cnic de l&#8217;Edificaci\u00f3<\/strong> ( CTE ) \u00e9s el conjunt principal de normatives que regulen la construcci\u00f3 d&#8217;edificis a Espanya des de l&#8217;any 2006. En ell s&#8217;estableixen els requisits b\u00e0sics de seguretat i habitabilitat de les construccions i les seves exig\u00e8ncies intervenen en les fases de projecte, construcci\u00f3, manteniment i conservaci\u00f3.<\/h4>\n<p>En el seu Document B\u00e0sic de Protecci\u00f3 Contra del Soroll DB &#8211; HR, s&#8217;estableixen les exig\u00e8ncies b\u00e0siques de protecci\u00f3 enfront del soroll que han de satisfer els edificis, fixant com a objectiu la limitaci\u00f3 del risc de mol\u00e8sties o malalties derivades que el soroll pot produir als usuaris.<\/p>\n<p>Aquest document presenta les exig\u00e8ncies m\u00ednimes que han de complir els edificis perqu\u00e8 els seus elements constructius tinguin unes caracter\u00edstiques adequades que redueixin la transmissi\u00f3 del soroll aeri i del soroll d&#8217;impacte, aix\u00ed com per limitar el temps de reverberaci\u00f3 d&#8217;un recinte en funci\u00f3 del seu \u00fas. Aquestes exig\u00e8ncies m\u00ednimes han de ser avaluades sempre mitjan\u00e7ant mesuraments.<\/p>\n<p>En dBplus consultors ac\u00fastics avaluem el que indica el Codi T\u00e8cnic de l&#8217;Edificaci\u00f3 en relaci\u00f3 a l&#8217;a\u00efllament al soroll i al temps de reverberaci\u00f3, proporcionant les fitxes justificatives en el seu m\u00e8tode general o simplificat. A m\u00e9s, si la situaci\u00f3 ho requereix, realitzem dissenys espec\u00edfics per donar compliment a les exig\u00e8ncies normatives, realitzant instal\u2022lacions amb garantia de resultats.<\/p>\n","protected":false},"excerpt":{"rendered":"<p>Avaluaci\u00f3 de compliment Codi T\u00e8cnic de l&#8217;Edificaci\u00f3 El Codi T\u00e8cnic de l&#8217;Edificaci\u00f3 ( CTE ) \u00e9s el conjunt principal de normatives que regulen la construcci\u00f3 d&#8217;edificis a Espanya des de l&#8217;any 2006. En ell s&#8217;estableixen els requisits b\u00e0sics de seguretat i habitabilitat de les construccions i les seves exig\u00e8ncies intervenen en les fases de projecte,<\/p>\n","protected":false},"author":1,"featured_media":0,"parent":0,"menu_order":26,"comment_status":"closed","ping_status":"open","template":"","meta":{"footnotes":""},"class_list":["post-2346","page","type-page","status-publish","hentry"],"_links":{"self":[{"href":"https:\/\/www.dbplusacoustics.com\/ca\/wp-json\/wp\/v2\/pages\/2346","targetHints":{"allow":["GET"]}}],"collection":[{"href":"https:\/\/www.dbplusacoustics.com\/ca\/wp-json\/wp\/v2\/pages"}],"about":[{"href":"https:\/\/www.dbplusacoustics.com\/ca\/wp-json\/wp\/v2\/types\/page"}],"author":[{"embeddable":true,"href":"https:\/\/www.dbplusacoustics.com\/ca\/wp-json\/wp\/v2\/users\/1"}],"replies":[{"embeddable":true,"href":"https:\/\/www.dbplusacoustics.com\/ca\/wp-json\/wp\/v2\/comments?post=2346"}],"version-history":[{"count":4,"href":"https:\/\/www.dbplusacoustics.com\/ca\/wp-json\/wp\/v2\/pages\/2346\/revisions"}],"predecessor-version":[{"id":3207,"href":"https:\/\/www.dbplusacoustics.com\/ca\/wp-json\/wp\/v2\/pages\/2346\/revisions\/3207"}],"wp:attachment":[{"href":"https:\/\/www.dbplusacoustics.com\/ca\/wp-json\/wp\/v2\/media?parent=2346"}],"curies":[{"name":"wp","href":"https:\/\/api.w.org\/{rel}","templated":true}]}}