{"id":2351,"date":"2013-09-18T10:55:45","date_gmt":"2013-09-18T10:55:45","guid":{"rendered":"http:\/\/www.dbplusacoustics.com\/servicios-acustica\/mediciones-de-ruido-y-vibraciones\/"},"modified":"2017-11-04T19:12:28","modified_gmt":"2017-11-04T19:12:28","slug":"mesures-acustiques","status":"publish","type":"page","link":"https:\/\/www.dbplusacoustics.com\/ca\/mesures-acustiques\/","title":{"rendered":"Mesures de soroll i vibracions"},"content":{"rendered":"<h4 class=\"m_title lead\">dBplus consultors ac\u00fastics disposa de la m\u00e9s moderna tecnologia de mesurament ac\u00fastic existent en el mercat per garantir la fiabilitat i qualitat dels controls que realitza. <b>dBplus<\/b> realitza mesures de soroll i vibraci\u00f3 en funci\u00f3 de les necessitats del client:<\/h4>\n<p>A\u00efllament ac\u00fastic, nivells d&#8217;immissi\u00f3 de soroll i vibracions d&#8217;acord amb decrets i ordenances, par\u00e0metres de qualitat ac\u00fastica de sales, verificaci\u00f3 de compliment CTE, soroll en el lloc de treball i mesures de transmissi\u00f3 de soroll i vibracions en estat s\u00f2lid.<\/p>\n<p>&nbsp;<\/p>\n<p>Tots els equips de mesura compleixen la legislaci\u00f3 vigent, les verificacions peri\u00f2diques i amb els criteris establerts en l&#8217;Ordre Ministerial, de 16 de Desembre de 1998, del Ministeri de Foment (BOE 311 de 29\/12\/1998) i en l&#8217;Ordre del 30 de juny de 1999, del Departament d&#8217;Ind\u00fastria, Comer\u00e7 i Turisme (DOGC 2928, de 12\/07\/1999).<\/p>\n<h3 class=\"m_title\"><\/h3>\n<p>&nbsp;<\/p>\n<p>&nbsp;<\/p>\n<p>&nbsp;<\/p>\n<p>&nbsp;<\/p>\n<p>&nbsp;<\/p>\n","protected":false},"excerpt":{"rendered":"<p>dBplus consultors ac\u00fastics disposa de la m\u00e9s moderna tecnologia de mesurament ac\u00fastic existent en el mercat per garantir la fiabilitat i qualitat dels controls que realitza. dBplus realitza mesures de soroll i vibraci\u00f3 en funci\u00f3 de les necessitats del client: A\u00efllament ac\u00fastic, nivells d&#8217;immissi\u00f3 de soroll i vibracions d&#8217;acord amb decrets i ordenances, par\u00e0metres de<\/p>\n","protected":false},"author":1,"featured_media":0,"parent":0,"menu_order":46,"comment_status":"closed","ping_status":"closed","template":"","meta":{"footnotes":""},"class_list":["post-2351","page","type-page","status-publish","hentry"],"_links":{"self":[{"href":"https:\/\/www.dbplusacoustics.com\/ca\/wp-json\/wp\/v2\/pages\/2351","targetHints":{"allow":["GET"]}}],"collection":[{"href":"https:\/\/www.dbplusacoustics.com\/ca\/wp-json\/wp\/v2\/pages"}],"about":[{"href":"https:\/\/www.dbplusacoustics.com\/ca\/wp-json\/wp\/v2\/types\/page"}],"author":[{"embeddable":true,"href":"https:\/\/www.dbplusacoustics.com\/ca\/wp-json\/wp\/v2\/users\/1"}],"replies":[{"embeddable":true,"href":"https:\/\/www.dbplusacoustics.com\/ca\/wp-json\/wp\/v2\/comments?post=2351"}],"version-history":[{"count":4,"href":"https:\/\/www.dbplusacoustics.com\/ca\/wp-json\/wp\/v2\/pages\/2351\/revisions"}],"predecessor-version":[{"id":4078,"href":"https:\/\/www.dbplusacoustics.com\/ca\/wp-json\/wp\/v2\/pages\/2351\/revisions\/4078"}],"wp:attachment":[{"href":"https:\/\/www.dbplusacoustics.com\/ca\/wp-json\/wp\/v2\/media?parent=2351"}],"curies":[{"name":"wp","href":"https:\/\/api.w.org\/{rel}","templated":true}]}}