{"id":2354,"date":"2014-04-09T10:29:57","date_gmt":"2014-04-09T10:29:57","guid":{"rendered":"http:\/\/www.dbplusacoustics.com\/servicios-acustica\/mediciones-de-ruido-y-vibraciones\/medida-del-aislamiento-acustico\/"},"modified":"2015-10-27T08:52:09","modified_gmt":"2015-10-27T08:52:09","slug":"mesura-aillament-acustic-2","status":"publish","type":"page","link":"https:\/\/www.dbplusacoustics.com\/ca\/mesura-aillament-acustic-2\/","title":{"rendered":"Mesures d&#8217;a\u00efllament ac\u00fastic"},"content":{"rendered":"<p>En ac\u00fastica de sales, un dels aspectes de major import\u00e0ncia \u00e9s l&#8217;a\u00efllament ac\u00fastic, el qual es defineix com la capacitat d&#8217;un material d&#8217;oposar-se a la vibraci\u00f3 produ\u00efda pel soroll generat en el recinte emissor. Abans de dissenyar una soluci\u00f3 determinada, \u00e9s convenient avaluar l&#8217;efic\u00e0cia de l&#8217;a\u00efllament ac\u00fastic inicial de la paret, sostre o terra. D&#8217;aquesta manera s&#8217;aconsegueix optimitzar el disseny i reduir la inversi\u00f3 necess\u00e0ria per assolir els objectius proposats.<\/p>\n<p>&nbsp;<\/p>\n<p>Avui en dia, gaireb\u00e9 la totalitat de Decrets i Ordenances relacionades amb la contaminaci\u00f3 ac\u00fastica exigeixen un valor d&#8217;a\u00efllament m\u00ednim al soroll aeri i d&#8217;impacte entre recintes on es realitzen activitats i recintes protegits, aix\u00ed com en fa\u00e7anes. De la mateixa manera, El Codi T\u00e8cnic de l&#8217;Edificaci\u00f3, en el seu Document B\u00e0sic contra el Soroll, tamb\u00e9 exigeix un a\u00efllament m\u00ednim entre els diferents espais que conformen un edifici. L&#8217;avaluaci\u00f3 d&#8217;aquests a\u00efllaments exigits s&#8217;ha de fer sempre mitjan\u00e7ant mesures in situ.<\/p>\n<p>&nbsp;<\/p>\n<p><strong>dBplus consultors ac\u00fastics<\/strong> efectua les mesures necess\u00e0ries d&#8217;a\u00efllament al soroll aeri i al soroll d&#8217;impacte per garantir el compliment de les ordenances i normatives vigents, aix\u00ed com per aconseguir entorns ac\u00fasticament confortables, factors imprescindibles per al correcte desenvolupament de qualsevol activitat dins d&#8217;un recinte. Tots els mesuraments d&#8217;a\u00efllament realitzats per dBplus s&#8217;ajusten als procediments indicats en els est\u00e0ndards de qualitat nacionals i internacionals, els quals es defineixen en les normes UNE EN ISO 140 .<\/p>\n<div class=\"zn_accordion--shortcode acc--default-style panel-group \"><div class=\"acc-group \"><button data-toggle=\"collapse\" data-target=\"#acc69fb5e7887261\" class=\"acc-tgg-button text-custom collapsed \"><b>A\u00efllament ac\u00fastic al soroll aeri entre locals<\/b><span class=\"acc-icon\"><\/span><\/button><div id=\"acc69fb5e7887261\" class=\"acc-panel-collapse collapse \"><div class=\"acc-content\">\n<p>La transmissi\u00f3 de soroll que hi ha a trav\u00e9s d&#8217;un element separador entre dos recintes passa a trav\u00e9s del propi element separador (via directa) i a trav\u00e9s dels elements adjacents que conformen els recintes, \u00e9s a di , les parets, els sostres o els terres comuns (vies indirectes). La contribuci\u00f3 de totes aquestes vies defineix l&#8217;a\u00efllament final entre els dos espais. La manera \u00f2ptima de con\u00e8ixer l&#8217;a\u00efllament real d&#8217;un element separador \u00e9s mitjan\u00e7ant mesuraments, ja que d&#8217;aquesta manera es contemplen totes les vies de transmissi\u00f3 existents.<\/p>\n<p>&nbsp;<\/p>\n<p><strong>dBplus<\/strong> realitza el mesurament de l&#8217;a\u00efllament ac\u00fastic al soroll aeri entre locals seguint els m\u00e0xims est\u00e0ndards de qualitat, especificats a la norma UNE EN ISO 140-4, UNE EN ISO 140-5, Ac\u00fastica.<em> Medici\u00f3n del aislamiento ac\u00fastico en los edificios y de los elementos de construcci\u00f3n. Parte 5: Mediciones in situ del aislamiento ac\u00fastico a ruido a\u00e9reo de elementos de fachadas. (ISO 140-5:1998). L&#8217;avaluaci\u00f3 dels resultats de mesura es realitza segon la norma UNE EN ISO 717-1, &#8220;Evaluaci\u00f3n del aislamiento ac\u00fastico al ruido a\u00e9reo en los edificios y los elementos de construcci\u00f3n&#8221;.<\/em><\/p>\n<p>&nbsp;<\/p>\n<p>Mitjan\u00e7ant mesuraments d&#8217;a\u00efllament al soroll aeri entre locals, dBplus li ofereix la possibilitat d&#8217;avaluar in situ les exig\u00e8ncies de normatives estatals, auton\u00f2miques i municipals, aix\u00ed com de dissenyar, a partir del resultat dels mesuraments, solucions \u00f2ptimes amb la m\u00ednima inversi\u00f3 econ\u00f2mica.<br \/>\n<\/div><!-- \/.acc-content --><\/div> <\/div><!-- end \/.acc-group --> <\/div><!-- end \/.acc--style -->\n<div class=\"zn_accordion--shortcode acc--default-style panel-group \"><div class=\"acc-group \"><button data-toggle=\"collapse\" data-target=\"#acc69fb5e7887284\" class=\"acc-tgg-button text-custom collapsed \"><b>A\u00efllament ac\u00fastic al soroll aeri de fa\u00e7ana<\/b><span class=\"acc-icon\"><\/span><\/button><div id=\"acc69fb5e7887284\" class=\"acc-panel-collapse collapse \"><div class=\"acc-content\">\n<p>&nbsp;<\/p>\n<p>El soroll predominant en un entorn urb\u00e0 \u00e9s el soroll de tr\u00e0nsit, el qual dep\u00e8n principalment del tipus de via , densitat i tipus de tr\u00e0nsit i disposici\u00f3 dels edificis, a m\u00e9s d&#8217;altres factors. Per aix\u00f2, la majoria de Decrets i Ordenances relacionades amb el soroll ambiental, a m\u00e9s del Codi T\u00e8cnic de l&#8217;Edificaci\u00f3, exigeixen un a\u00efllament m\u00ednim al soroll aeri de fa\u00e7ana, que generalment \u00e9s m\u00e9s exigent quan m\u00e9s gran \u00e9s el nivell de soroll de la via a la que es troba.<\/p>\n<p>&nbsp;<\/p>\n<p>L&#8217;a\u00efllament ac\u00fastic al soroll aeri d&#8217;una fa\u00e7ana dep\u00e8n essencialment dels elements que la conformen, com ara finestres, portes o caixes de persiana. La manera \u00f2ptima de con\u00e8ixer l&#8217;a\u00efllament real d&#8217;un element separador \u00e9s mitjan\u00e7ant mesuraments, ja que d&#8217;aquesta manera es contemplen tots els elements de transmissi\u00f3 existents.<\/p>\n<p>&nbsp;<\/p>\n<p><strong>dBplus<\/strong> realitza les mesures d&#8217;a\u00efllament ac\u00fastic al soroll aeri entre locals seguint els m\u00e0xims est\u00e0ndards de qualitat, especificats a la norma <em>UNE EN ISO 140-5, Ac\u00fastica. Medici\u00f3n del aislamiento ac\u00fastico en los edificios y de los elementos de construcci\u00f3n. Parte 5: Mediciones in situ del aislamiento ac\u00fastico a ruido a\u00e9reo de elementos de fachadas. (ISO 140-5:1998). L&#8217;avaluaci\u00f3 dels resultats de mesura es realitza segons la norma UNE EN ISO 717-1, &#8220;Evaluaci\u00f3n del aislamiento ac\u00fastico al ruido a\u00e9reo en los edificios y los elementos de construcci\u00f3n&#8221;.<\/em><\/p>\n<p>&nbsp;<\/p>\n<p>Mitjan\u00e7ant mesuraments d&#8217;a\u00efllament al soroll aeri en fa\u00e7anes, dBplus li ofereix la possibilitat d&#8217;avaluar in situ les exig\u00e8ncies de normatives estatals, auton\u00f2miques i municipals, aix\u00ed com de dissenyar, a partir del resultat dels mesuraments, solucions \u00f2ptimes per obtenir el m\u00e0xim grau de confort interior.<\/p>\n<\/div><!-- \/.acc-content --><\/div> <\/div><!-- end \/.acc-group --> <\/div><!-- end \/.acc--style -->\n<div class=\"zn_accordion--shortcode acc--default-style panel-group \"><div class=\"acc-group \"><button data-toggle=\"collapse\" data-target=\"#acc69fb5e7887294\" class=\"acc-tgg-button text-custom collapsed \"><b>A\u00efllament ac\u00fastic al soroll d'impacte<\/b><span class=\"acc-icon\"><\/span><\/button><div id=\"acc69fb5e7887294\" class=\"acc-panel-collapse collapse \"><div class=\"acc-content\">\n<p>&nbsp;<\/p>\n<p>El soroll d&#8217;impacte es pot descriure com el soroll provocat per l&#8217;impacte directe d&#8217;un objecte sobre un element constructiu (com pot ser per exemple un sostre , una paret o el terra). Aquest impacte genera vibracions que es propaguen r\u00e0pidament per tota l&#8217;estructura amb baixa p\u00e8rdua d&#8217;energia, generant un nivell de pressi\u00f3 sonora en el recinte receptor que percebem com a soroll. Aquesta transmissi\u00f3 de soroll , que generalment est\u00e0 provocada per trepitjades, caigudes d&#8217;objectes i arrossegament de mobles, es produeix amb m\u00e9s intensitat cap al recinte situat immediatament sota i cap als espais adjacents laterals i, per tant, la mesura es realitza sobre el terra del recinte emissor.<\/p>\n<p>&nbsp;<\/p>\n<p>dBplus realitza el mesurament de l&#8217;a\u00efllament ac\u00fastic al soroll d&#8217;impacte del forjat divisori entre dos locals adjacents seguint el procediment especificat en la norma <em>UNE EN ISO 140-7, &#8220;Ac\u00fastica. Medici\u00f3n del aislamiento ac\u00fastico en los edificios y de los elementos de construcci\u00f3n. Parte 7: Medici\u00f3n in situ del aislamiento ac\u00fastico de suelos al ruido de impactos. (ISO 140-7:1998)&#8221;. L&#8217;avaluaci\u00f3 dels resultats de mesura es realitza segons la norma UNE EN ISO 717-2, &#8220;Ac\u00fastica. Evaluaci\u00f3n del aislamiento ac\u00fastico en los edificios y de los elementos de construcci\u00f3n. Parte 2: Aislamiento a ruido de impactos. (ISO 717-2:1996)&#8221;.<\/em><\/p>\n<p>&nbsp;<\/p>\n<p>Mitjan\u00e7ant mesuraments d&#8217;a\u00efllament al soroll aeri en fa\u00e7anes, dBplus li ofereix la possibilitat d&#8217;avaluar in situ les exig\u00e8ncies de les normatives estatals, auton\u00f2miques i municipals, aix\u00ed com de dissenyar, a partir del resultat dels mesuraments, solucions \u00f2ptimes per obtenir el m\u00e0xim grau de confort interior.<\/p>\n<\/div><!-- \/.acc-content --><\/div> <\/div><!-- end \/.acc-group --> <\/div><!-- end \/.acc--style -->\n<div class=\"zn_accordion--shortcode acc--default-style panel-group \"><div class=\"acc-group \"><button data-toggle=\"collapse\" data-target=\"#acc69fb5e78872a1\" class=\"acc-tgg-button text-custom collapsed \"><b>Cumplimiento del CTE DB-HR<\/b><span class=\"acc-icon\"><\/span><\/button><div id=\"acc69fb5e78872a1\" class=\"acc-panel-collapse collapse \"><div class=\"acc-content\">\nEl Codi T\u00e8cnic de l&#8217;Edificaci\u00f3 (CTE) \u00e9s el conjunt principal de normatives que regulen la construcci\u00f3 d&#8217;edificis a Espanya des de 2006. En ell s&#8217;estableixen els requisits b\u00e0sics de seguretat i habitabilitat de les construccions i les seves exig\u00e8ncies intervenen en les fases de projecte, construcci\u00f3, manteniment i conservaci\u00f3.<\/p>\n<p>En el seu Document B\u00e0sic de Protecci\u00f3 Envers del Soroll DB &#8211; HR, s&#8217;estableixen les exig\u00e8ncies b\u00e0siques de protecci\u00f3 envers del soroll que han de satisfer els edificis, fixant com a objectiu la limitaci\u00f3 del risc de mol\u00e8sties o malalties derivades que el soroll pot produir als usuaris.<\/p>\n<p>Aquest document tamb\u00e9 presenta les condicions m\u00ednimes que han de complir els edificis perqu\u00e8 els seus elements constructius tinguin unes caracter\u00edstiques adequades que redueixin la transmissi\u00f3 del soroll aeri i del soroll d&#8217;impacte, aix\u00ed com per limitar el temps de reverberaci\u00f3 d&#8217;un recinte en funci\u00f3 del seu \u00fas. Aquestes exig\u00e8ncies m\u00ednimes han de ser avaluades sempre mitjan\u00e7ant mesuraments.<\/p>\n<p><strong>dBplus<\/strong> realitza els mesuraments pertinents d&#8217;a\u00efllament al soroll aeri, al soroll d&#8217;impacte i de temps de reverberaci\u00f3 d&#8217;acord a les exig\u00e8ncies imposades pel CTE DB &#8211; HR , garantint en tot moment que el projecte realitzat compleix in situ les caracter\u00edstiques exigides en mat\u00e8ria de soroll.<\/p>\n<\/div><!-- \/.acc-content --><\/div> <\/div><!-- end \/.acc-group --> <\/div><!-- end \/.acc--style -->\n","protected":false},"excerpt":{"rendered":"<p>En ac\u00fastica de sales, un dels aspectes de major import\u00e0ncia \u00e9s l&#8217;a\u00efllament ac\u00fastic, el qual es defineix com la capacitat d&#8217;un material d&#8217;oposar-se a la vibraci\u00f3 produ\u00efda pel soroll generat en el recinte emissor. Abans de dissenyar una soluci\u00f3 determinada, \u00e9s convenient avaluar l&#8217;efic\u00e0cia de l&#8217;a\u00efllament ac\u00fastic inicial de la paret, sostre o terra. D&#8217;aquesta<\/p>\n","protected":false},"author":1,"featured_media":0,"parent":0,"menu_order":27,"comment_status":"closed","ping_status":"open","template":"","meta":{"footnotes":""},"class_list":["post-2354","page","type-page","status-publish","hentry"],"_links":{"self":[{"href":"https:\/\/www.dbplusacoustics.com\/ca\/wp-json\/wp\/v2\/pages\/2354","targetHints":{"allow":["GET"]}}],"collection":[{"href":"https:\/\/www.dbplusacoustics.com\/ca\/wp-json\/wp\/v2\/pages"}],"about":[{"href":"https:\/\/www.dbplusacoustics.com\/ca\/wp-json\/wp\/v2\/types\/page"}],"author":[{"embeddable":true,"href":"https:\/\/www.dbplusacoustics.com\/ca\/wp-json\/wp\/v2\/users\/1"}],"replies":[{"embeddable":true,"href":"https:\/\/www.dbplusacoustics.com\/ca\/wp-json\/wp\/v2\/comments?post=2354"}],"version-history":[{"count":4,"href":"https:\/\/www.dbplusacoustics.com\/ca\/wp-json\/wp\/v2\/pages\/2354\/revisions"}],"predecessor-version":[{"id":3225,"href":"https:\/\/www.dbplusacoustics.com\/ca\/wp-json\/wp\/v2\/pages\/2354\/revisions\/3225"}],"wp:attachment":[{"href":"https:\/\/www.dbplusacoustics.com\/ca\/wp-json\/wp\/v2\/media?parent=2354"}],"curies":[{"name":"wp","href":"https:\/\/api.w.org\/{rel}","templated":true}]}}