{"id":2357,"date":"2013-12-19T23:23:40","date_gmt":"2013-12-19T23:23:40","guid":{"rendered":"http:\/\/www.dbplusacoustics.com\/servicios-acustica\/mediciones-de-ruido-y-vibraciones\/medidas-de-transmision-de-ruido\/"},"modified":"2015-10-27T08:43:32","modified_gmt":"2015-10-27T08:43:32","slug":"soroll-estructural","status":"publish","type":"page","link":"https:\/\/www.dbplusacoustics.com\/ca\/soroll-estructural\/","title":{"rendered":"Soroll estructural"},"content":{"rendered":"<p>El soroll estructural \u00e9s una patologia ac\u00fastica molt com\u00fa en els nostres dies, que patim en les nostres ciutats, per\u00f2 el pitjor de tot, tamb\u00e9 a les nostres cases.<\/p>\n<h3 class=\"lead\">El soroll estructural es pot definir com la propagaci\u00f3 de soroll que es genera per excitaci\u00f3 mec\u00e0nica directa dels paraments comuns.<\/h3>\n<p>La tranmissi\u00f3 de soroll\u00a0per via a\u00e8ria entre locals es d\u00f3na quan l&#8217;ona de pressi\u00f3 del soroll incideix en un parament i l&#8217;excita, en major o menor mesura, produint la transmissi\u00f3 del soroll fins a estades o llocs adjacents propers. En aquest cas, l&#8217;excitaci\u00f3 del parament tamb\u00e9 \u00e9s mec\u00e0nica, per\u00f2 indu\u00efda per la pressi\u00f3 de l&#8217;ona incident. El que diferencia aquest fenomen del soroll estructural \u00e9s que en el cas del soroll estructural la transmissi\u00f3 es realitza per excitaci\u00f3 mec\u00e0nica directa.<\/p>\n<p>Per posar un exemple molt senzill, si un ve\u00ed enc\u00e9n un trepant en l&#8217;habitatge del costat nostre, per\u00f2 no toca la paret amb ell, el soroll que ens pugui arribar ser\u00e0 exclusivament aeri. Quan\u00a0el ve\u00ed posi el trepant enc\u00e8s en contacte amb una paret comuna, en aquest moment ens arribar\u00e0 la suma del soroll aeri (el trepant segueix sonant) m\u00e9s la part de soroll estructural (transmissi\u00f3 de soroll directa indu\u00efda per l&#8217;excitaci\u00f3 directa de la paret amb el trepant).<\/p>\n<p>Com es pot observar l&#8217;exemple anterior, tots hem tingut alguna vegada aquesta experi\u00e8ncia, i som clarament conscients que la transmissi\u00f3 de soroll estructural sol ser sempre molt superior a la transmissi\u00f3 per via a\u00e8ria (en cas que existeixin les dues naturaleses de transmissi\u00f3 simult\u00e0niament ), i la soluci\u00f3 per aquest tipus de transmissi\u00f3 de soroll no s&#8217;aconsegueix amb parets m\u00e9s o menys gruixudes, sin\u00f3 mitjan\u00e7ant la dessolidaritzaci\u00f3 de la font que est\u00e0 generant la transmissi\u00f3.<\/p>\n<h3 class=\"lead\">Exemples de fonts de soroll estructural molt conegudes per tots s\u00f3n, entre altres, les perforacions de\u00a0paret, els ascensors els motors del qual fan vibrar en ocasions edificis sencers, el metro sota terra que fa vibrar carrers i edificis, equips d&#8217;aire condicionat collats\u00a0solid\u00e0riament a la fa\u00e7ana d&#8217;un edifici, i molts altres m\u00e9s.<\/h3>\n<p>Aix\u00ed mateix, la transmissi\u00f3 de soroll entre dos locals no nom\u00e9s dep\u00e8n de l&#8217;a\u00efllament ac\u00fastic de l&#8217;element separador entre ells, sin\u00f3 tamb\u00e9 de les vies indirectes de transmissi\u00f3 que componen els diferents elements constructius que els conformen. Per tant, el soroll es pot transmetre d&#8217;un local a un altre, a m\u00e9s de per l&#8217;element separador (via directa), a trav\u00e9s de les parets, sostres o s\u00f2ls comuns (vies indirectes).<\/p>\n<h3>Mesures de soroll i vibracions en estat s\u00f2lid<\/h3>\n<p>Mitjan\u00e7ant el nostre equip de mesura de transmissi\u00f3 de soroll i vibracions a trav\u00e9s dels diferents elements constructius d&#8217;un recinte, es pot caracteritzar les p\u00e8rdues d&#8217;a\u00efllament que les vies de transmissi\u00f3 indirecta poden generar i avaluar la necessitat de refor\u00e7ar la seva a\u00efllament ac\u00fastic. D&#8217;aquesta manera s&#8217;aconsegueix optimitzar l&#8217;a\u00efllament ac\u00fastic de la soluci\u00f3 proposada per l&#8217;element separador, reduint aix\u00ed la inversi\u00f3 necess\u00e0ria per solucionar el problema de soroll existent.<\/p>\n","protected":false},"excerpt":{"rendered":"<p>El soroll estructural \u00e9s una patologia ac\u00fastica molt com\u00fa en els nostres dies, que patim en les nostres ciutats, per\u00f2 el pitjor de tot, tamb\u00e9 a les nostres cases. El soroll estructural es pot definir com la propagaci\u00f3 de soroll que es genera per excitaci\u00f3 mec\u00e0nica directa dels paraments comuns. La tranmissi\u00f3 de soroll\u00a0per via<\/p>\n","protected":false},"author":1,"featured_media":0,"parent":0,"menu_order":28,"comment_status":"closed","ping_status":"closed","template":"","meta":{"footnotes":""},"class_list":["post-2357","page","type-page","status-publish","hentry"],"_links":{"self":[{"href":"https:\/\/www.dbplusacoustics.com\/ca\/wp-json\/wp\/v2\/pages\/2357","targetHints":{"allow":["GET"]}}],"collection":[{"href":"https:\/\/www.dbplusacoustics.com\/ca\/wp-json\/wp\/v2\/pages"}],"about":[{"href":"https:\/\/www.dbplusacoustics.com\/ca\/wp-json\/wp\/v2\/types\/page"}],"author":[{"embeddable":true,"href":"https:\/\/www.dbplusacoustics.com\/ca\/wp-json\/wp\/v2\/users\/1"}],"replies":[{"embeddable":true,"href":"https:\/\/www.dbplusacoustics.com\/ca\/wp-json\/wp\/v2\/comments?post=2357"}],"version-history":[{"count":3,"href":"https:\/\/www.dbplusacoustics.com\/ca\/wp-json\/wp\/v2\/pages\/2357\/revisions"}],"predecessor-version":[{"id":3212,"href":"https:\/\/www.dbplusacoustics.com\/ca\/wp-json\/wp\/v2\/pages\/2357\/revisions\/3212"}],"wp:attachment":[{"href":"https:\/\/www.dbplusacoustics.com\/ca\/wp-json\/wp\/v2\/media?parent=2357"}],"curies":[{"name":"wp","href":"https:\/\/api.w.org\/{rel}","templated":true}]}}