{"id":2359,"date":"2013-12-19T23:24:49","date_gmt":"2013-12-19T23:24:49","guid":{"rendered":"http:\/\/www.dbplusacoustics.com\/servicios-acustica\/mediciones-de-ruido-y-vibraciones\/medidas-de-caracterizacion-acustica-de-salas\/"},"modified":"2015-10-26T14:58:56","modified_gmt":"2015-10-26T14:58:56","slug":"acustica-sales","status":"publish","type":"page","link":"https:\/\/www.dbplusacoustics.com\/ca\/acustica-sales\/","title":{"rendered":"Ac\u00fastica de sales"},"content":{"rendered":"<p>El Temps Reverberaci\u00f3 d&#8217;una sala \u00e9s el par\u00e0metre per excel\u2022l\u00e8ncia per determinar la seva qualitat ac\u00fastica i es defineix com el temps que triga el so a desapar\u00e8ixer un cop s&#8217;atura la font sonora que el generava. La reverberaci\u00f3 d&#8217;un espai dep\u00e8n essencialment del seu volum i l&#8217;absorci\u00f3 ac\u00fastica dels seus materials. El Temps de Reverberaci\u00f3 \u00f2ptim d&#8217;una sala es defineix en funci\u00f3 de l&#8217;\u00fas a qu\u00e8 estigui destinada: Paraula, m\u00fasica, amplificaci\u00f3, etc. Aix\u00ed, per aconseguir una ac\u00fastica adequada, es requereix adaptar el tractament ac\u00fastic del recinte als objectius plantejats en funci\u00f3 del seu \u00fas.<\/p>\n<p>&nbsp;<\/p>\n<p>A m\u00e9s del Temps de Reverberaci\u00f3, hi ha una s\u00e8rie de par\u00e0metres \u00edntimament relacionats mitjan\u00e7ant els quals s&#8217;avalua de forma integral la qualitat ac\u00fastica d&#8217;una sala, com ara la definici\u00f3 de la paraula ( D50 ) i la claredat musical ( C80 ) , entre molts altres. En sales principalment per a espectacles o en les quals es requereixi una qualitat ac\u00fastica especialment bona, \u00e9s molt important que aquests par\u00e0metres estiguin dins dels marges recomanats per a l&#8217;\u00fas a qu\u00e8 estiguin destinades. El mesurament dels par\u00e0metres de qualitat ac\u00fastica d&#8217;una sala es realitza a partir de les diferents parts de la norma UNE EN ISO 3382: &#8220;Medici\u00f3n de par\u00e1metros ac\u00fasticos en recintos&#8221;.<\/p>\n<p>&nbsp;<\/p>\n<p>Avui en dia \u00e9s habitual que les normatives estatals, auton\u00f2miques i municipals, aix\u00ed com el Codi T\u00e8cnic de l&#8217;Edificaci\u00f3, exigeixin un valor m\u00e0xim de reverberaci\u00f3 per a certes activitats de p\u00fablica concurr\u00e8ncia, com succeeix per exemple en restaurants. Aix\u00f2 es deu al fet que en un espai molt reverberant, el nivell de soroll que s&#8217;hi genera es veu incrementat per les m\u00faltiples reflexions que es donen en les seves superf\u00edcies. Amb un tractament adequat , es pot garantir que aquests valors exigits no superin, aix\u00ed com aconseguir una intel\u2022ligibilitat de la paraula adequada que permeti una bona comunicaci\u00f3 entre persones per a aquest tipus de recintes.<\/p>\n<p>&nbsp;<\/p>\n<p><strong>dBplus consultors ac\u00fastics<\/strong> realitza els mesuraments pertinents, d&#8217;acord amb els procediments de mesura de m\u00e0xima qualitat definits per les normatives ISO, per caracteritzar de manera precisa la qualitat ac\u00fastica d&#8217;un recinte o per garantir la no superaci\u00f3 dels valors de reverberaci\u00f3 exigits en les normatives d&#8217;aplicaci\u00f3. En funci\u00f3 dels resultats obtinguts, <strong>dBplus consultors ac\u00fastics<\/strong> realitza els dissenys m\u00e9s adequats perqu\u00e8 el recinte estudiat presenti els par\u00e0metres de qualitat ac\u00fastica desitjats, optimitzant d&#8217; aquesta manera la inversi\u00f3 necess\u00e0ria per a realitzar-ho.<\/p>\n<p>&nbsp;<\/p>\n","protected":false},"excerpt":{"rendered":"<p>El Temps Reverberaci\u00f3 d&#8217;una sala \u00e9s el par\u00e0metre per excel\u2022l\u00e8ncia per determinar la seva qualitat ac\u00fastica i es defineix com el temps que triga el so a desapar\u00e8ixer un cop s&#8217;atura la font sonora que el generava. La reverberaci\u00f3 d&#8217;un espai dep\u00e8n essencialment del seu volum i l&#8217;absorci\u00f3 ac\u00fastica dels seus materials. El Temps de<\/p>\n","protected":false},"author":1,"featured_media":0,"parent":0,"menu_order":29,"comment_status":"closed","ping_status":"closed","template":"","meta":{"footnotes":""},"class_list":["post-2359","page","type-page","status-publish","hentry"],"_links":{"self":[{"href":"https:\/\/www.dbplusacoustics.com\/ca\/wp-json\/wp\/v2\/pages\/2359","targetHints":{"allow":["GET"]}}],"collection":[{"href":"https:\/\/www.dbplusacoustics.com\/ca\/wp-json\/wp\/v2\/pages"}],"about":[{"href":"https:\/\/www.dbplusacoustics.com\/ca\/wp-json\/wp\/v2\/types\/page"}],"author":[{"embeddable":true,"href":"https:\/\/www.dbplusacoustics.com\/ca\/wp-json\/wp\/v2\/users\/1"}],"replies":[{"embeddable":true,"href":"https:\/\/www.dbplusacoustics.com\/ca\/wp-json\/wp\/v2\/comments?post=2359"}],"version-history":[{"count":3,"href":"https:\/\/www.dbplusacoustics.com\/ca\/wp-json\/wp\/v2\/pages\/2359\/revisions"}],"predecessor-version":[{"id":3211,"href":"https:\/\/www.dbplusacoustics.com\/ca\/wp-json\/wp\/v2\/pages\/2359\/revisions\/3211"}],"wp:attachment":[{"href":"https:\/\/www.dbplusacoustics.com\/ca\/wp-json\/wp\/v2\/media?parent=2359"}],"curies":[{"name":"wp","href":"https:\/\/api.w.org\/{rel}","templated":true}]}}