{"id":2362,"date":"2013-12-19T23:26:49","date_gmt":"2013-12-19T23:26:49","guid":{"rendered":"http:\/\/www.dbplusacoustics.com\/servicios-acustica\/medicion-evaluacion-decreto-ordenanzas-de-ruido-ambiental\/"},"modified":"2015-10-26T15:24:06","modified_gmt":"2015-10-26T15:24:06","slug":"estudis-acustics","status":"publish","type":"page","link":"https:\/\/www.dbplusacoustics.com\/ca\/estudis-acustics\/","title":{"rendered":"Estudis ac\u00fastics"},"content":{"rendered":"<p><a href=\"http:\/\/www.dbplusacoustics.com\/wp-content\/uploads\/2013\/12\/check-mediano.jpg\"><img loading=\"lazy\" decoding=\"async\" class=\"alignright wp-image-2724 size-medium\" title=\"Auditoria acustica Barcelona\" src=\"http:\/\/www.dbplusacoustics.com\/wp-content\/uploads\/2013\/12\/check-mediano-300x200.jpg\" alt=\"check mediano\" width=\"300\" height=\"200\" srcset=\"https:\/\/www.dbplusacoustics.com\/wp-content\/uploads\/2013\/12\/check-mediano-300x200.jpg 300w, https:\/\/www.dbplusacoustics.com\/wp-content\/uploads\/2013\/12\/check-mediano-1024x682.jpg 1024w, https:\/\/www.dbplusacoustics.com\/wp-content\/uploads\/2013\/12\/check-mediano.jpg 1555w\" sizes=\"auto, (max-width: 300px) 100vw, 300px\" \/><\/a>Avui en dia hi ha nombrosos Decrets i Ordenances en qu\u00e8 es defineixen els valors m\u00e0xims de soroll o vibraci\u00f3 permesos en un recinte en funci\u00f3 de l&#8217;horari en qu\u00e8 es percep el soroll i l&#8217;\u00fas del recinte a protegir. D&#8217;aquesta manera, una activitat (ind\u00fastria, oci, restauraci\u00f3, maquin\u00e0ria, etc.) O infraestructura (transport viari, ferroviari, etc.) Ha de garantir que els nivells de soroll i vibraci\u00f3 que aquesta genera en els diferents receptors sensibles al soroll (ambient exterior, habitatges, oficines, etc.) , no superen els valors exigits en les normatives d&#8217;aplicaci\u00f3.<\/p>\n<p>&nbsp;<\/p>\n<p><strong>dBplus consultors ac\u00fastics<\/strong> realitza els mesuraments i avaluacions necess\u00e0ries per determinar el compliment dels l\u00edmits exigits d&#8217;acord amb els procediments descrits en els Decrets i Ordenances. En cas de superaci\u00f3 d&#8217;aquests l\u00edmits, <strong>dBplus consultors ac\u00fastics<\/strong> dissenya i instal\u2022la les solucions m\u00e9s adequades per garantir el compliment de les exig\u00e8ncies legals amb una inversi\u00f3 econ\u00f2mica \u00f2ptima.<\/p>\n<div class=\"zn_accordion--shortcode acc--default-style panel-group \"><div class=\"acc-group \"><button data-toggle=\"collapse\" data-target=\"#acc69f8907b14316\" class=\"acc-tgg-button text-custom collapsed \"><b>Mesures d'immissi\u00f3 sonora<\/b><span class=\"acc-icon\"><\/span><\/button><div id=\"acc69f8907b14316\" class=\"acc-panel-collapse collapse \"><div class=\"acc-content\">\n<p>La immissi\u00f3 sonora es pot definir com el nivell de soroll que una activitat o infraestructura determinada genera en un receptor a avaluar. Les fonts de soroll que generen immissi\u00f3 sonora s\u00f3n molt nombroses, com ara poden ser ind\u00fastries, activitats d&#8217;oci i restauraci\u00f3, sistemes de climatitzaci\u00f3, ascensors, infraestructures vi\u00e0ries, ferrovi\u00e0ries i aeroports, etc. Els l\u00edmits a complir en un receptor donat v\u00e9nen definits en funci\u00f3 de l&#8217;horari de funcionament de la font de soroll i de l&#8217;\u00fas de l&#8217;espai a protegir (ambient exterior, \u00fas residencial, \u00fas docent, \u00fas hospitalari, oficines i despatxos, etc.).<\/p>\n<p>&nbsp;<\/p>\n<p>En funci\u00f3 del tipus de soroll generat, l&#8217;avaluaci\u00f3 del nivell d&#8217;immissi\u00f3 pot incloure penalitzacions. Per exemple, un soroll que contingui baixa freq\u00fc\u00e8ncia (so greu), components tonals o impulsivitat (cops o impactes) es considera que \u00e9s m\u00e9s molest per al receptor i es permet un nivell menor en els receptors a protegir.<\/p>\n<p>&nbsp;<\/p>\n<p><strong>dBplus consultors ac\u00fastics<\/strong> realitza les mesures i avaluacions necess\u00e0ries per determinar el compliment o incompliment de la normativa d&#8217;aplicaci\u00f3 per part d&#8217;un focus de soroll. En cas de superar el nivell m\u00e0xim de soroll perm\u00e8s, dBplus consultors ac\u00fastics dissenya i executa les solucions m\u00e9s adequades per garantir el compliment de les exig\u00e8ncies amb la m\u00ednima inversi\u00f3 econ\u00f2mica necess\u00e0ria.<br \/>\n<\/div><!-- \/.acc-content --><\/div> <\/div><!-- end \/.acc-group --> <\/div><!-- end \/.acc--style -->\n<div class=\"zn_accordion--shortcode acc--default-style panel-group \"><div class=\"acc-group \"><button data-toggle=\"collapse\" data-target=\"#acc69f8907b1433a\" class=\"acc-tgg-button text-custom collapsed \"><b>Mesures de vibraci\u00f3<\/b><span class=\"acc-icon\"><\/span><\/button><div id=\"acc69f8907b1433a\" class=\"acc-panel-collapse collapse \"><div class=\"acc-content\">\n<p>Les activitats, ind\u00fastries o infraestructures no nom\u00e9s generen mol\u00e8sties a causa del soroll que emeten, sin\u00f3 que tamb\u00e9 poden provocar vibracions molestes per al receptor, com ara les generades per maquin\u00e0ria de clima o ascensors. Per aquesta ra\u00f3, les normatives que fixen els l\u00edmits de soroll permesos tamb\u00e9 inclouen apartats referits als nivells de vibraci\u00f3 m\u00e0xims admissibles en un recinte en funci\u00f3 del seu \u00fas.<\/p>\n<p>&nbsp;<\/p>\n<p><strong>dBplus consultors ac\u00fastics<\/strong> realitza les mesures i avaluacions necess\u00e0ries per determinar els nivells de vibraci\u00f3 provocats per un focus determinat en relaci\u00f3 als l\u00edmits exigits per la normativa aplicable. En cas de superar el nivell m\u00e0xim de vibraci\u00f3 perm\u00e8s, dBplus consultors ac\u00fastics dissenya i executa les solucions antivibrat\u00f2ries m\u00e9s adequades per garantir el compliment de les exig\u00e8ncies i el confort del receptor, sempre garantint els objectius amb la m\u00ednima inversi\u00f3 econ\u00f2mica necess\u00e0ria.<br \/>\n<\/div><!-- \/.acc-content --><\/div> <\/div><!-- end \/.acc-group --> <\/div><!-- end \/.acc--style -->\n<div class=\"zn_accordion--shortcode acc--default-style panel-group \"><div class=\"acc-group \"><button data-toggle=\"collapse\" data-target=\"#acc69f8907b1434a\" class=\"acc-tgg-button text-custom collapsed \"><b>Mesurament de soroll en el Lloc de Treball<\/b><span class=\"acc-icon\"><\/span><\/button><div id=\"acc69f8907b1434a\" class=\"acc-panel-collapse collapse \"><div class=\"acc-content\">\n<p>&nbsp;<\/p>\n<p>La creixent implantaci\u00f3 de normatives de riscos laborals ha significat la necessitat d&#8217;avaluar l&#8217;exposici\u00f3 dels treballadors al soroll en el lloc de treball. D&#8217;aquesta manera, es pret\u00e9n protegir la salut dels treballadors i eliminar els riscos que es puguin derivar d&#8217;un exc\u00e9s de soroll en l&#8217;ambient laboral.<\/p>\n<p>&nbsp;<\/p>\n<p><strong>dBplus consultors ac\u00fastics<\/strong> realitza els mesuraments i avaluacions pertinents d&#8217;acord amb la normativa europea (Directiva 2003\/10\/CE) i estatal (Reial Decret 286\/2006) per garantir que no es superin els nivells d&#8217;exposici\u00f3 permesos en l&#8217;ambient de treball. En cas de superaci\u00f3 d&#8217;aquests l\u00edmits, dBplus consultors ac\u00fastics dissenya i executa les solucions \u00f2ptimes per protegir la salut dels treballadors i eliminar els riscos que se&#8217;n puguin derivar, sempre garantint els objectius amb la m\u00ednima inversi\u00f3 econ\u00f2mica necess\u00e0ria.<br \/>\n<\/div><!-- \/.acc-content --><\/div> <\/div><!-- end \/.acc-group --> <\/div><!-- end \/.acc--style -->\n<p>&nbsp;<\/p>\n","protected":false},"excerpt":{"rendered":"<p>Avui en dia hi ha nombrosos Decrets i Ordenances en qu\u00e8 es defineixen els valors m\u00e0xims de soroll o vibraci\u00f3 permesos en un recinte en funci\u00f3 de l&#8217;horari en qu\u00e8 es percep el soroll i l&#8217;\u00fas del recinte a protegir. D&#8217;aquesta manera, una activitat (ind\u00fastria, oci, restauraci\u00f3, maquin\u00e0ria, etc.) O infraestructura (transport viari, ferroviari, etc.)<\/p>\n","protected":false},"author":1,"featured_media":0,"parent":0,"menu_order":15,"comment_status":"closed","ping_status":"closed","template":"","meta":{"footnotes":""},"class_list":["post-2362","page","type-page","status-publish","hentry"],"_links":{"self":[{"href":"https:\/\/www.dbplusacoustics.com\/ca\/wp-json\/wp\/v2\/pages\/2362","targetHints":{"allow":["GET"]}}],"collection":[{"href":"https:\/\/www.dbplusacoustics.com\/ca\/wp-json\/wp\/v2\/pages"}],"about":[{"href":"https:\/\/www.dbplusacoustics.com\/ca\/wp-json\/wp\/v2\/types\/page"}],"author":[{"embeddable":true,"href":"https:\/\/www.dbplusacoustics.com\/ca\/wp-json\/wp\/v2\/users\/1"}],"replies":[{"embeddable":true,"href":"https:\/\/www.dbplusacoustics.com\/ca\/wp-json\/wp\/v2\/comments?post=2362"}],"version-history":[{"count":4,"href":"https:\/\/www.dbplusacoustics.com\/ca\/wp-json\/wp\/v2\/pages\/2362\/revisions"}],"predecessor-version":[{"id":3215,"href":"https:\/\/www.dbplusacoustics.com\/ca\/wp-json\/wp\/v2\/pages\/2362\/revisions\/3215"}],"wp:attachment":[{"href":"https:\/\/www.dbplusacoustics.com\/ca\/wp-json\/wp\/v2\/media?parent=2362"}],"curies":[{"name":"wp","href":"https:\/\/api.w.org\/{rel}","templated":true}]}}