{"id":2448,"date":"2013-09-29T19:49:57","date_gmt":"2013-09-29T19:49:57","guid":{"rendered":"http:\/\/www.dbplusacoustics.com\/insonorizacion-barcelona-2\/"},"modified":"2017-11-04T19:12:03","modified_gmt":"2017-11-04T19:12:03","slug":"insonoritzacio-barcelona","status":"publish","type":"page","link":"https:\/\/www.dbplusacoustics.com\/ca\/insonoritzacio-barcelona\/","title":{"rendered":"Insonoritzaci\u00f3 Barcelona"},"content":{"rendered":"<h2 class=\"m_title\">Insonoritzaci\u00f3 ac\u00fastica<\/h2>\n<p class=\"lead\"><strong>Insonoritzar<\/strong> un recinte suposa <a href=\"aislamiento-acustico-barcelona.php\">a\u00efllar ac\u00fasticament<\/a> de l&#8217;exterior, la qual cosa implica una doble direcci\u00f3:<\/p>\n<p>1. Evitar que el so que produ\u00efm surti a l&#8217;exterior (evitar la contaminaci\u00f3 ac\u00fastica)<\/p>\n<p>2. Evitar que el soroll exterior penetri i distorsioni el so de la sala.<\/p>\n<p>Sobretot en ciutats com Barcelona, \u00e9s interessant tenir en compte que si es redueix el nivell de soroll en un ambient, tamb\u00e9 es redueix en els ambients ve\u00efns, encara que no millori l&#8217;a\u00efllament en si.<\/p>\n<p>A l&#8217;hora de insonoritzar, cal diferenciar entre a\u00efllament ac\u00fastic i condicionament ac\u00fastic per utilitzar els materials i t\u00e8cniques adequats en cada cas:<\/p>\n<p class=\"lead\">L&#8217; <a href=\"http:\/\/www.dbplusacoustics.com\/aislamiento-acustico-barcelona.php\">a\u00efllament ac\u00fastic<\/a> permet proporcionar una protecci\u00f3 al recinte contra la penetraci\u00f3 del soroll.<\/p>\n<p class=\"lead\">En canvi, el condicionament ac\u00fastic el que pret\u00e9n \u00e9s millorar la pr\u00f2pia ac\u00fastica del recinte, controlant par\u00e0metres com la naturalesa i nombre de les reflexions sonores, resson\u00e0ncies modals, el temps de reverberaci\u00f3, etc.<\/p>\n<p>A dBplus proporcionem solucions eficaces per garantir entorns ac\u00fasticament confortables mitjan\u00e7ant l&#8217;obtenci\u00f3 de bons nivells d&#8217;a\u00efllament ac\u00fastic, aix\u00ed com de control de soroll i vibracions, factors imprescindibles per al correcte desenvolupament de qualsevol activitat dins d&#8217;un recinte.<br \/>\nTamb\u00e9 posem al seu abast els coneixements i les t\u00e8cniques necess\u00e0ries per definir de forma precisa el conjunt de solucions constructives encaminades a l&#8217;obtenci\u00f3 d&#8217;una correcta atenuaci\u00f3 de la transmissi\u00f3 de soroll i vibracions entre espais diferenciats, i reduir, per sota dels m\u00e0xims admissibles, els nivells d&#8217;immissi\u00f3 sonora en el recinte objecte d&#8217;estudi.<\/p>\n","protected":false},"excerpt":{"rendered":"<p>Insonoritzaci\u00f3 ac\u00fastica Insonoritzar un recinte suposa a\u00efllar ac\u00fasticament de l&#8217;exterior, la qual cosa implica una doble direcci\u00f3: 1. Evitar que el so que produ\u00efm surti a l&#8217;exterior (evitar la contaminaci\u00f3 ac\u00fastica) 2. Evitar que el soroll exterior penetri i distorsioni el so de la sala. Sobretot en ciutats com Barcelona, \u00e9s interessant tenir en compte<\/p>\n","protected":false},"author":1,"featured_media":0,"parent":0,"menu_order":14,"comment_status":"closed","ping_status":"closed","template":"","meta":{"footnotes":""},"class_list":["post-2448","page","type-page","status-publish","hentry"],"_links":{"self":[{"href":"https:\/\/www.dbplusacoustics.com\/ca\/wp-json\/wp\/v2\/pages\/2448","targetHints":{"allow":["GET"]}}],"collection":[{"href":"https:\/\/www.dbplusacoustics.com\/ca\/wp-json\/wp\/v2\/pages"}],"about":[{"href":"https:\/\/www.dbplusacoustics.com\/ca\/wp-json\/wp\/v2\/types\/page"}],"author":[{"embeddable":true,"href":"https:\/\/www.dbplusacoustics.com\/ca\/wp-json\/wp\/v2\/users\/1"}],"replies":[{"embeddable":true,"href":"https:\/\/www.dbplusacoustics.com\/ca\/wp-json\/wp\/v2\/comments?post=2448"}],"version-history":[{"count":4,"href":"https:\/\/www.dbplusacoustics.com\/ca\/wp-json\/wp\/v2\/pages\/2448\/revisions"}],"predecessor-version":[{"id":2486,"href":"https:\/\/www.dbplusacoustics.com\/ca\/wp-json\/wp\/v2\/pages\/2448\/revisions\/2486"}],"wp:attachment":[{"href":"https:\/\/www.dbplusacoustics.com\/ca\/wp-json\/wp\/v2\/media?parent=2448"}],"curies":[{"name":"wp","href":"https:\/\/api.w.org\/{rel}","templated":true}]}}