{"id":2468,"date":"2013-10-03T14:43:12","date_gmt":"2013-10-03T14:43:12","guid":{"rendered":"http:\/\/www.dbplusacoustics.com\/insonorizacion-industrial-2\/"},"modified":"2014-11-24T08:53:19","modified_gmt":"2014-11-24T08:53:19","slug":"insonorizacion-industrial","status":"publish","type":"page","link":"https:\/\/www.dbplusacoustics.com\/ca\/insonorizacion-industrial\/","title":{"rendered":"Insonoritzaci\u00f3 Industrial"},"content":{"rendered":"<p>En dBplus consultors ac\u00fastics tenim una \u00e0mplia experi\u00e8ncia en el disseny i instal\u00b7laci\u00f3 de tot tipus de tractaments ac\u00fastics per recintes industrials. Realitzem qualsevol actuaci\u00f3 relacionada amb l&#8217;impacte ac\u00fastic de l&#8217;activitat industrial, des avaluacions normatives o tractaments de reducci\u00f3 de soroll fins protecci\u00f3 del treballador enfront del soroll o projectes d&#8217;impacte ac\u00fastic per a l&#8217;obtenci\u00f3 o modificaci\u00f3 de la llic\u00e8ncia. dBplus consultors ac\u00fastics desenvolupa el projecte de manera integral, incloent les mesures sonom\u00e8triques que s&#8217;estimen necess\u00e0ries, el disseny preliminar mitjan\u00e7ant l&#8217;\u00fas de programari d&#8217;\u00faltima generaci\u00f3 (CadnaA, Odeon, dBKAisla, Insul, etc.), la instal\u00b7laci\u00f3 amb operaris especialitzats i la certificaci\u00f3 final. dBplus consultors ac\u00fastics pot dissenyar solucions a mida per satisfer les necessitats particulars de cada client i, mitjan\u00e7ant el nostre equip d&#8217;instal\u00b7ladors altament formats, garantir el compliment dels objectius plantejats a l&#8217;inici del projecte. Consulti els nostres projectes per obtenir m\u00e9s informaci\u00f3:<\/p>\n<ul>\n<li> COBEGA S.A. &#8211; Protecci\u00f3 del treballador contra el soroll, planta embotelladora de vidre<br \/>\nMartorelles del Vall\u00e8s, Barcelona. 2009<br \/>\nProjecte d&#8217;enginyeria: model ac\u00fastic de predicci\u00f3 i disseny de solucions.<br \/>\nProjecte executiu: instal\u00b7laci\u00f3 de solucions dissenyades i certificaci\u00f3 final.<br \/>\nProjecte d&#8217;enginyeria: model ac\u00fastic de predicci\u00f3 i disseny de solucions. <\/li>\n<li> AMEC SPIE &#8211; Planta de tractament de residus d&#8217;Andorra.<br \/>\nSt Juli\u00e0 de L\u00f2ria, Andorra. 2007<br \/>\nProjecte d&#8217;enginyeria: Estudi ac\u00fastic de silenciadors per ventiladors centr\u00edfugs. <\/li>\n<li> AIG\u00dcES TER LLOBREGAT &#8211;<br \/>\nEstacions de bombament d&#8217;aigua del Montseny. 2009<br \/>\nProjecte executiu: Instalacion de solucions ac\u00fastiques en diverses estacions de bombament d&#8217;aigua. Portes ac\u00fastiques, silenciadors, absorci\u00f3 ac\u00fastica. <\/li>\n<\/ul>\n","protected":false},"excerpt":{"rendered":"<p>En dBplus consultors ac\u00fastics tenim una \u00e0mplia experi\u00e8ncia en el disseny i instal\u00b7laci\u00f3 de tot tipus de tractaments ac\u00fastics per recintes industrials. Realitzem qualsevol actuaci\u00f3 relacionada amb l&#8217;impacte ac\u00fastic de l&#8217;activitat industrial, des avaluacions normatives o tractaments de reducci\u00f3 de soroll fins protecci\u00f3 del treballador enfront del soroll o projectes d&#8217;impacte ac\u00fastic per a l&#8217;obtenci\u00f3<\/p>\n","protected":false},"author":1,"featured_media":0,"parent":0,"menu_order":12,"comment_status":"closed","ping_status":"closed","template":"","meta":{"footnotes":""},"class_list":["post-2468","page","type-page","status-publish","hentry"],"_links":{"self":[{"href":"https:\/\/www.dbplusacoustics.com\/ca\/wp-json\/wp\/v2\/pages\/2468","targetHints":{"allow":["GET"]}}],"collection":[{"href":"https:\/\/www.dbplusacoustics.com\/ca\/wp-json\/wp\/v2\/pages"}],"about":[{"href":"https:\/\/www.dbplusacoustics.com\/ca\/wp-json\/wp\/v2\/types\/page"}],"author":[{"embeddable":true,"href":"https:\/\/www.dbplusacoustics.com\/ca\/wp-json\/wp\/v2\/users\/1"}],"replies":[{"embeddable":true,"href":"https:\/\/www.dbplusacoustics.com\/ca\/wp-json\/wp\/v2\/comments?post=2468"}],"version-history":[{"count":3,"href":"https:\/\/www.dbplusacoustics.com\/ca\/wp-json\/wp\/v2\/pages\/2468\/revisions"}],"predecessor-version":[{"id":2471,"href":"https:\/\/www.dbplusacoustics.com\/ca\/wp-json\/wp\/v2\/pages\/2468\/revisions\/2471"}],"wp:attachment":[{"href":"https:\/\/www.dbplusacoustics.com\/ca\/wp-json\/wp\/v2\/media?parent=2468"}],"curies":[{"name":"wp","href":"https:\/\/api.w.org\/{rel}","templated":true}]}}