{"id":2473,"date":"2013-10-03T14:41:41","date_gmt":"2013-10-03T14:41:41","guid":{"rendered":"http:\/\/www.dbplusacoustics.com\/insonorizacion-maquinaria-2\/"},"modified":"2014-11-24T09:01:01","modified_gmt":"2014-11-24T09:01:01","slug":"insonorizacion-maquinaria","status":"publish","type":"page","link":"https:\/\/www.dbplusacoustics.com\/ca\/insonorizacion-maquinaria\/","title":{"rendered":"Insonoritzaci\u00f3 maquin\u00e0ria"},"content":{"rendered":"<h2>Insonoritzaci\u00f3 de maquin\u00e0ria<\/h2>\n<p>En dBplus consultors ac\u00fastics som especialistes en tractaments de <strong> reducci\u00f3 de soroll de tot tipus de maquin\u00e0ria <\/strong>. Dissenyem solucions eficients de forma personalitzada per a cada client, com ara tancaments ac\u00fastics a mida, silenciadors de conducte aptes per a tot tipus de gasos i condicions atmosf\u00e8riques (temperatura i humitat), barreres ac\u00fastiques per evitar la propagaci\u00f3 del so a llarga dist\u00e0ncia o tractaments antivibratoris per qualsevol tipus de maquin\u00e0ria (ascensors, m\u00e0quines de clima, quadres electr\u00f2gens, etc.). Disposem d&#8217;un departament d&#8217;enginyeria que dissenya la soluci\u00f3 necess\u00e0ria mitjan\u00e7ant l&#8217;\u00fas de les eines de programari m\u00e9s avan\u00e7ades en el camp de l&#8217;ac\u00fastica, ajustant-se en tot moment als requeriments de cada client ia les particularitats del focus de soroll a tractar. Posteriorment, un equip d&#8217;instal\u00b7ladors altament qualificat realitza la instal\u00b7laci\u00f3, cuidant el m\u00ednim detall i adaptant-se a les necessitats de cada situaci\u00f3. Finalment, dBplus consultors ac\u00fastics realitza una certificaci\u00f3 final per garantir el compliment dels objectius preliminars. Consulti els nostres projectes per obtenir m\u00e9s informaci\u00f3:<\/p>\n<ul>\n<li> BARRERA AC\u00daSTICA F\u00c0BRICA COCA-COLA (FUENLABRADA, MADRID 2011)<br \/>\nDisseny i instal\u00b7laci\u00f3 de barrera ac\u00fastica de 10 metres d&#8217;altura per a reduccion de soroll d&#8217;immissi\u00f3 provocat per maquin\u00e0ria de trituraci\u00f3. <\/li>\n<li> TANCAMENT AC\u00daSTIC EDIFICI telef\u00f2nica (BARCELONA 2011)<br \/>\nDisseny i instal\u00b7laci\u00f3 integral de tancament ac\u00fastic de 250m2 per a equips de clima de l&#8217;edifici de Telef\u00f2nica a Barcelona, incloent portes ac\u00fastiques, silenciadors i tancament a base de panell ac\u00fastic. <\/li>\n<li> TANCAMENTS INDUSTRIALS F\u00c0BRICA COCA-COLA (MARTORELLES 2010)<br \/>\nDisseny i instal\u00b7laci\u00f3 integral de tancaments industrials a la nau de vidre de la f\u00e0brica de Coca-Cola a Martorelles per a la protecci\u00f3 del treballador enfront de l&#8217;exposici\u00f3 del soroll. <\/li>\n<\/ul>\n","protected":false},"excerpt":{"rendered":"<p>Insonoritzaci\u00f3 de maquin\u00e0ria En dBplus consultors ac\u00fastics som especialistes en tractaments de reducci\u00f3 de soroll de tot tipus de maquin\u00e0ria . Dissenyem solucions eficients de forma personalitzada per a cada client, com ara tancaments ac\u00fastics a mida, silenciadors de conducte aptes per a tot tipus de gasos i condicions atmosf\u00e8riques (temperatura i humitat), barreres ac\u00fastiques<\/p>\n","protected":false},"author":1,"featured_media":0,"parent":0,"menu_order":13,"comment_status":"closed","ping_status":"closed","template":"","meta":{"footnotes":""},"class_list":["post-2473","page","type-page","status-publish","hentry"],"_links":{"self":[{"href":"https:\/\/www.dbplusacoustics.com\/ca\/wp-json\/wp\/v2\/pages\/2473","targetHints":{"allow":["GET"]}}],"collection":[{"href":"https:\/\/www.dbplusacoustics.com\/ca\/wp-json\/wp\/v2\/pages"}],"about":[{"href":"https:\/\/www.dbplusacoustics.com\/ca\/wp-json\/wp\/v2\/types\/page"}],"author":[{"embeddable":true,"href":"https:\/\/www.dbplusacoustics.com\/ca\/wp-json\/wp\/v2\/users\/1"}],"replies":[{"embeddable":true,"href":"https:\/\/www.dbplusacoustics.com\/ca\/wp-json\/wp\/v2\/comments?post=2473"}],"version-history":[{"count":4,"href":"https:\/\/www.dbplusacoustics.com\/ca\/wp-json\/wp\/v2\/pages\/2473\/revisions"}],"predecessor-version":[{"id":2478,"href":"https:\/\/www.dbplusacoustics.com\/ca\/wp-json\/wp\/v2\/pages\/2473\/revisions\/2478"}],"wp:attachment":[{"href":"https:\/\/www.dbplusacoustics.com\/ca\/wp-json\/wp\/v2\/media?parent=2473"}],"curies":[{"name":"wp","href":"https:\/\/api.w.org\/{rel}","templated":true}]}}