{"id":2479,"date":"2013-10-03T14:40:47","date_gmt":"2013-10-03T14:40:47","guid":{"rendered":"http:\/\/www.dbplusacoustics.com\/aislamiento-acustico-barcelona-2\/"},"modified":"2017-11-04T19:12:27","modified_gmt":"2017-11-04T19:12:27","slug":"aillament-acustic","status":"publish","type":"page","link":"https:\/\/www.dbplusacoustics.com\/ca\/aillament-acustic\/","title":{"rendered":"A\u00efllament ac\u00fastic"},"content":{"rendered":"<h2>A\u00efllament ac\u00fastic<\/h2>\n<p>El <strong> a\u00efllament ac\u00fastic <\/strong> es refereix al conjunt de materials, t\u00e8cniques i tecnologies desenvolupades per a\u00efllar o atenuar el nivell sonor en un determinat espai, <a href=\"http:\/\/www.dbplusacoustics.com\/ca\/insonorizacion-barcelona\/\">insonoritzar<\/a>.<\/p>\n<h3>Instal\u00b7laci\u00f3 a\u00efllants termoac\u00fastics<\/h3>\n<p>A\u00efllar suposa impedir que un so penetri en un mitj\u00e0 o que surti d&#8217;ell. Per aix\u00f2, per a\u00efllar, s&#8217;usen tant materials absorbents, com materials a\u00efllants. En incidir l&#8217;ona ac\u00fastica sobre un element constructiu, una part de l&#8217;energia es reflecteix, una altra s&#8217;absorbeix i una altra es transmet a l&#8217;altre costat. L&#8217;a\u00efllament que ofereix l&#8217;element \u00e9s la difer\u00e8ncia entre l&#8217;energia incident i l&#8217;energia transmesa, \u00e9s a dir, equival a la suma de la part reflectida i la part absorbida. Hi ha diversos factors b\u00e0sics que intervenen en la consecuci\u00f3 d&#8217;un bon a\u00efllament ac\u00fastic:<\/p>\n<p>Factor m\u00e0ssic. L&#8217;a\u00efllament ac\u00fastic s&#8217;aconsegueix principalment per la massa dels elements constructius: a major massa, major resist\u00e8ncia oposa al xoc de l&#8217;ona sonora i major \u00e9s l&#8217;atenuaci\u00f3. Per aquesta ra\u00f3, no conv\u00e9 parlar d&#8217;a\u00efllants ac\u00fastics espec\u00edfics, ja que s\u00f3n els materials normals i no com passa amb l&#8217;a\u00efllament t\u00e8rmic.<\/p>\n<p>Factor multicapa. Quan es tracta d&#8217;elements constructius constitu\u00efts per diverses capes, una disposici\u00f3 adequada d&#8217;elles pot millorar l&#8217;a\u00efllament ac\u00fastic fins a nivells superiors als quals la suma de l&#8217;a\u00efllament individual de cada capa, pogu\u00e9s arribar. Cada element o capa t\u00e9 una freq\u00fc\u00e8ncia de resson\u00e0ncia que dep\u00e8n del material que el compon i del seu gruix. Si el so (o soroll) que arriba a l&#8217;element t\u00e9 aquesta freq\u00fc\u00e8ncia produir\u00e0 la resson\u00e0ncia i al vibrar l&#8217;element, produir\u00e0 so que se sumar\u00e0 al transm\u00e8s. Per aix\u00f2, si es disposen dues capes del mateix material i diferent espessor, i que per tant tindran diferent freq\u00fc\u00e8ncia de resson\u00e0ncia, la freq\u00fc\u00e8ncia que deixi passar en exc\u00e9s la primera capa, ser\u00e0 absorbida per la segona.<\/p>\n<p>Factor de dissipaci\u00f3. Tamb\u00e9 millora l&#8217;a\u00efllament si es disposa entre les dues capes un material absorbent. Aquests materials solen ser de poca densitat (30 kg \/ m3 &#8211; 70 kg \/ m3) i amb gran quantitat de porus i es col\u00b7loquen normalment perqu\u00e8 a m\u00e9s solen ser tamb\u00e9 bons a\u00efllants t\u00e8rmics. Aix\u00ed, un material absorbent col\u00b7locat en l&#8217;espai tancat entre dos envans paral\u00b7lels millora l&#8217;a\u00efllament que oferirien aquests envans per si sols. Un bon exemple de material absorbent \u00e9s la llana de roca, actualment el m\u00e9s utilitzat en aquest tipus de construccions.<\/p>\n<p>La reflexi\u00f3 del so pot atenuar tamb\u00e9 col\u00b7locant una capa de material absorbent en els paraments dels elements constructius, encara que aquestes t\u00e8cniques pertanyen m\u00e9s pr\u00f2piament a l&#8217;\u00e0mbit de l&#8217;ac\u00fastica.<\/p>\n<p>En dBplus proporcionem solucions eficaces per garantir entorns ac\u00fasticament confortables mitjan\u00e7ant l&#8217;obtenci\u00f3 de bons nivells d&#8217;a\u00efllament ac\u00fastic, aix\u00ed com de control de soroll i vibracions, factors imprescindibles per al correcte desenvolupament de qualsevol activitat dins d&#8217;un recinte.<\/p>\n<p>Tamb\u00e9 posem al seu abast els coneixements i les t\u00e8cniques necess\u00e0ries per definir de forma precisa el conjunt de solucions constructives encaminades a l&#8217;obtenci\u00f3 d&#8217;una correcta atenuaci\u00f3 de la transmissi\u00f3 de soroll i vibracions entre espais diferenciats, i reduir, per sota dels m\u00e0xims admissibles, els nivells d&#8217;immissi\u00f3 sonora en el recinte objecte d&#8217;estudi.<\/p>\n","protected":false},"excerpt":{"rendered":"<p>A\u00efllament ac\u00fastic El a\u00efllament ac\u00fastic es refereix al conjunt de materials, t\u00e8cniques i tecnologies desenvolupades per a\u00efllar o atenuar el nivell sonor en un determinat espai, insonoritzar. Instal\u00b7laci\u00f3 a\u00efllants termoac\u00fastics A\u00efllar suposa impedir que un so penetri en un mitj\u00e0 o que surti d&#8217;ell. Per aix\u00f2, per a\u00efllar, s&#8217;usen tant materials absorbents, com materials a\u00efllants.<\/p>\n","protected":false},"author":1,"featured_media":0,"parent":0,"menu_order":44,"comment_status":"closed","ping_status":"closed","template":"","meta":{"footnotes":""},"class_list":["post-2479","page","type-page","status-publish","hentry"],"_links":{"self":[{"href":"https:\/\/www.dbplusacoustics.com\/ca\/wp-json\/wp\/v2\/pages\/2479","targetHints":{"allow":["GET"]}}],"collection":[{"href":"https:\/\/www.dbplusacoustics.com\/ca\/wp-json\/wp\/v2\/pages"}],"about":[{"href":"https:\/\/www.dbplusacoustics.com\/ca\/wp-json\/wp\/v2\/types\/page"}],"author":[{"embeddable":true,"href":"https:\/\/www.dbplusacoustics.com\/ca\/wp-json\/wp\/v2\/users\/1"}],"replies":[{"embeddable":true,"href":"https:\/\/www.dbplusacoustics.com\/ca\/wp-json\/wp\/v2\/comments?post=2479"}],"version-history":[{"count":3,"href":"https:\/\/www.dbplusacoustics.com\/ca\/wp-json\/wp\/v2\/pages\/2479\/revisions"}],"predecessor-version":[{"id":3194,"href":"https:\/\/www.dbplusacoustics.com\/ca\/wp-json\/wp\/v2\/pages\/2479\/revisions\/3194"}],"wp:attachment":[{"href":"https:\/\/www.dbplusacoustics.com\/ca\/wp-json\/wp\/v2\/media?parent=2479"}],"curies":[{"name":"wp","href":"https:\/\/api.w.org\/{rel}","templated":true}]}}