{"id":3186,"date":"2015-10-23T09:52:41","date_gmt":"2015-10-23T09:52:41","guid":{"rendered":"http:\/\/www.dbplusacoustics.com\/?page_id=3186"},"modified":"2017-11-04T19:12:13","modified_gmt":"2017-11-04T19:12:13","slug":"projectes-impacte-acustic","status":"publish","type":"page","link":"https:\/\/www.dbplusacoustics.com\/ca\/projectes-impacte-acustic\/","title":{"rendered":"Projectes d&#8217;impacte ac\u00fastic"},"content":{"rendered":"<p>L&#8217;avaluaci\u00f3 de l&#8217;impacte ac\u00fastic d&#8217;una activitat o instal\u00b7laci\u00f3 industrial \u00e9s un requeriment obligatori per a l&#8217;obtenci\u00f3 de la llic\u00e8ncia de funcionament i l&#8217;aprovaci\u00f3 de l&#8217;autoritzaci\u00f3 ambiental. Mitjan\u00e7ant aquest tipus de projectes es determina la incid\u00e8ncia del soroll generat per una ind\u00fastria sobre els receptors sensibles al soroll m\u00e9s propers.<\/p>\n<div class=\"tabbable tabs_style1 tabs-vertical\">\n\t\t\t\t\t\t<ul class=\"nav \" id=\"custom-tabs-6\">\n\n\t<li class=\"active\">\n\t\t<a href=\"#side-tab475\" data-toggle=\"tab\">INDUSTRIA<\/a>\n\t<\/li>\n\n\n\t<li class=\"\">\n\t\t<a href=\"#side-tab845\" data-toggle=\"tab\">HOSTELERIA I RESTAURACI\u00d3<\/a>\n\t<\/li>\n\n\n\t<li class=\"\">\n\t\t<a href=\"#side-tab468\" data-toggle=\"tab\">EDIFICACI\u00d3<\/a>\n\t<\/li>\n\n\n\t<li class=\"\">\n\t\t<a href=\"#side-tab745\" data-toggle=\"tab\">ACTIVITATS<\/a>\n\t<\/li>\n\n<\/ul><div class=\"tab-content\"><div id=\"side-tab475\" class=\"tab-pane active\">\nCreaci\u00f3 de models de predicci\u00f3 de soroll per avaluar l&#8217;impacte ac\u00fastic d&#8217;una activitat industrial en els receptors m\u00e9s afectats. Disseny de solucions a mida per a tot tipus de maquin\u00e0ria i focus de soroll a tractar.<\/p>\n<p>Aquest tipus d&#8217;estudis tamb\u00e9 s\u00f3n de gran utilitat en la ind\u00fastria per a predir l&#8217;impacte futur provocat per qualsevol canvi o modificaci\u00f3 en el sistema de funcionament, obtenint un model de predicci\u00f3 actualitzable en funci\u00f3 dels requeriments del client. <\/div><div id=\"side-tab845\" class=\"tab-pane \">\nAdequaci\u00f3 d&#8217;hotels i restaurants a la normativa vigent. Disseny de solucions d&#8217;a\u00efllament ac\u00fastic per a garantir la no superaci\u00f3 dels nivells d&#8217;immissi\u00f3 en els ve\u00efns receptors m\u00e9s afectats.<\/p>\n<p>Reducci\u00f3 de la reverberaci\u00f3 en menjadors i estances aconseguint una intimitat ac\u00fastica i un clima de confort.<\/div><div id=\"side-tab468\" class=\"tab-pane \">\n<p>Estudi de soroll i vibracions causades per l&#8217;activitat de sales de calderes, bombes d&#8217;aigua, soroll procedent d&#8217;ascensors, etc.<\/div><div id=\"side-tab745\" class=\"tab-pane \">\nAdaptaci\u00f3 de qualsevol tipus d&#8217;activitat a les exig\u00e8ncies d&#8217;a\u00efllament ac\u00fastic establertes en la normativa d&#8217;aplicaci\u00f3: gimnasos, sales d&#8217;assaig, estudis de gravaci\u00f3, etc.<\/div><\/div><\/div>\n<p>dBplus consultors ac\u00fastics realitza les actuacions necess\u00e0ries per determinar l&#8217;impacte del soroll generat per una activitat industrial, partint de la caracteritzaci\u00f3 dels focus de soroll existents (basada en normatives ISO), determinant les caracter\u00edstiques de propagaci\u00f3 mitjan\u00e7ant l&#8217;\u00fas d&#8217;eines especialitzades, dissenyant les solucions espec\u00edfiques que requereixi la situaci\u00f3 i realitzant la certificaci\u00f3 final de compliment d&#8217;objectius d&#8217;acord a les normatives d&#8217;aplicaci\u00f3. Aquest tipus d&#8217;estudi tamb\u00e9 \u00e9s de gran utilitat per predir l&#8217;impacte futur provocat per qualsevol canvi o modificaci\u00f3 en el sistema de funcionament de la ind\u00fastria, obtenint un model de predicci\u00f3 actualitzable en funci\u00f3 dels requeriments del client.<\/p>\n<h4 class=\"lead\">dBplus consultors ac\u00fastics gestiona el projecte complet de forma integral, incloent els tr\u00e0mits administratius: Estalvi\u00ef temps i diners amb garantia total de resultats.<\/h4>\n","protected":false},"excerpt":{"rendered":"<p>L&#8217;avaluaci\u00f3 de l&#8217;impacte ac\u00fastic d&#8217;una activitat o instal\u00b7laci\u00f3 industrial \u00e9s un requeriment obligatori per a l&#8217;obtenci\u00f3 de la llic\u00e8ncia de funcionament i l&#8217;aprovaci\u00f3 de l&#8217;autoritzaci\u00f3 ambiental. Mitjan\u00e7ant aquest tipus de projectes es determina la incid\u00e8ncia del soroll generat per una ind\u00fastria sobre els receptors sensibles al soroll m\u00e9s propers. dBplus consultors ac\u00fastics realitza les actuacions<\/p>\n","protected":false},"author":1,"featured_media":0,"parent":0,"menu_order":25,"comment_status":"closed","ping_status":"open","template":"","meta":{"footnotes":""},"class_list":["post-3186","page","type-page","status-publish","hentry"],"_links":{"self":[{"href":"https:\/\/www.dbplusacoustics.com\/ca\/wp-json\/wp\/v2\/pages\/3186","targetHints":{"allow":["GET"]}}],"collection":[{"href":"https:\/\/www.dbplusacoustics.com\/ca\/wp-json\/wp\/v2\/pages"}],"about":[{"href":"https:\/\/www.dbplusacoustics.com\/ca\/wp-json\/wp\/v2\/types\/page"}],"author":[{"embeddable":true,"href":"https:\/\/www.dbplusacoustics.com\/ca\/wp-json\/wp\/v2\/users\/1"}],"replies":[{"embeddable":true,"href":"https:\/\/www.dbplusacoustics.com\/ca\/wp-json\/wp\/v2\/comments?post=3186"}],"version-history":[{"count":3,"href":"https:\/\/www.dbplusacoustics.com\/ca\/wp-json\/wp\/v2\/pages\/3186\/revisions"}],"predecessor-version":[{"id":3530,"href":"https:\/\/www.dbplusacoustics.com\/ca\/wp-json\/wp\/v2\/pages\/3186\/revisions\/3530"}],"wp:attachment":[{"href":"https:\/\/www.dbplusacoustics.com\/ca\/wp-json\/wp\/v2\/media?parent=3186"}],"curies":[{"name":"wp","href":"https:\/\/api.w.org\/{rel}","templated":true}]}}