{"id":4196,"date":"2018-03-13T11:30:09","date_gmt":"2018-03-13T11:30:09","guid":{"rendered":"https:\/\/www.dbplusacoustics.com\/?page_id=4196"},"modified":"2018-03-14T08:31:28","modified_gmt":"2018-03-14T08:31:28","slug":"informacio-legal-condicions-generals","status":"publish","type":"page","link":"https:\/\/www.dbplusacoustics.com\/ca\/informacio-legal-condicions-generals\/","title":{"rendered":"Informaci\u00f3 legal i condicions generals"},"content":{"rendered":"<h3><strong>Presentaci\u00f3 de www.dbplusacoustics.com.<\/strong><\/h3>\n<p>Propietat de DBPLUS ACOUSTIC ADVISORS S.L amb seu al Carrer Sant Joan de Malta, 145-147 Local 2, 08018 Barcelona. Telf.: 93.30.30.400 Inscrita en el Registre Mercantil de Barcelona Inscripci\u00f3 4\u00ba del Tom 39518, Foli 202, Fulla B 348774.<\/p>\n<p>www.dbplusacoustics.com<br \/>\nResponsable publicaci\u00f3 i webmaster: info@ del nostre domini dbplusacoustics.com<br \/>\nWeb allotjada en 1&amp;1.<\/p>\n<p><strong>Condicions generals d&#8217;\u00fas de la web.<\/strong><\/p>\n<p>En accedir al nostre lloc web i navegar per ell reconeix i accepta les condicions d&#8217;\u00fas de www.dbplusacoustics.com.<\/p>\n<p>Serveis web: tots els articles i serveis publicats en www.dbplusacoustics.com i www.dbplusacoustics.com\/blog\/, i en paral\u00b7lel a les xarxes socials de l&#8217;empresa (facebook, twitter, linkedin i google +) s\u00f3n de car\u00e0cter estrictament informatiu. La pol\u00edtica web de DBPLUSACOUSTICS se centra en la difusi\u00f3 de la seva know-how i de la seva activitat empresarial a altres empreses i entitats del mercat espanyol i europeu. La nostra activitat en web, aix\u00ed com la nostra activitat en xarxes socials no es dirigeixen a particulars.<\/p>\n<p>El nom de domini, disseny, estructura i continguts d&#8217;aquest lloc web s\u00f3n propietat exclusiva de DBPLUSACOUSTICS i no s&#8217;autoritza el seu \u00fas sense autoritzaci\u00f3 pr\u00e8via.<\/p>\n<p><strong>DBPLUSACOUSTICS no ofereix serveis de venda on-line.<\/strong><\/p>\n<p><strong>DBPLUSACOUSTICS no es responsabilitza dels continguts dels enlla\u00e7os associats a la seva p\u00e0gina web.<\/strong><\/p>\n<p><strong>Propietat del lloc www.dbplusacoustics.com, marca i dret d&#8217;autor<\/strong><\/p>\n<p>Dbplusacoustics i altres marques registrades en aquest lloc s\u00f3n marques comercials o marques de servei registrades per DBPLUSACOUSTICS. Tret que s&#8217;indiqui el contrari, tots els materials disponibles en el lloc web s\u00f3n propietat de DBPLUSACOUSTICS i subjectes a drets d&#8217;autor. DBPLUSACOUSTICS es reserva tots els drets de copyright i dret de la marca de qualsevol informaci\u00f3 publicada en el seu lloc, i far\u00e0 complir tals drets en la mesura que ho permeti la legislaci\u00f3. La publicaci\u00f3 de contingut en ww.dbplusacoustics.com no s&#8217;ha d&#8217;interpretar com una concessi\u00f3 de llic\u00e8ncia o dret a usar qualsevol imatge, disseny, marca o logotip. S&#8217;ha de fer una refer\u00e8ncia expl\u00edcita a DBPLUSACOUSTICS si la informaci\u00f3 es reprodueix, \u00edntegrament o en part, en qualsevol forma (impresa o electr\u00f2nica). Per tant, tots els continguts estan sotmesos a drets de propietat intel\u00b7lectual i industrial, i protegits per la legislaci\u00f3 nacional i internacional.<\/p>\n<p>S&#8217;autoritzen els enlla\u00e7os des d&#8217;altres p\u00e0gines a www.dbplusacoustics.com.<\/p>\n<p><strong>Garantia i responsabilitat<\/strong><\/p>\n<p>La informaci\u00f3 publicada en www.dbplusacoustics.com es lliura tal qual i sense responsabilitat inform\u00e0tica ni contractual per part de DBPLUSACOUSTICS. En cas d&#8217;errors en www.dbplusacoustics.com es corregiran els defectes detectats. DBPLUSACOUSTICS renuncia expressament a la seva responsabilitat en qualsevol resultat ali\u00e8 a la nostra empresa que s&#8217;obtingui a partir de l&#8217;\u00fas de www.dbplusacoustics.com incloent totes les garanties de comerciabilidad, no infracci\u00f3, idone\u00eftat per a un prop\u00f2sit comercial o rendiment empresarial o particular.<\/p>\n<p>L&#8217;usuari podr\u00e0 visualitzar els diferents continguts, imprimir-los i emmagatzemar-los sempre que sigui a t\u00edtol informatiu fent refer\u00e8ncia expl\u00edcita a DBPLUSACOUSTICS si s&#8217;usa per a distribuci\u00f3 i utilitzaci\u00f3 amb finalitats comercials, havent estat concedida la nostra autoritzaci\u00f3 pr\u00e8via i quedant prohibiu la seva modificaci\u00f3 o alteraci\u00f3.<\/p>\n<p>Els dominis www.dbplusacoustics.com, amb tots els subdominis associats, pertanyen a DBPLUS ACOUSTICS ADVISORS, S.L. NIF: B64501158 amb domicili a Barcelona, carrer Sant Joan de Malta 08018 Barcelona.<\/p>\n<p>Per favor, llegeixi les nostres Condicions de Seguretat i Privadesa de dades.<\/p>\n<h3><strong>Pol\u00edtica de privadesa de dades<\/strong><\/h3>\n<p><strong>Informaci\u00f3 recollida<\/strong><\/p>\n<p>DBPLUSACOUSTICS disposa d&#8217;un fitxer automatitzat de dades de car\u00e0cter personal facilitats volunt\u00e0riament pels usuaris a trav\u00e9s de formulari en la nostra web www.dbplusacoustics.com, d&#8217;acord amb l&#8217;establert en la Llei Org\u00e0nica 15\/1999, de 13 de desembre, de Protecci\u00f3 de Dades de Car\u00e0cter Personal (LOPD).<\/p>\n<p>DBPLUSACOUSTICS es compromet a preservar aquestes dades amb mesures de protecci\u00f3 i salvaguarda inform\u00e0tiques. Es compromet tamb\u00e9 a no cedir a terceres empreses les dades recollides via formulari.<\/p>\n<p>Les seves dades no seran cedits a tercers ni es destinaran a finalitats diferents d&#8217;aquells pels quals recaptin. DBPLUSACOUSTICS no utilitza les dades per a finalitats diferents dels esmentats anteriorment, i no revela a tercers la informaci\u00f3 personal de clients passats i presents. Es conserva la seva informaci\u00f3 personal mentre sigui necessari, de conformitat amb la legislaci\u00f3 aplicable en mat\u00e8ria de protecci\u00f3 de dades.<\/p>\n<p>Pot ser que recollim informaci\u00f3 sobre vost\u00e8 quan utilitza el nostre lloc web o al moment de sol\u00b7licitar informaci\u00f3 o en utilitzar altres serveis web oferts per DBPLUSACOUSTICS. En donar-se d&#8217;alta o sol\u00b7licitar informaci\u00f3 via formulari, se li demanar\u00e0 algunes dades personals com a Nom, Email, Motiu de la seva sol\u00b7licitud, Tel\u00e8fon.<\/p>\n<p>Utilitzem aquesta informaci\u00f3 personal per verificar la seva identitat i la seva capacitat de rebre certa informaci\u00f3, per oferir-li informaci\u00f3 personalitzada i d&#8217;inter\u00e8s per a vost\u00e8 i per respondre a les seves consultes.<\/p>\n<p>En compliment del que es disposa en la Llei Org\u00e0nica 15\/1999, del 13 de desembre, de Protecci\u00f3 de Dades de Car\u00e0cter Personal (LOPD), li informem tamb\u00e9 que totes les dades que ens proporciona, per qualsevol mitj\u00e0, a trav\u00e9s del nostre formulari de contacte i de registre com a usuari seran inclosos en un fitxer denominat \u201cPROJECTESCONTACTESWEB\u201d que el seu titular i responsable \u00e9s DBPLUSACOUSTICS i seran tractats amb m\u00e0xima confidencialitat. Limitem l&#8217;acc\u00e9s a aquesta informaci\u00f3 nom\u00e9s als empleats que necessiten con\u00e8ixer-los per proporcionar informaci\u00f3 relacionada amb la seva sol\u00b7licitud.<\/p>\n<p>Estem compromesos a assegurar que la seva informaci\u00f3 est\u00e0 segura. Amb la finalitat d&#8217;evitar l&#8217;acc\u00e9s no autoritzat o divulgaci\u00f3, hem engegat procediments f\u00edsics, electr\u00f2nics i administratius per salvaguardar i assegurar la informaci\u00f3 que recopilem en l\u00ednia. Mantenim mesures de seguretat f\u00edsiques, electr\u00f2niques i de procediment per protegir la seva informaci\u00f3 personal (incloent tallafocs, xifrat i contrasenyes personals amb una tecnologia d&#8217;autenticaci\u00f3).<\/p>\n<p>Pot exercitar els drets d&#8217;acc\u00e9s, rectificaci\u00f3, cancel\u00b7laci\u00f3 i oposici\u00f3 a NO rebre missatges de www.dbplusacoustics.com, aix\u00ed com revocar el consentiment atorgat realitzant la sol\u00b7licitud davant el responsable del fitxer. Per manifestar la seva oposici\u00f3 a rebre els nostres comunicats pot enviar-nos un correu electr\u00f2nic en l&#8217;adre\u00e7a info@ del nostre domini dbplusacoustics.com amb l&#8217;assumpte \u201cDonar de baixa dades\u201d.<\/p>\n<p><strong>Seguretat en les transfer\u00e8ncies de dades<\/strong><\/p>\n<p>Recordi que les dades transmeses a trav\u00e9s d&#8217;una xarxa oberta tal com Internet o el correu electr\u00f2nic, poden ser accessibles de manera il\u00b7legal per part de tercers sense el seu consentiment. DBPLUSACOUSTICS no pot garantir la privadesa de les comunicacions i la informaci\u00f3 quan es transmeten en xarxes obertes. No s&#8217;assumeix cap responsabilitat per p\u00e8rdues directes o indirectes en la seguretat de les seves dades durant la transfer\u00e8ncia a trav\u00e9s d&#8217;Internet. Li convidem a utilitzar altres mitjans de comunicaci\u00f3 amb DBPLUSACOUSTICS si ho prefereix o si \u00e9s necessari per raons de seguretat.<\/p>\n<h3>\u00das de cookies<\/h3>\n<p><strong>Cookies en www.dbplusacoustics.com<\/strong><\/p>\n<p>Les cookies s\u00f3n essencials per al funcionament d&#8217;internet a l&#8217;hora de facilitar la navegaci\u00f3 i usabilidad de la nostra web.<\/p>\n<p>La navegaci\u00f3 en www.dbplusacoustics.com pot causar la instal\u00b7laci\u00f3 de cookies (s) en el seu ordinador. Els arxius cookie no permeten la identificaci\u00f3 de l&#8217;usuari, per\u00f2 registren la informaci\u00f3 sobre la navegaci\u00f3 d&#8217;un ordinador en un lloc web. Les dades obtingudes estan destinats a facilitar la navegaci\u00f3 posterior en el lloc, i tamb\u00e9 permeten diverses mesures d&#8217;assist\u00e8ncia.<\/p>\n<p>DBPLUSACOUSTICS utilitza cookies per a finalitats estad\u00edstiques i per millorar l&#8217;experi\u00e8ncia de l&#8217;usuari. Una de les cookies que utilitzem \u00e9s essencial per al funcionament de les parts del lloc i ja s&#8217;ha aplicat. Aquest lloc no funciona sense les cookies. En l&#8217;\u00fas d&#8217;aquest lloc web vost\u00e8 accepta l&#8217;\u00fas de cookies per a aquesta fi.<\/p>\n<p>Les cookies de tercers s\u00f3n les cookies que pertanyen a un altre lloc web que no \u00e9s www.dbplusacoustics.com. Per exemple el bot\u00f3 de seguir dbplusacoustics en google+ que instal\u00b7li una cookie que google+ pot llegir. Aix\u00f2 \u00e9s el que es considera una cookie de tercers. DBPLUSACOUSTICS usa cookies de google analytics per con\u00e8ixer quants visitants rebem en una p\u00e0gina, freq\u00fc\u00e8ncia de visita, prefer\u00e8ncies de cerca dels usuaris, idiomes i proced\u00e8ncies, etc. Aquesta informaci\u00f3 ens ajuda a millorar l&#8217;estructura i funcionalitats de la nostra p\u00e0gina web.<\/p>\n<p><strong>Cookies pr\u00f2pies<\/strong><\/p>\n<p>Des del nostre servidor i dominis. Normalment s\u00f3n cookies temporals o de sessi\u00f3 que romanen en mem\u00f2ria del navegador fins a aband\u00f3 de la navegaci\u00f3 a la nostra web. La informaci\u00f3 obtinguda serveix per analitzar tr\u00e0fic web. No es guarden dades personals d&#8217;usuaris excepte registre voluntari.<\/p>\n<p><strong>Cookies de tercers<\/strong><\/p>\n<p>Les rep el seu ordinador per no s\u00f3n gestionades per nosaltres, sin\u00f3 per una altra entitat col\u00b7laboradora com facebook, google, etc. No es guarden dades personals, a excepci\u00f3 de l&#8217;adre\u00e7a IP (estad\u00edstiques de google principalment).<\/p>\n<p>Si ho desitja pot deshabilitar les cookies de tercers en el seu navegador.<\/p>\n<p><strong>Eliminar les cookies<\/strong><\/p>\n<p>Vost\u00e8 pot rebutjar les cookies (i l&#8217;\u00fas d&#8217;aquest lloc web) a qualsevol moment mitjan\u00e7ant la supressi\u00f3 de les cookies provinents de www.dbplusacoustics.com. Pot fer-ho a trav\u00e9s de la configuraci\u00f3 del seu navegador, on nom\u00e9s ha de llevar totes les cookies.<\/p>\n<p>Pot ser que utilitzem cookies en aquestes parts del lloc per recollir informaci\u00f3 d&#8217;\u00fas i facilitar el seu moviment en el lloc (p. ex. L&#8217;emmagatzematge de contrasenyes durant una sessi\u00f3 i l&#8217;idioma seleccionat). Tamb\u00e9 podem recopilar informaci\u00f3 sobre vost\u00e8 de les aplicacions, els formularis o q\u00fcestionaris per completar la seva relaci\u00f3 de client amb nosaltres.<\/p>\n","protected":false},"excerpt":{"rendered":"<p>Presentaci\u00f3 de www.dbplusacoustics.com. Propietat de DBPLUS ACOUSTIC ADVISORS S.L amb seu al Carrer Sant Joan de Malta, 145-147 Local 2, 08018 Barcelona. Telf.: 93.30.30.400 Inscrita en el Registre Mercantil de Barcelona Inscripci\u00f3 4\u00ba del Tom 39518, Foli 202, Fulla B 348774. www.dbplusacoustics.com Responsable publicaci\u00f3 i webmaster: info@ del nostre domini dbplusacoustics.com Web allotjada en 1&amp;1.<\/p>\n","protected":false},"author":1,"featured_media":0,"parent":0,"menu_order":0,"comment_status":"closed","ping_status":"closed","template":"","meta":{"footnotes":""},"class_list":["post-4196","page","type-page","status-publish","hentry"],"_links":{"self":[{"href":"https:\/\/www.dbplusacoustics.com\/ca\/wp-json\/wp\/v2\/pages\/4196","targetHints":{"allow":["GET"]}}],"collection":[{"href":"https:\/\/www.dbplusacoustics.com\/ca\/wp-json\/wp\/v2\/pages"}],"about":[{"href":"https:\/\/www.dbplusacoustics.com\/ca\/wp-json\/wp\/v2\/types\/page"}],"author":[{"embeddable":true,"href":"https:\/\/www.dbplusacoustics.com\/ca\/wp-json\/wp\/v2\/users\/1"}],"replies":[{"embeddable":true,"href":"https:\/\/www.dbplusacoustics.com\/ca\/wp-json\/wp\/v2\/comments?post=4196"}],"version-history":[{"count":2,"href":"https:\/\/www.dbplusacoustics.com\/ca\/wp-json\/wp\/v2\/pages\/4196\/revisions"}],"predecessor-version":[{"id":4210,"href":"https:\/\/www.dbplusacoustics.com\/ca\/wp-json\/wp\/v2\/pages\/4196\/revisions\/4210"}],"wp:attachment":[{"href":"https:\/\/www.dbplusacoustics.com\/ca\/wp-json\/wp\/v2\/media?parent=4196"}],"curies":[{"name":"wp","href":"https:\/\/api.w.org\/{rel}","templated":true}]}}