{"id":2540,"date":"2013-09-18T10:55:45","date_gmt":"2013-09-18T10:55:45","guid":{"rendered":"http:\/\/www.dbplusacoustics.com\/servicios-acustica\/mediciones-de-ruido-y-vibraciones\/"},"modified":"2017-11-04T19:12:28","modified_gmt":"2017-11-04T19:12:28","slug":"noise-and-vibration-measurement","status":"publish","type":"page","link":"https:\/\/www.dbplusacoustics.com\/en\/noise-and-vibration-measurement\/","title":{"rendered":"Noise and vibration measurement"},"content":{"rendered":"<h4 class=\"m_title lead\"><strong>dBplus acoustic consultants<\/strong> have the most up-to-date sound measurement technology available on the market, guaranteeing the reliability and quality of the tests we carry out. dBplus take noise and vibration measurements according to the client\u2019s needs:<\/h4>\n<p>Sound insulation to ensure noise and vibration immissions conform to standards and regulations, assessment of the parameters of sound quality in a room, verification of compliance with CTE (El C\u00f3digo T\u00e9cnico de la Edificaci\u00f3n, Technical Code for Building Construction), measurement of noise in the workplace and noise and vibration transmissions via solid state mediums.<\/p>\n<p>&nbsp;<\/p>\n<p>All of our measurement equipment complies with current legislation, periodic tests and criteria set by the Spanish Ministerial Order, dated 16th December 1998 from the Ministerio de Fomento<br \/>\n(BOE. 311 of 29\/12\/1998) and the Order dated 30th June 1999 from the Departamento de Industria, Comercio y Turismo (DOGC 2928 of 12\/07\/1999).<\/p>\n<h3 class=\"m_title\"><\/h3>\n<p>&nbsp;<\/p>\n<p>&nbsp;<\/p>\n<p>&nbsp;<\/p>\n<p>&nbsp;<\/p>\n<p>&nbsp;<\/p>\n","protected":false},"excerpt":{"rendered":"<p>dBplus acoustic consultants have the most up-to-date sound measurement technology available on the market, guaranteeing the reliability and quality of the tests we carry out. dBplus take noise and vibration measurements according to the client\u2019s needs: Sound insulation to ensure noise and vibration immissions conform to standards and regulations, assessment of the parameters of sound<\/p>\n","protected":false},"author":1,"featured_media":0,"parent":0,"menu_order":46,"comment_status":"closed","ping_status":"closed","template":"","meta":{"footnotes":""},"class_list":["post-2540","page","type-page","status-publish","hentry"],"_links":{"self":[{"href":"https:\/\/www.dbplusacoustics.com\/en\/wp-json\/wp\/v2\/pages\/2540","targetHints":{"allow":["GET"]}}],"collection":[{"href":"https:\/\/www.dbplusacoustics.com\/en\/wp-json\/wp\/v2\/pages"}],"about":[{"href":"https:\/\/www.dbplusacoustics.com\/en\/wp-json\/wp\/v2\/types\/page"}],"author":[{"embeddable":true,"href":"https:\/\/www.dbplusacoustics.com\/en\/wp-json\/wp\/v2\/users\/1"}],"replies":[{"embeddable":true,"href":"https:\/\/www.dbplusacoustics.com\/en\/wp-json\/wp\/v2\/comments?post=2540"}],"version-history":[{"count":3,"href":"https:\/\/www.dbplusacoustics.com\/en\/wp-json\/wp\/v2\/pages\/2540\/revisions"}],"predecessor-version":[{"id":4079,"href":"https:\/\/www.dbplusacoustics.com\/en\/wp-json\/wp\/v2\/pages\/2540\/revisions\/4079"}],"wp:attachment":[{"href":"https:\/\/www.dbplusacoustics.com\/en\/wp-json\/wp\/v2\/media?parent=2540"}],"curies":[{"name":"wp","href":"https:\/\/api.w.org\/{rel}","templated":true}]}}