{"id":2542,"date":"2014-04-09T10:29:57","date_gmt":"2014-04-09T10:29:57","guid":{"rendered":"http:\/\/www.dbplusacoustics.com\/servicios-acustica\/mediciones-de-ruido-y-vibraciones\/medida-del-aislamiento-acustico\/"},"modified":"2015-10-28T09:11:36","modified_gmt":"2015-10-28T09:11:36","slug":"medida-del-aislamiento-acustico","status":"publish","type":"page","link":"https:\/\/www.dbplusacoustics.com\/en\/medida-del-aislamiento-acustico\/","title":{"rendered":"Measurement of sound insulation"},"content":{"rendered":"<p>In room acoustics one of the most important factors is sound insulation, which is defined by the capacity of the material to resist vibration produced by the noise emitted in that space. Before designing any given solution, we assess the effectiveness of the current sound insulation of the wall, ceiling or floor. In doing so, we are able to optimise the design and reduce the necessary investment in order to meet the set objectives.<\/p>\n<p>&nbsp;<\/p>\n<p>Nowadays, almost all standards and regulations relating to noise pollution require a minimum level of airborne and impact sound insulation between premises and covered areas including building fa\u00e7ades. Equally, the CTE\u2019s Documento B\u00e1sico contra el Ruido (Basic Document regarding Noise Protection) also requires a minimum level of insulation between two spaces that make up a building. The assessment of the required insulation should always be carried out using on-site measurements.<\/p>\n<p>&nbsp;<\/p>\n<p><strong>dBplus acoustic consultants<\/strong> take the necessary measurements of airborne and impact sound insulation in order to guarantee compliance with current standards and regulations as well as providing acoustically pleasing environments: crucial factors to ensure the smooth running of any business activity within the premises. All insulation measurements carried out by dBplus comply with the established National and International regulations defined in the UNE EN ISO 140.<\/p>\n<div class=\"zn_accordion--shortcode acc--default-style panel-group \"><div class=\"acc-group \"><button data-toggle=\"collapse\" data-target=\"#acc69f8a731e545a\" class=\"acc-tgg-button text-custom collapsed \"><b>o Sound insulation of airborne noise between premises<\/b><span class=\"acc-icon\"><\/span><\/button><div id=\"acc69f8a731e545a\" class=\"acc-panel-collapse collapse \"><div class=\"acc-content\">\n<p>Noise transmission via a separating element between two premises occurs via the separating element itself (direct path) and other elements that make up the premises<br \/>\ni.e. the walls, ceilings or shared floors (indirect paths). The contribution of all of these paths defines the final level of insulation required between two spaces. The best way to define the true level of insulation in a separating element is via measurements that take into consideration all existing transmission paths.<\/p>\n<p>&nbsp;<\/p>\n<p><strong>dBplus<\/strong> carry out the measurement of airborne sound insulation between premises following the highest quality standards as specified by UNE EN ISO 140-4, Acoustics. Measurement of sound insulation in buildings and building elements. Part 4: On-site measurement of airborne sound insulation between premises. The assessment of the measurement results is carried out according to the UNE EN ISO 717-1 standard, &#8220;Assessment of airborne sound insulation in buildings and building elements&#8221;.<\/p>\n<p>&nbsp;<\/p>\n<p>By means of measurements of airborne sound insulation between premises, dBplus offer the possibility of on-site assessment of compliance with State, Regional and Municipal requirements; the results of which is the best solution design with minimum financial investment.<\/p>\n<\/div><!-- \/.acc-content --><\/div> <\/div><!-- end \/.acc-group --> <\/div><!-- end \/.acc--style -->\n<div class=\"zn_accordion--shortcode acc--default-style panel-group \"><div class=\"acc-group \"><button data-toggle=\"collapse\" data-target=\"#acc69f8a731e5479\" class=\"acc-tgg-button text-custom collapsed \"><b>Sound insulation of airborne noise in building fa\u00e7ades<\/b><span class=\"acc-icon\"><\/span><\/button><div id=\"acc69f8a731e5479\" class=\"acc-panel-collapse collapse \"><div class=\"acc-content\">\n<p>&nbsp;<\/p>\n<p>The predominant source of noise in an urban environment is traffic, the likes of which largely depends on the type of road, density of traffic and positioning of the buildings, amongst other factors. For this reason, the majority of environmental noise standards and regulations, as well as the C\u00f3digo T\u00e9cnico de la Edificaci\u00f3n, require a minimum level of airborne sound insulation for the fa\u00e7ade which varies according to noise levels from the road on which it is situated.<\/p>\n<p>&nbsp;<\/p>\n<p>Airborne sound insulation of a building\u2019s fa\u00e7ade essentially depends on the elements from which it is made up e.g. windows, doors and roller shutter encasements. The best way to determine the actual insulation level of a separating element is via measurements, thus taking all existing transmission paths into consideration.<\/p>\n<p>&nbsp;<\/p>\n<p><strong>dBplus<\/strong> carry out measurements of airborne sound insulation between premises following the highest quality standards as specified by UNE EN ISO 140-5, Acoustics. Measurement of sound insulation in buildings and building elements. Part 5: On-site measurement of airborne sound insulation in building fa\u00e7ades. (ISO 140-5:1998). The assessment of the measurement results is carried out according to the UNE EN ISO 717-1 standards, &#8220;Assessment of airborne sound insulation in buildings and building elements&#8221;.<\/p>\n<p>&nbsp;<\/p>\n<p>By means of measurements of airborne sound insulation of building fa\u00e7ades, dBplus offer the possibility of on-site assessment of compliance with State, Regional and Municipal requirements; the results of which allow for the best solution design in order to achieve the maximum level of comfort indoors.<\/p>\n<\/div><!-- \/.acc-content --><\/div> <\/div><!-- end \/.acc-group --> <\/div><!-- end \/.acc--style -->\n<div class=\"zn_accordion--shortcode acc--default-style panel-group \"><div class=\"acc-group \"><button data-toggle=\"collapse\" data-target=\"#acc69f8a731e5489\" class=\"acc-tgg-button text-custom collapsed \"><b>Impact sound insulation<\/b><span class=\"acc-icon\"><\/span><\/button><div id=\"acc69f8a731e5489\" class=\"acc-panel-collapse collapse \"><div class=\"acc-content\">\n<p>&nbsp;<\/p>\n<p>Impact noise can best be described as noise resulting from the direct impact of an object on a building element which could be, for example, a ceiling, wall or floor. This impact generates vibrations which quickly propagate through the whole structure with little loss of energy, generating a level of sound pressure in that space which we perceive as noise. This noise transmission, generally caused by footsteps, objects falling or movement of furniture, mainly affects the premises situated immediately beneath or adjacent; for this reason the measurements are taken on the floor of the receiving rooms.<\/p>\n<p>&nbsp;<\/p>\n<p><strong>dBplus<\/strong> carry out the measurement of impact sound insulation of the separating element between two adjacent premises following the established procedures defined in<br \/>\nUNE EN ISO 140-7, &#8220;Acoustics. Measurement of sound insulation in buildings and building elements. Part 7: On-site measurement of sound insulation for impact noise on floors. (ISO 140-7:1998)&#8221;. The assessment of the measurement results is carried out according to the standard UNE EN ISO 717-2, &#8220;Acoustics. Assessment of sound insulation in buildings and building elements. Part 2: Impact sound insulation. (ISO 717-2:1996)&#8221;.<\/p>\n<p>&nbsp;<\/p>\n<p>By means of impact noise insulation measurements between premisses, dBplus offer the possibility of on-site assessment of compliance with State, Regional and Municipal requirements; the results of which are optimal solutions that provide the maximum level of comfort indoors.<\/p>\n<\/div><!-- \/.acc-content --><\/div> <\/div><!-- end \/.acc-group --> <\/div><!-- end \/.acc--style -->\n<div class=\"zn_accordion--shortcode acc--default-style panel-group \"><div class=\"acc-group \"><button data-toggle=\"collapse\" data-target=\"#acc69f8a731e5496\" class=\"acc-tgg-button text-custom collapsed \"><b>Compliance with the CTE DB-HR<\/b><span class=\"acc-icon\"><\/span><\/button><div id=\"acc69f8a731e5496\" class=\"acc-panel-collapse collapse \"><div class=\"acc-content\">\n<p>&nbsp;<\/p>\n<p>El C\u00f3digo T\u00e9cnico de la Edificaci\u00f3n (CTE) is the primary set of standards used to regulate the construction of buildings in Spain since 2006. They establish the basic safety and habitability requirements in construction and play an important part in all phases of the project including construction, maintenance and conservation.<\/p>\n<p>The basic noise protection requirements that buildings must comply with are established in the Documento B\u00e1sico de Protecci\u00f3n Frente al Ruido DB-HR (Basic Document regarding Noise Protection). The purpose of which defines the minimisation of risk from noise disturbance and illnesses derived from noise exposure.<\/p>\n<p>This document also defines the minimum requirements a building must have in order for its elements to have the appropriate characteristics to reduce airborne and impact noise transmission and limit the reverberation time in a premises according to its purpose. These minimum requirements must always be assessed using the appropriate measurements.<\/p>\n<p><strong>dBplus<\/strong> carry out the measurement of airborne and impact sound insulation as well as reverberation time according to the requirements established by the CTE DB-HR, thereby always ensuring that the project complies with these requirements.<\/p>\n<\/div><!-- \/.acc-content --><\/div> <\/div><!-- end \/.acc-group --> <\/div><!-- end \/.acc--style -->\n","protected":false},"excerpt":{"rendered":"<p>In room acoustics one of the most important factors is sound insulation, which is defined by the capacity of the material to resist vibration produced by the noise emitted in that space. Before designing any given solution, we assess the effectiveness of the current sound insulation of the wall, ceiling or floor. In doing so,<\/p>\n","protected":false},"author":1,"featured_media":0,"parent":0,"menu_order":27,"comment_status":"closed","ping_status":"open","template":"","meta":{"footnotes":""},"class_list":["post-2542","page","type-page","status-publish","hentry"],"_links":{"self":[{"href":"https:\/\/www.dbplusacoustics.com\/en\/wp-json\/wp\/v2\/pages\/2542","targetHints":{"allow":["GET"]}}],"collection":[{"href":"https:\/\/www.dbplusacoustics.com\/en\/wp-json\/wp\/v2\/pages"}],"about":[{"href":"https:\/\/www.dbplusacoustics.com\/en\/wp-json\/wp\/v2\/types\/page"}],"author":[{"embeddable":true,"href":"https:\/\/www.dbplusacoustics.com\/en\/wp-json\/wp\/v2\/users\/1"}],"replies":[{"embeddable":true,"href":"https:\/\/www.dbplusacoustics.com\/en\/wp-json\/wp\/v2\/comments?post=2542"}],"version-history":[{"count":3,"href":"https:\/\/www.dbplusacoustics.com\/en\/wp-json\/wp\/v2\/pages\/2542\/revisions"}],"predecessor-version":[{"id":3285,"href":"https:\/\/www.dbplusacoustics.com\/en\/wp-json\/wp\/v2\/pages\/2542\/revisions\/3285"}],"wp:attachment":[{"href":"https:\/\/www.dbplusacoustics.com\/en\/wp-json\/wp\/v2\/media?parent=2542"}],"curies":[{"name":"wp","href":"https:\/\/api.w.org\/{rel}","templated":true}]}}